{"id":116,"date":"2022-11-01T13:00:43","date_gmt":"2022-11-01T13:00:43","guid":{"rendered":"https:\/\/demo.fishven.com\/?page_id=116"},"modified":"2024-09-02T13:18:26","modified_gmt":"2024-09-02T13:18:26","slug":"sobre-nosotros","status":"publish","type":"page","link":"http:\/\/www.fishven.com\/es\/sobre-nosotros\/","title":{"rendered":"Sobre nosotros"},"content":{"rendered":"<section class=\"u-clearfix u-image u-shading u-section-2\" id=\"sec-7979\" data-image-width=\"1280\" data-image-height=\"853\" style=\"background-image: linear-gradient(0deg, rgba(0, 0, 0, 0.4), rgba(0, 0, 0, 0.4)), url(&quot;http:\/\/www.fishven.com\/wp-content\/uploads\/2022\/11\/57e5d6464852ad14f6da8c7dda79367d1d38d6ed5b586c4870287cd0934cc45dbb_1280.jpg&quot;);\">\n      <div class=\"u-clearfix u-sheet u-sheet-1\">\n        <h2 class=\"u-custom-font u-font-playfair-display u-text u-text-body-alt-color u-text-1\">Queremos redise\u00f1ar la gesti\u00f3n de la pesca y las aguas interiores con un seguimiento eficaz y una integraci\u00f3n de datos completa.<\/h2>\n      <\/div>\n    <\/section>\n    <section class=\"u-clearfix u-image u-image-tiles u-section-3\" id=\"sec-3457\" data-image-width=\"1024\" data-image-height=\"576\" style=\"background-image: url(&quot;http:\/\/www.fishven.com\/wp-content\/uploads\/2022\/11\/backgroundfishvensmall.png&quot;);\">\n      <div class=\"data-layout-selected u-clearfix u-layout-wrap u-layout-wrap-1\">\n        <div class=\"u-layout\">\n          <div class=\"u-layout-row\">\n            <div class=\"u-container-style u-layout-cell u-palette-1-dark-2 u-size-30 u-layout-cell-1\">\n              <div class=\"u-container-layout u-container-layout-1\">\n                <h2 class=\"u-text u-text-default u-text-1\">Nuestros valores<\/h2>\n                <p class=\"u-text u-text-default u-text-2\">\n                  <span style=\"font-size: 1.125rem; font-weight: 700;\">La sostenibilidad es\nLa vida.&nbsp;<\/span>\n                  <br>Consideramos que la biodiversidad a trav\u00e9s de la gesti\u00f3n sostenible de los peces y el agua es una responsabilidad para la sociedad. Hacemos nuestra contribuci\u00f3n activa.&nbsp; &nbsp;<br>\n                  <br>\n                  <span style=\"font-weight: 700; font-size: 1.125rem;\">Un aut\u00e9ntico \"nosotros\".&nbsp;<\/span>\n                  <br>Vemos el mejor rendimiento y la motivaci\u00f3n en armon\u00eda. Creamos un entorno de trabajo en el que empleados, clientes y socios se sienten c\u00f3modos.&nbsp; &nbsp;<br>\n                  <br>\n                  <span style=\"font-size: 1.125rem; font-weight: 700;\">Juntos significa el uno para el otro.<\/span>&nbsp;<br> La equidad, la integridad, el respeto, la compasi\u00f3n y una humildad segura de s\u00ed misma son nuestra actitud b\u00e1sica. Hacemos lo que es importante y correcto.<br>&nbsp; &nbsp;<br>\n                  <span style=\"font-weight: 700; font-size: 1.125rem;\">Probamos la innovaci\u00f3n.&nbsp;<\/span>\n                  <br> Vemos los retos como oportunidades. Con pasi\u00f3n, atenci\u00f3n y coraje, trabajamos con imaginaci\u00f3n y decisi\u00f3n.\n                <\/p>\n              <\/div>\n            <\/div>\n            <div class=\"u-align-right u-container-align-right u-container-style u-layout-cell u-size-30 u-layout-cell-2\">\n              <div class=\"u-container-layout u-container-layout-2\">\n                <div class=\"u-align-right u-border-4 u-border-palette-3-base u-container-align-center-sm u-container-align-center-xs u-container-align-right u-container-style u-group u-shape-rectangle u-group-1\">\n                  <div class=\"u-container-layout u-container-layout-3\">\n                    <h2 class=\"u-align-center-sm u-align-center-xs u-text u-text-default u-text-palette-3-dark-1 u-text-3\">Nuestro coraz\u00f3n<\/h2>\n                    <p class=\"u-align-center-sm u-align-center-xs u-large-text u-text u-text-palette-3-dark-1 u-text-variant u-text-4\"> Las relaciones son importantes para nosotros y nos vemos como empresarios que defienden y acompa\u00f1an a otros en una responsabilidad social y ecol\u00f3gica. Tenemos una mentalidad moderna, sostenible y cosmopolita.  Llevamos nuestros valores corporativos en el coraz\u00f3n <\/p>\n                  <\/div>\n                <\/div>\n              <\/div>\n            <\/div>\n          <\/div>\n        <\/div>\n      <\/div>\n    <\/section>\n    <section class=\"u-clearfix u-custom-typography u-image u-image-tiles u-section-4\" id=\"sec-480d\" data-image-width=\"1024\" data-image-height=\"576\" style=\"background-image: url(&quot;http:\/\/www.fishven.com\/wp-content\/uploads\/2022\/11\/backgroundfishvensmall.png&quot;);\">\n      <div class=\"u-clearfix u-sheet u-sheet-1\">\n        <div class=\"u-border-1 u-border-grey-dark-1 u-line u-line-horizontal u-line-1\" data-animation-name=\"customAnimationIn\" data-animation-duration=\"2000\" data-animation-delay=\"250\" data-animation-out=\"0\"><\/div>\n        <h1 class=\"u-align-left u-text u-text-default u-text-grey-75 u-text-1\" data-animation-out=\"0\">Un equipo para la sostenibilidad<\/h1>\n        <div class=\"u-expanded-width u-list u-list-1\">\n          <div class=\"u-repeater u-repeater-1\">\n            <div class=\"u-align-center u-container-align-center u-container-style u-list-item u-repeater-item u-list-item-1\" data-animation-out=\"0\">\n              <div class=\"u-container-layout u-similar-container u-valign-top u-container-layout-1\">\n                <div alt=\"\" class=\"u-align-center u-image u-image-circle u-preserve-proportions u-image-1\" src=\"\" data-image-width=\"420\" data-image-height=\"415\" style=\"background-image: url(&quot;http:\/\/www.fishven.com\/wp-content\/uploads\/2022\/11\/mario_baumgartner_420x415.jpg&quot;);\"><\/div>\n                <h5 class=\"u-text u-text-2\">Mario Baumgartner<\/h5>\n                <p class=\"u-text u-text-3\">Director General<\/p>\n              <\/div>\n            <\/div>\n            <div class=\"u-align-center u-container-align-center u-container-style u-list-item u-repeater-item u-list-item-2\" data-animation-out=\"0\">\n              <div class=\"u-container-layout u-similar-container u-valign-top u-container-layout-2\">\n                <div alt=\"\" class=\"u-align-center u-image u-image-circle u-preserve-proportions u-image-2\" src=\"\" data-image-width=\"800\" data-image-height=\"800\" style=\"background-image: url(&quot;http:\/\/www.fishven.com\/wp-content\/uploads\/2022\/11\/christianniedermeier.jpg&quot;);\"><\/div>\n                <h5 class=\"u-text u-text-4\">Christian Niedermeier<\/h5>\n                <p class=\"u-text u-text-5\">Jefe de Finanzas<\/p>\n              <\/div>\n            <\/div>\n            <div class=\"u-align-center u-container-align-center u-container-style u-list-item u-repeater-item u-list-item-3\">\n              <div class=\"u-container-layout u-similar-container u-valign-top u-container-layout-3\">\n                <div alt=\"\" class=\"u-align-center u-image u-image-circle u-preserve-proportions u-image-3\" src=\"\" data-image-width=\"2233\" data-image-height=\"2211\" style=\"background-image: url(&quot;http:\/\/www.fishven.com\/wp-content\/uploads\/2022\/11\/andrey-cekovski-s.jpg&quot;);\"><\/div>\n                <h5 class=\"u-text u-text-6\">Andrey Cekovski<\/h5>\n                <p class=\"u-text u-text-7\">Jefe de TI e Infraestructura<br>\n                <\/p>\n              <\/div>\n            <\/div>\n            <div class=\"u-align-center u-container-align-center u-container-style u-list-item u-repeater-item u-list-item-4\">\n              <div class=\"u-container-layout u-similar-container u-valign-top u-container-layout-4\">\n                <div alt=\"\" class=\"u-align-center u-image u-image-circle u-preserve-proportions u-image-4\" src=\"\" data-image-width=\"1600\" data-image-height=\"1067\" style=\"background-image: url(&quot;http:\/\/www.fishven.com\/wp-content\/uploads\/2024\/09\/PhilippBinaghicoloured1.jpg&quot;);\"><\/div>\n                <h5 class=\"u-text u-text-8\">Philipp Binaghi<br>\n                <\/h5>\n                <p class=\"u-text u-text-9\"> Comunicaci\u00f3n y marketing<br>\n                <\/p>\n              <\/div>\n            <\/div>\n            <div class=\"u-align-center u-container-align-center u-container-style u-list-item u-repeater-item u-list-item-5\" data-animation-out=\"0\">\n              <div class=\"u-container-layout u-similar-container u-valign-top u-container-layout-5\">\n                <div alt=\"\" class=\"u-align-center u-image u-image-circle u-preserve-proportions u-image-5\" src=\"\" data-image-width=\"500\" data-image-height=\"500\" style=\"background-image: url(&quot;data:image\/svg+xml;base64,PHN2ZyB2ZXJzaW9uPSIxLjEiIGlkPSJtYW4iIHhtbG5zPSJodHRwOi8vd3d3LnczLm9yZy8yMDAwL3N2ZyIgeD0iMHB4IiB5PSIwcHgiIHZpZXdCb3g9IjAgMCAyNTYgMjU2IiBzdHlsZT0id2lkdGg6IDI1NnB4OyBoZWlnaHQ6IDI1NnB4OyI+CjxyZWN0IGZpbGw9IiNDNkQ4RTEiIHdpZHRoPSIyNTYiIGhlaWdodD0iMjU2Ii8+CjxwYXRoIGZpbGw9IiM3Rjk2QTYiIGQ9Ik0xNzIuNiw5My40YzExLjYtNDQuNy0xMS4yLTQ4LjYtMTEuNy00OC4xYy0yMi40LTMxLjMtOTAuMy0xNi44LTc3LjQsNDguMWMtMTMuMy0yLjQtMS44LDMxLjYsMy43LDMyLjEKCWMwLDAsMCwwLDAsMGMwLjIsMCwwLjMsMCwwLjUtMC4xYzE0LjQsNDkuNyw2Mi43LDUwLjIsODAuNywwQzE3Mi4zLDEyNy4zLDE4Ni41LDkzLjMsMTcyLjYsOTMuNHoiLz4KPHBhdGggZmlsbD0iIzdGOTZBNiIgZD0iTTIwNS40LDE3Ny45Yy0yNC02LjEtNDMuNS0xOS44LTQzLjUtMTkuOGwtMjAuNiw2NC44bC04LTIyLjhjMTkuNy0yNy41LTMwLjMtMjcuNS0xMC42LDBsLTgsMjIuOEw5NCwxNTguMQoJYzAsMC0xOS41LDEzLjctNDMuNSwxOS44QzMyLjcsMTgyLjUsMzAsMjU2LDMwLDI1NmgxOTZDMjI2LDI1NiwyMjMuMywxODIuNSwyMDUuNCwxNzcuOXoiLz4KPC9zdmc+Cg==&quot;);\"><\/div>\n                <h5 class=\"u-text u-text-10\"> Milen Rabadzhiev<\/h5>\n                <p class=\"u-text u-text-11\">Desarrollador<\/p>\n              <\/div>\n            <\/div>\n            <div class=\"u-align-center u-container-align-center u-container-style u-list-item u-repeater-item u-list-item-6\">\n              <div class=\"u-container-layout u-similar-container u-valign-top u-container-layout-6\">\n                <div alt=\"\" class=\"u-align-center u-image u-image-circle u-preserve-proportions u-image-6\" src=\"\" data-image-width=\"1500\" data-image-height=\"1745\" style=\"background-image: url(&quot;http:\/\/www.fishven.com\/wp-content\/uploads\/2022\/11\/IvanMomchilov.png&quot;);\"><\/div>\n                <h5 class=\"u-text u-text-12\">Ivan Momchilov<\/h5>\n                <p class=\"u-text u-text-13\">Desarrollador senior<\/p>\n              <\/div>\n            <\/div>\n            <div class=\"u-align-center u-container-align-center u-container-style u-list-item u-repeater-item u-list-item-7\">\n              <div class=\"u-container-layout u-similar-container u-valign-top u-container-layout-7\">\n                <div alt=\"\" class=\"u-align-center u-image u-image-circle u-preserve-proportions u-image-7\" src=\"\" data-image-width=\"935\" data-image-height=\"930\" style=\"background-image: url(&quot;http:\/\/www.fishven.com\/wp-content\/uploads\/2023\/11\/MG_8619N_carre.jpg&quot;);\"><\/div>\n                <h5 class=\"u-text u-text-14\">Mathais Gerst<br>\n                <\/h5>\n                <p class=\"u-text u-text-15\">Director de ventas<br>\n                <\/p>\n              <\/div>\n            <\/div>\n            <div class=\"u-align-center u-container-align-center u-container-style u-list-item u-repeater-item u-list-item-8\">\n              <div class=\"u-container-layout u-similar-container u-valign-top u-container-layout-8\">\n                <div alt=\"\" class=\"u-align-center u-image u-image-circle u-preserve-proportions u-image-8\" src=\"\" data-image-width=\"510\" data-image-height=\"496\" style=\"background-image: url(&quot;http:\/\/www.fishven.com\/wp-content\/uploads\/2023\/11\/Blandine-432_V3_2.jpg&quot;);\"><\/div>\n                <h5 class=\"u-text u-text-16\"> Migas Blandine<\/h5>\n                <p class=\"u-text u-text-17\"> Director de ventas<\/p>\n              <\/div>\n            <\/div>\n            <div class=\"u-align-center u-container-align-center u-container-style u-list-item u-repeater-item u-list-item-9\">\n              <div class=\"u-container-layout u-similar-container u-valign-top u-container-layout-9\">\n                <div alt=\"\" class=\"u-align-center u-image u-image-circle u-preserve-proportions u-image-9\" src=\"\" data-image-width=\"778\" data-image-height=\"800\" style=\"background-image: url(&quot;http:\/\/www.fishven.com\/wp-content\/uploads\/2023\/11\/1549372296-2300-copie.jpg&quot;);\"><\/div>\n                <h5 class=\"u-text u-text-18\">Roman Banz<\/h5>\n                <p class=\"u-text u-text-19\"> Director de TI<\/p>\n              <\/div>\n            <\/div>\n          <\/div>\n        <\/div>\n      <\/div>\n    <\/section>\n    <section class=\"u-clearfix u-section-5\" id=\"carousel_d794\">\n      <div class=\"data-layout-selected u-clearfix u-layout-wrap u-layout-wrap-1\">\n        <div class=\"u-layout\">\n          <div class=\"u-layout-row\">\n            <div class=\"u-container-style u-layout-cell u-size-36 u-white u-layout-cell-1\">\n              <div class=\"u-container-layout u-container-layout-1\">\n                <h2 class=\"u-text u-text-default u-text-grey-75 u-text-1\">Crear sostenibilidad con los socios<br>\n                <\/h2>\n                <h1 class=\"u-text u-text-palette-3-base u-text-2\"> Las asociaciones son comunidades basadas en los mismos valores y principios.<\/h1>\n                <p class=\"u-large-text u-text u-text-default u-text-grey-75 u-text-variant u-text-3\">Teniendo esto en cuenta, llevamos a\u00f1os colaborando con socios de diversos sectores para optimizar nuestros servicios. Estamos orgullosos de ello.<br>\n                <\/p>\n              <\/div>\n            <\/div>\n            <div class=\"u-align-right u-container-align-right u-container-style u-layout-cell u-size-24 u-layout-cell-2\">\n              <div class=\"u-container-layout u-container-layout-2\">\n                <img decoding=\"async\" class=\"u-image u-image-default u-image-1\" src=\"http:\/\/www.fishven.com\/wp-content\/uploads\/2023\/11\/hostpoint-logo2x.png\" alt=\"\" data-image-width=\"731\" data-image-height=\"141\">\n                <img decoding=\"async\" class=\"u-image u-image-contain u-image-default u-image-2\" src=\"http:\/\/www.fishven.com\/wp-content\/uploads\/2023\/11\/1_logo_PST_couleur_noir.png\" alt=\"\" data-image-width=\"2234\" data-image-height=\"1595\" data-href=\"https:\/\/pst-smartcity.ch\/?lang=fr\" data-target=\"_blank\">\n              <\/div>\n            <\/div>\n          <\/div>\n        <\/div>\n      <\/div>\n    <\/section>\n    <section class=\"u-clearfix u-image u-image-tiles u-section-6\" id=\"carousel_cad6\" data-image-width=\"1024\" data-image-height=\"576\" style=\"background-image: url(&quot;http:\/\/www.fishven.com\/wp-content\/uploads\/2022\/11\/backgroundfishvensmall.png&quot;);\">\n      <div class=\"u-clearfix u-sheet u-sheet-1\">\n        <div class=\"u-clearfix u-expanded-width u-layout-wrap u-layout-wrap-1\">\n          <div class=\"u-layout\" style=\"\">\n            <div class=\"u-layout-row\" style=\"\">\n              <div class=\"u-container-style u-layout-cell u-shape-rectangle u-size-24 u-layout-cell-1\">\n                <div class=\"u-container-layout u-container-layout-1\">\n                  <div class=\"u-align-left u-border-1 u-border-grey-dark-1 u-line u-line-horizontal u-line-1\"><\/div>\n                  <h5 class=\"u-custom-font u-font-montserrat u-text u-text-default-lg u-text-default-xl u-text-grey-75 u-text-1\"> Pesca sostenible y comercial Nuestra contribuci\u00f3n a la biodiversidad se traduce en modernas aplicaciones de registro, consolidaci\u00f3n de datos heterog\u00e9neos y modernos m\u00e9todos de an\u00e1lisis<\/h5>\n                  <div class=\"u-image u-image-circle u-image-contain u-image-1\" alt=\"\" data-image-width=\"3234\" data-image-height=\"1566\" data-animation-name=\"customAnimationIn\" data-animation-duration=\"1750\" data-animation-delay=\"250\" data-animation-out=\"0\" style=\"background-image: url(&quot;http:\/\/www.fishven.com\/wp-content\/uploads\/2022\/11\/2021-06-10-LogoFishven.png&quot;);\"><\/div>\n                <\/div>\n              <\/div>\n              <div class=\"u-align-justify u-container-style u-layout-cell u-size-36 u-layout-cell-2\">\n                <div class=\"u-container-layout u-container-layout-2\">\n                  <h2 class=\"u-text u-text-grey-75 u-text-2\">Una historia&nbsp;<\/h2>\n                  <p class=\"u-text u-text-default u-text-grey-75 u-text-3\"> La idea de las estad\u00edsticas de capturas digitales naci\u00f3 en 2016. <br>Antoni, estudiante de la Universidad de Friburgo (CH), estaba molesto por el ineficiente cuaderno de estad\u00edsticas en papel. \"Algo as\u00ed deber\u00eda digitalizarse, a trav\u00e9s de una aplicaci\u00f3n m\u00f3vil\". <br>\n                    <br>Junto con Mario Baumgartner y el Instituto iimt, consiguieron desarrollar el primer prototipo en pocas semanas, lo que ya caus\u00f3 entusiasmo entre los primeros cantones. El cant\u00f3n de los Grisones decidi\u00f3 realizar una fase de prueba con el joven equipo y la \"aplicaci\u00f3n de pesca\" result\u00f3 convincente. Durante la fase de pruebas, se a\u00f1adieron m\u00e1s funciones y se eliminaron los problemas menores habituales. El despliegue estaba preparado. La primera etapa se alcanz\u00f3 en 2018 y la \"app de pesca\" se convirti\u00f3 oficialmente en la primera estad\u00edstica digital de capturas. <br>\n                    <br>Con el tiempo, se han tenido muy en cuenta los comentarios de los cantones y los usuarios, y la aplicaci\u00f3n se ha enriquecido con m\u00e1s y m\u00e1s funciones nuevas. Esto ha permitido desarrollar una aplicaci\u00f3n cada vez m\u00e1s hol\u00edstica que convence tanto a los pescadores como a las autoridades. <br>\n                    <br>En 2019 y 2020, se convenci\u00f3 a otros cantones y se introdujo la \"App de pesca\". Mientras tanto, podemos contar con una amplia base de clientes y nos alegramos de cada administraci\u00f3n pesquera adicional a la que podamos convencer e inspirar. Lo que empez\u00f3 en Suiza tambi\u00e9n est\u00e1 funcionando a nivel internacional y la aplicaci\u00f3n est\u00e1 a punto de extenderse a los primeros pa\u00edses europeos. <br>\n                    <br>En 2022, cambiamos el nombre de la \"aplicaci\u00f3n de pesca\" por el de \"Fishven\", abreviatura de Fish Venture. Esto se debe a que ahora combinamos una amplia gama de soluciones digitales para la gesti\u00f3n de la pesca, en particular una app m\u00f3vil para la inspecci\u00f3n del pescado, para los pescadores profesionales y una plataforma de administraci\u00f3n como elemento integrador.<br>\n                    <br>Adem\u00e1s del desarrollo continuo de soluciones de aplicaci\u00f3n digitales y eficientes, nuestra visi\u00f3n es la integraci\u00f3n de diversas fuentes de datos en torno al tema de la biodiversidad de las masas de agua\/ peces. Consideramos que esta es la base de la gesti\u00f3n activa de la situaci\u00f3n. Esto permite a las administraciones pesqueras analizar y evaluar r\u00e1pidamente la situaci\u00f3n de las masas de agua y, en caso necesario, tomar medidas. A medio plazo, esto permitir\u00e1 un seguimiento y una presentaci\u00f3n de informes uniformes. Idealmente, con \"Fishven\" contribuimos a que la biodiversidad sea uniformemente medible, presentable y comparable.<br>\n                  <\/p>\n                <\/div>\n              <\/div>\n            <\/div>\n          <\/div>\n        <\/div>\n      <\/div>\n    <\/section>","protected":false},"excerpt":{"rendered":"<p>Queremos redise\u00f1ar la gesti\u00f3n de la pesca y las aguas continentales con un seguimiento eficaz y una integraci\u00f3n exhaustiva de los datos Nuestros valores La sostenibilidad es vida.  Consideramos que la biodiversidad a trav\u00e9s de la gesti\u00f3n sostenible de la pesca y el agua es una responsabilidad de la sociedad. Hacemos nuestra contribuci\u00f3n activa.    Un aut\u00e9ntico \"nosotros\".  Vemos el mejor rendimiento y la motivaci\u00f3n en armon\u00eda. ... <a href=\"http:\/\/www.fishven.com\/es\/sobre-nosotros\/\" class=\"more-link\">Seguir leyendo<span class=\"screen-reader-text\"> \"Qui\u00e9nes somos<\/span><\/a><\/p>","protected":false},"author":1,"featured_media":0,"parent":0,"menu_order":0,"comment_status":"closed","ping_status":"closed","template":"","meta":{"footnotes":""},"class_list":["post-116","page","type-page","status-publish","hentry"],"_links":{"self":[{"href":"http:\/\/www.fishven.com\/es\/wp-json\/wp\/v2\/pages\/116","targetHints":{"allow":["GET"]}}],"collection":[{"href":"http:\/\/www.fishven.com\/es\/wp-json\/wp\/v2\/pages"}],"about":[{"href":"http:\/\/www.fishven.com\/es\/wp-json\/wp\/v2\/types\/page"}],"author":[{"embeddable":true,"href":"http:\/\/www.fishven.com\/es\/wp-json\/wp\/v2\/users\/1"}],"replies":[{"embeddable":true,"href":"http:\/\/www.fishven.com\/es\/wp-json\/wp\/v2\/comments?post=116"}],"version-history":[{"count":41,"href":"http:\/\/www.fishven.com\/es\/wp-json\/wp\/v2\/pages\/116\/revisions"}],"predecessor-version":[{"id":903,"href":"http:\/\/www.fishven.com\/es\/wp-json\/wp\/v2\/pages\/116\/revisions\/903"}],"wp:attachment":[{"href":"http:\/\/www.fishven.com\/es\/wp-json\/wp\/v2\/media?parent=116"}],"curies":[{"name":"wp","href":"https:\/\/api.w.org\/{rel}","templated":true}]}}