{"id":91,"date":"2022-11-01T12:48:38","date_gmt":"2022-11-01T12:48:38","guid":{"rendered":"https:\/\/demo.fishven.com\/about-fishven\/"},"modified":"2024-09-12T10:59:27","modified_gmt":"2024-09-12T10:59:27","slug":"gestion-sostenible-de-la-pesca","status":"publish","type":"page","link":"http:\/\/www.fishven.com\/es\/","title":{"rendered":"Gesti\u00f3n moderna de la pesca"},"content":{"rendered":"<section class=\"u-clearfix u-image u-section-2\" id=\"carousel_6731\" data-image-width=\"2520\" data-image-height=\"1418\" style=\"background-image: url(&quot;http:\/\/www.fishven.com\/wp-content\/uploads\/2022\/11\/pexels-photo-5832871.jpeg&quot;);\">\n      <div class=\"u-clearfix u-sheet u-sheet-1\">\n        <h2 class=\"u-custom-font u-font-playfair-display u-text u-text-body-alt-color u-text-1\">Gesti\u00f3n pesquera sostenible para la biodiversidad<\/h2>\n      <\/div>\n    <\/section>\n    <section class=\"u-align-center u-clearfix u-container-align-center u-image u-image-tiles u-section-3\" id=\"sec-4890\" data-image-width=\"1024\" data-image-height=\"576\" style=\"background-image: url(&quot;http:\/\/www.fishven.com\/wp-content\/uploads\/2022\/11\/backgroundfishvensmall.png&quot;);\">\n      <div class=\"u-clearfix u-sheet u-sheet-1\">\n        <h1 class=\"u-align-left u-font-abril-fatface u-text u-text-grey-75 u-text-1\" data-animation-name=\"customAnimationIn\" data-animation-duration=\"2750\" data-animation-delay=\"0\" data-animation-out=\"0\"> Fishven es el ecosistema para una gesti\u00f3n sostenible de la pesca que combina responsabilidad gubernamental, ciencia y disfrute individual<\/h1>\n        <p class=\"u-align-left u-text u-text-palette-1-dark-2 u-text-2\" data-animation-name=\"customAnimationIn\" data-animation-duration=\"5000\" data-animation-out=\"0\" data-animation-delay=\"1250\"> 01100010 01101001 01101111 01100100&nbsp;<\/p>\n        <img decoding=\"async\" class=\"u-image u-image-contain u-image-default u-preserve-proportions u-image-1\" src=\"http:\/\/www.fishven.com\/wp-content\/uploads\/2022\/11\/Logo_Fishven_blue_website.png\" alt=\"\" data-image-width=\"3234\" data-image-height=\"1566\" data-animation-name=\"customAnimationIn\" data-animation-duration=\"3250\" data-animation-delay=\"250\" data-animation-direction=\"\" data-animation-out=\"0\">\n        <p class=\"u-align-left u-text u-text-palette-1-dark-2 u-text-3\" data-animation-name=\"customAnimationIn\" data-animation-duration=\"5000\" data-animation-out=\"0\" data-animation-delay=\"1750\">&nbsp;01101001 01110110 01100101 01110010&nbsp;<\/p>\n        <p class=\"u-align-left u-text u-text-palette-1-dark-2 u-text-4\" data-animation-name=\"customAnimationIn\" data-animation-duration=\"5500\" data-animation-out=\"0\" data-animation-delay=\"2000\">01110011 01101001 01110100 01111001<\/p>\n      <\/div>\n    <\/section>\n    <section class=\"u-align-center u-clearfix u-container-align-center u-image u-image-tiles u-section-4\" id=\"carousel_35b5\" data-image-width=\"1024\" data-image-height=\"576\" style=\"background-image: url(&quot;http:\/\/www.fishven.com\/wp-content\/uploads\/2022\/11\/backgroundfishvensmall.png&quot;);\">\n      <div class=\"u-clearfix u-sheet u-sheet-1\">\n        <div class=\"u-border-1 u-border-grey-dark-1 u-expanded-width-xs u-line u-line-horizontal u-line-1\" data-animation-name=\"customAnimationIn\" data-animation-duration=\"2250\" data-animation-out=\"0\"><\/div>\n        <h1 class=\"u-align-right u-text u-text-default-sm u-text-default-xs u-text-grey-75 u-text-1\" data-animation-name=\"customAnimationIn\" data-animation-duration=\"2250\" data-animation-out=\"0\"> Gesti\u00f3n activa de la situaci\u00f3n&nbsp;<\/h1>\n        <img decoding=\"async\" class=\"u-align-left u-expanded-width-sm u-expanded-width-xs u-image u-image-contain u-image-default u-preserve-proportions u-image-1\" src=\"http:\/\/www.fishven.com\/wp-content\/uploads\/2022\/11\/planet-and-data-points.png\" alt=\"\" data-image-width=\"1600\" data-image-height=\"1200\" data-animation-name=\"customAnimationIn\" data-animation-duration=\"2250\" data-animation-out=\"0\">\n        <h2 class=\"u-align-right u-text u-text-default-xs u-text-grey-75 u-text-2\" data-animation-name=\"customAnimationIn\" data-animation-duration=\"3000\" data-animation-delay=\"250\" data-animation-out=\"0\"> ... para el cuidado y mantenimiento de los peces y las aguas interiores mediante la integraci\u00f3n de&nbsp;<br>de diferentes fuentes de datos\n        <\/h2><span class=\"u-file-icon u-icon u-text-palette-1-base u-icon-1\" data-animation-name=\"customAnimationIn\" data-animation-duration=\"1250\" data-animation-delay=\"250\"><img decoding=\"async\" src=\"datos:imagen\/png;base64,iVBORw0KGgoAAAANSUhEUgAAAIAAAACACAYAAADDPmHLAAAAAXNSR0IArs4c6QAADsJJREFUeF7tnQtwXFUZx\/\/f3aRpk5JSHiNVxqpVqgIikO4NkEIfSTYt6KADDIL1NYwMziiD7d4tBWSl0mY3Bcaig4AzyqsyraJgH3u3QKsNkN2GN4O2DpY6KqhQaGm3TZO9n3M22ZCm+7p39969e3vuTGZnsud7nO\/89txz7znnOwQPXgtW9zUPHaTTCDSTYMwE0QwGjidCM4DjwCOfyHyKax+AD0DDn8zYR8D7YH6Doexg8I66Sbxz0w9axfeeuqjWa9PZ83KTkj7UxgrmAeQH80wQptlSL8ZbINoBcJIMPG34JvbGg2cdsMWWQ0prDoDLw69N2Nt0oI0MzIOCuWDMAlDvULzGmxkEYTszPw2iLVMONPWuC59xuEq+WDJbMwAsiPS1phUsIqYrAZxgqbb2C+1h4kd9Bh7aFGrts99c+RZcDcDCVc9MN4z6Rcy8CITTyq+ugxoYO4noIUUZfGjjkgt2O2jZlClXAtARSbQQYRkBlwJwpY8moswM\/IEZKzaH1H4Tco4UdVVwA9HEbBBuAiPgSO2dNkLQwbhd19RtTpvOZ88VAHRFkvOZ+FYAs90SGJv92EZMP46F\/E\/ZbKeo+qoCsCDSdyordBczLivqqQcLEOG3ZPANm0Kt\/6xW9aoCwJzwlrqGSU3XQ+EwGJOrVXlX2CXsh0HhgYMHfro1PHfIaZ8cB6Cru6+NFboHwBlOV9bl9l4jg6+LLW3tddJPxwC4fO1a397dn1hOzEs9MLK3q42YibqnTH\/zlnVXXJG2y8hYvY4AIO71hkK\/AaPNiUrVvA1Cr2Lw15wYG9gOQFe0byGDHgRwYs03jLMVeJfA34hprRvtNGsfAMwUWJVcCYYmu3zLTcggRPUl\/htBxJa1FBC0BYDMhM2k1ANELN7by6vMCDDTo1MONn7TjommigMwJ7xlckNj02MAd5RZbyl+RARo80DqwFe3hufu\" alt=\"\"><\/span>\n        <p class=\"u-align-right u-text u-text-default-xs u-text-3\" data-animation-name=\"customAnimationIn\" data-animation-duration=\"1250\" data-animation-delay=\"250\"> &nbsp;<span style=\"font-weight: 700;\"> Gesti\u00f3n activa de la situaci\u00f3n<\/span> significa utilizar diversos datos para analizar, evaluar y, si es necesario\ny de peces a partir de diversos datos y, en caso necesario, adoptar medidas.\nmedidas. La situaci\u00f3n actual est\u00e1 definida por un indicador y es\nel resumen de diversos aspectos (por ejemplo, capturas, poblaciones, repoblaci\u00f3n o incidentes como\nincidentes como las lesiones).\n        <\/p>\n      <\/div>\n    <\/section>\n    <section class=\"u-align-center u-clearfix u-container-align-center u-image u-image-tiles u-section-5\" id=\"carousel_b7b2\" data-image-width=\"1024\" data-image-height=\"576\" style=\"background-image: url(&quot;http:\/\/www.fishven.com\/wp-content\/uploads\/2022\/11\/backgroundfishvensmall.png&quot;);\">\n      <div class=\"u-clearfix u-sheet u-sheet-1\">\n        <div class=\"u-border-1 u-border-grey-dark-1 u-line u-line-horizontal u-line-1\" data-animation-name=\"customAnimationIn\" data-animation-duration=\"2250\" data-animation-out=\"0\"><\/div>\n        <h1 class=\"u-align-left u-text u-text-grey-75 u-text-1\" data-animation-name=\"customAnimationIn\" data-animation-duration=\"2250\" data-animation-out=\"0\"> Control de extremo a extremo para la transparencia<\/h1>\n        <img decoding=\"async\" class=\"u-align-right u-image u-image-contain u-image-default u-image-1\" src=\"http:\/\/www.fishven.com\/wp-content\/uploads\/2022\/11\/closed-cycle-fishven.png\" alt=\"\" data-image-width=\"720\" data-image-height=\"550\" data-animation-name=\"customAnimationIn\" data-animation-duration=\"2250\" data-animation-out=\"0\">\n        <h2 class=\"u-align-left u-text u-text-grey-75 u-text-2\" data-animation-name=\"customAnimationIn\" data-animation-duration=\"3000\" data-animation-delay=\"250\" data-animation-out=\"0\"> ... de las actividades relacionadas con la biodiversidad y para que los procesos sean eficientes y eficaces<\/h2>\n        <p class=\"u-align-left u-small-text u-text u-text-grey-40 u-text-variant u-text-3\" data-animation-name=\"customAnimationIn\" data-animation-duration=\"2500\">Fuente: \"Angler apps as a source of recreational fisheries data: opportunities,\nchallenges and proposed standards\" (https:\/\/doi.org\/10.1111\/faf.12189)<\/p>\n      <\/div>\n    <\/section>\n    <section class=\"skrollable u-clearfix u-image u-parallax u-section-6\" id=\"sec-468c\" data-image-width=\"1600\" data-image-height=\"1067\" style=\"background-image: url(&quot;http:\/\/www.fishven.com\/wp-content\/uploads\/2022\/11\/pexels-photo-1428277.jpeg&quot;);\">\n      <div class=\"u-clearfix u-sheet u-sheet-1\">\n        <h1 class=\"u-align-left u-text u-text-default u-text-grey-10 u-text-1\">La soluci\u00f3n para la gesti\u00f3n moderna de la pesca<\/h1>\n        <p class=\"u-align-left u-text u-text-white u-text-2\"> La plataforma Fishven consolida en una base de datos centralizada datos que antes eran heterog\u00e9neos. Ofrece modernas aplicaciones de entrada de datos para los diferentes grupos de usuarios.<\/p>\n        <div class=\"u-clearfix u-expanded-width u-layout-wrap u-layout-wrap-1\">\n          <div class=\"u-layout\">\n            <div class=\"u-layout-row\">\n              <div class=\"u-container-style u-layout-cell u-opacity u-opacity-80 u-size-40 u-white u-layout-cell-1\">\n                <div class=\"u-container-layout u-container-layout-1\">\n                  <img decoding=\"async\" class=\"u-image u-image-contain u-image-default u-preserve-proportions u-image-1\" src=\"http:\/\/www.fishven.com\/wp-content\/uploads\/2022\/11\/platform-overview-fishven-flat-iconsv3.png\" alt=\"\" data-image-width=\"1080\" data-image-height=\"1200\">\n                <\/div>\n              <\/div>\n              <div class=\"u-container-style u-layout-cell u-opacity u-opacity-90 u-size-20 u-white u-layout-cell-2\">\n                <div class=\"u-container-layout u-valign-top u-container-layout-2\">\n                  <p class=\"u-large-text u-text u-text-default u-text-grey-75 u-text-variant u-text-3\">\n                    <span style=\"font-weight: 700;\"><\/span> Numerosos <span style=\"font-weight: 700;\">Servicios <\/span>(funciones y aplicaciones) est\u00e1n disponibles para las tareas diarias de gesti\u00f3n de la pesca.<br>\n                    <br>\n                    <br> El&nbsp;<span style=\"font-weight: 700;\">An\u00e1lisis <\/span>y <span style=\"font-weight: 700;\">Flujo de trabajo <\/span>La gesti\u00f3n ofrece procesos y evaluaciones eficaces para las distintas \u00e1reas de trabajo, por ejemplo, las estad\u00edsticas de capturas o los incidentes de da\u00f1os.<br>\n                    <br>\n                    <br> El <span style=\"font-weight: 700;\">Grupo de datos <\/span>integra y combina diferentes datos y fuentes en una base homog\u00e9nea.<br>\n                    <br>\n                    <br> Integrar diferentes <span style=\"font-weight: 700;\">Fuentes de datos&nbsp;<\/span>a partir de archivos planos y bases de datos externas (por ejemplo, csv, Access) o aplicaciones proporcionadas por Fishven (por ejemplo, aplicaci\u00f3n de estad\u00edsticas de capturas).<br>\n                  <\/p>\n                <\/div>\n              <\/div>\n            <\/div>\n          <\/div>\n        <\/div>\n      <\/div>\n    <\/section>\n    <section class=\"u-clearfix u-image u-section-7\" id=\"carousel_a3d7\" data-image-width=\"1024\" data-image-height=\"576\" style=\"background-image: url(&quot;http:\/\/www.fishven.com\/wp-content\/uploads\/2022\/11\/backgroundfishvensmall.png&quot;);\">\n      <div class=\"u-clearfix u-sheet u-sheet-1\">\n        <h2 class=\"u-align-left u-text u-text-grey-75 u-text-1\">M\u00e1s informaci\u00f3n sobre<\/h2>\n        <div class=\"u-list u-list-1\">\n          <div class=\"u-repeater u-repeater-1\">\n            <div class=\"u-align-left u-container-align-left u-container-style u-hover-feature u-list-item u-repeater-item u-shape-rectangle u-border-black u-border-1 u-list-item-1\" data-href=\"http:\/\/www.fishven.com\/fishven-plattform\/\" title=\"Plataforma Fishven\">\n              <div class=\"u-container-layout u-similar-container u-valign-middle u-container-layout-1\">\n                <h4 class=\"u-align-center u-text u-text-grey-75 u-text-2\">Plataforma Fishven<\/h4>\n              <\/div>\n            <\/div>\n            <div class=\"u-align-left u-container-align-left u-container-style u-hover-feature u-list-item u-repeater-item u-shape-rectangle u-border-black u-border-1 u-list-item-2\" data-href=\"http:\/\/www.fishven.com\/digitale-fangstatistik-app\/\" title=\"Aplicaci\u00f3n de estad\u00edsticas de capturas\">\n              <div class=\"u-container-layout u-similar-container u-valign-middle u-container-layout-2\">\n                <h4 class=\"u-align-center u-text u-text-grey-75 u-text-3\">Aplicaci\u00f3n de estad\u00edsticas de capturas<\/h4>\n              <\/div>\n            <\/div>\n            <div class=\"u-align-left u-container-align-left u-container-style u-hover-feature u-list-item u-repeater-item u-shape-rectangle u-border-black u-border-1 u-list-item-3\" data-href=\"http:\/\/www.fishven.com\/fischaufsicht-app\/\" title=\"Aplicaci\u00f3n Fish Watch\">\n              <div class=\"u-container-layout u-similar-container u-valign-middle u-container-layout-3\">\n                <h4 class=\"u-align-center u-text u-text-grey-75 u-text-4\">Aplicaci\u00f3n Fish Watch<\/h4>\n              <\/div>\n            <\/div>\n            <div class=\"u-align-left u-container-align-left u-container-style u-hover-feature u-list-item u-repeater-item u-shape-rectangle u-border-black u-border-1 u-list-item-4\" data-href=\"http:\/\/www.fishven.com\/administrations-tool\/\">\n              <div class=\"u-container-layout u-similar-container u-valign-middle u-container-layout-4\">\n                <h4 class=\"u-align-center u-text u-text-grey-75 u-text-5\">Herramienta de administraci\u00f3n<\/h4>\n              <\/div>\n            <\/div>\n          <\/div>\n        <\/div>\n      <\/div>\n      \n      \n      \n      \n    <\/section>","protected":false},"excerpt":{"rendered":"<p>Gesti\u00f3n sostenible de la pesca para la biodiversidad Fishven es el ecosistema para la gesti\u00f3n sostenible de la pesca que combina la responsabilidad gubernamental, la ciencia y el disfrute individual 01100010 01101001 01101111 01100100 01101001 01110110 01100101 01110010 01110011 01101001 01110100 01111001 Gesti\u00f3n activa de sitios ... para la conservaci\u00f3n y gesti\u00f3n de peces y aguas continentales mediante la integraci\u00f3n de diversas fuentes de datos Gesti\u00f3n activa de sitios significa utilizar una variedad de datos ... <a href=\"http:\/\/www.fishven.com\/es\/\" class=\"more-link\">Seguir leyendo<span class=\"screen-reader-text\"> \"Gesti\u00f3n moderna de la pesca\"<\/span><\/a><\/p>","protected":false},"author":1,"featured_media":0,"parent":0,"menu_order":2,"comment_status":"closed","ping_status":"closed","template":"","meta":{"footnotes":""},"class_list":["post-91","page","type-page","status-publish","hentry"],"_links":{"self":[{"href":"http:\/\/www.fishven.com\/es\/wp-json\/wp\/v2\/pages\/91","targetHints":{"allow":["GET"]}}],"collection":[{"href":"http:\/\/www.fishven.com\/es\/wp-json\/wp\/v2\/pages"}],"about":[{"href":"http:\/\/www.fishven.com\/es\/wp-json\/wp\/v2\/types\/page"}],"author":[{"embeddable":true,"href":"http:\/\/www.fishven.com\/es\/wp-json\/wp\/v2\/users\/1"}],"replies":[{"embeddable":true,"href":"http:\/\/www.fishven.com\/es\/wp-json\/wp\/v2\/comments?post=91"}],"version-history":[{"count":52,"href":"http:\/\/www.fishven.com\/es\/wp-json\/wp\/v2\/pages\/91\/revisions"}],"predecessor-version":[{"id":913,"href":"http:\/\/www.fishven.com\/es\/wp-json\/wp\/v2\/pages\/91\/revisions\/913"}],"wp:attachment":[{"href":"http:\/\/www.fishven.com\/es\/wp-json\/wp\/v2\/media?parent=91"}],"curies":[{"name":"wp","href":"https:\/\/api.w.org\/{rel}","templated":true}]}}