{"id":402,"date":"2022-11-11T12:34:38","date_gmt":"2022-11-11T12:34:38","guid":{"rendered":"https:\/\/demo.fishven.com\/?page_id=402"},"modified":"2022-11-29T16:43:26","modified_gmt":"2022-11-29T16:43:26","slug":"kalakellosovellus","status":"publish","type":"page","link":"http:\/\/www.fishven.com\/fi\/kalakellosovellus\/","title":{"rendered":"Fish Watch -sovellus"},"content":{"rendered":"<section class=\"u-clearfix u-image u-shading u-section-2\" id=\"sec-a3c8\" data-image-width=\"1600\" data-image-height=\"1067\" style=\"background-image: linear-gradient(0deg, rgba(0, 0, 0, 0.1), rgba(0, 0, 0, 0.1)), url(&quot;http:\/\/www.fishven.com\/wp-content\/uploads\/2022\/11\/pexels-photo-848737.jpg&quot;);\">\n      <div class=\"u-clearfix u-sheet u-sheet-1\">\n        <h2 class=\"u-custom-font u-font-playfair-display u-text u-text-body-alt-color u-text-1\" data-lang-en=\"Digitale Fischaufsicht - effiziente Prozesse&amp;nbsp;und Datenerfassung.\">Digitaalinen kalaseuranta - tehokkaat prosessit ja tiedonkeruu<\/h2>\n      <\/div>\n    <\/section>\n    <section class=\"u-align-center u-clearfix u-image u-image-tiles u-section-3\" id=\"sec-7dc4\" data-image-width=\"1024\" data-image-height=\"576\" style=\"background-image: url(&quot;http:\/\/www.fishven.com\/wp-content\/uploads\/2022\/11\/backgroundfishvensmall.png&quot;);\">\n      <div class=\"u-clearfix u-sheet u-sheet-1\">\n        <h1 class=\"u-align-left u-text u-text-grey-70 u-text-1\" data-animation-name=\"customAnimationIn\" data-animation-duration=\"1750\" data-animation-delay=\"0\" data-animation-out=\"0\" data-lang-en=\"\u200bEine App f\u00fcr die Aufgaben der Fischaufsicht. Unterst\u00fctzt die Digitalisierung der Prozesse&amp;nbsp;und Datenerfassung f\u00fcr effizientere Administration. Die App beinhaltet unterschiedliche Anwendungen, u.a. Bestandsaufnahme, Besatz, Schadensvorf\u00e4lle, oder Kontrollen.<br>\"> Sovellus kalantarkastusteht\u00e4vi\u00e4 varten. Tukee prosessien digitalisointia ja tiedonkeruuta hallinnon tehostamiseksi. Sovellus sis\u00e4lt\u00e4\u00e4 erilaisia sovelluksia, kuten inventaario, varastointi, vahinkotapahtumat tai tarkastukset.<br>\n        <\/h1>\n      <\/div>\n    <\/section>\n    <section class=\"u-clearfix u-image u-image-tiles u-section-4\" id=\"sec-8d3c\" data-image-width=\"1024\" data-image-height=\"576\" style=\"background-image: url(&quot;http:\/\/www.fishven.com\/wp-content\/uploads\/2022\/11\/backgroundfishvensmall.png&quot;);\">\n      <div class=\"u-clearfix u-sheet u-sheet-1\">\n        <div class=\"u-border-1 u-border-grey-75 u-line u-line-horizontal u-line-1\" data-animation-name=\"customAnimationIn\" data-animation-duration=\"1750\" data-animation-delay=\"250\" data-animation-out=\"0\"><\/div>\n        <h1 class=\"u-text u-text-grey-75 u-text-1\" data-animation-name=\"customAnimationIn\" data-animation-duration=\"1750\" data-animation-delay=\"500\" data-animation-out=\"0\" data-lang-en=\"Eine App f\u00fcr die unterschiedlichen Aufgaben\">Yksi sovellus eri teht\u00e4vi\u00e4 varten<\/h1>\n        <div class=\"u-clearfix u-expanded-width u-gutter-10 u-layout-wrap u-layout-wrap-1\">\n          <div class=\"u-gutter-0 u-layout\">\n            <div class=\"u-layout-row\">\n              <div class=\"u-size-24-lg u-size-24-xl u-size-29-sm u-size-29-xs u-size-60-md\">\n                <div class=\"u-layout-col\">\n                  <div class=\"u-size-60\">\n                    <div class=\"u-layout-row\">\n                      <div class=\"u-align-left u-container-style u-layout-cell u-left-cell u-size-60 u-layout-cell-1\" src=\"\" data-animation-name=\"customAnimationIn\" data-animation-duration=\"1500\" data-animation-delay=\"250\">\n                        <div class=\"u-container-layout u-valign-top u-container-layout-1\" src=\"\">\n                          <div class=\"u-carousel u-gallery u-gallery-slider u-layout-carousel u-lightbox u-no-transition u-show-text-none u-gallery-1\" data-interval=\"5000\" data-u-ride=\"carousel\" id=\"carousel-b16d\">\n                            <ol class=\"u-absolute-hcenter u-carousel-indicators u-hidden u-carousel-indicators-1\">\n                              <li data-u-target=\"#carousel-b16d\" data-u-slide-to=\"0\" class=\"u-active u-grey-70 u-shape-circle\" style=\"width: 10px; height: 10px;\"><\/li>\n                              <li data-u-target=\"#carousel-b16d\" data-u-slide-to=\"1\" class=\"u-grey-70 u-shape-circle\" style=\"width: 10px; height: 10px;\"><\/li>\n                              <li data-u-target=\"#carousel-b16d\" data-u-slide-to=\"2\" class=\"u-grey-70 u-shape-circle\" style=\"width: 10px; height: 10px;\"><\/li>\n                              <li data-u-target=\"#carousel-b16d\" data-u-slide-to=\"3\" class=\"u-grey-70 u-shape-circle\" style=\"width: 10px; height: 10px;\"><\/li>\n                              <li data-u-target=\"#carousel-b16d\" data-u-slide-to=\"4\" class=\"u-grey-70 u-shape-circle\" style=\"width: 10px; height: 10px;\"><\/li>\n                              <li data-u-target=\"#carousel-b16d\" data-u-slide-to=\"5\" class=\"u-grey-70 u-shape-circle\" style=\"width: 10px; height: 10px;\"><\/li>\n                            <\/ol>\n                            <div class=\"u-carousel-inner u-gallery-inner\" role=\"listbox\">\n                              <div class=\"u-active u-carousel-item u-gallery-item u-carousel-item-1\">\n                                <div class=\"u-back-slide\" data-image-width=\"1080\" data-image-height=\"1920\">\n                                  <img decoding=\"async\" class=\"u-back-image u-expanded u-image-contain\" src=\"http:\/\/www.fishven.com\/wp-content\/uploads\/2022\/11\/01aStartansicht-HomeScreen.png\">\n                                <\/div>\n                                <div class=\"u-align-center u-over-slide u-shading u-valign-top u-over-slide-1\">\n                                  <h3 class=\"u-gallery-heading\" data-lang-en=\"Sample Title\">N\u00e4ytteen otsikko<\/h3>\n                                  <p class=\"u-gallery-text\" data-lang-en=\"Sample Text\">N\u00e4yteteksti<\/p>\n                                <\/div>\n                              <\/div>\n                              <div class=\"u-carousel-item u-gallery-item u-carousel-item-2\">\n                                <div class=\"u-back-slide\" data-image-width=\"1080\" data-image-height=\"1920\">\n                                  <img decoding=\"async\" class=\"u-back-image u-expanded\" src=\"http:\/\/www.fishven.com\/wp-content\/uploads\/2022\/11\/01a-Kontrolluberscicht-Startansicht-1.png\">\n                                <\/div>\n                                <div class=\"u-align-center u-over-slide u-shading u-valign-top u-over-slide-2\">\n                                  <h3 class=\"u-gallery-heading\" data-lang-en=\"Sample Title\">N\u00e4ytteen otsikko<\/h3>\n                                  <p class=\"u-gallery-text\" data-lang-en=\"Sample Text\">N\u00e4yteteksti<\/p>\n                                <\/div>\n                              <\/div>\n                              <div class=\"u-carousel-item u-gallery-item u-carousel-item-3\" data-image-width=\"1080\" data-image-height=\"1920\">\n                                <div class=\"u-back-slide\">\n                                  <img decoding=\"async\" class=\"u-back-image u-expanded u-image-contain\" src=\"http:\/\/www.fishven.com\/wp-content\/uploads\/2022\/11\/02a-Kontrolle-Ansicht-Sessions.png\">\n                                <\/div>\n                                <div class=\"u-align-center u-over-slide u-shading u-valign-top u-over-slide-3\">\n                                  <h3 class=\"u-gallery-heading\" data-lang-en=\"\"><\/h3>\n                                  <p class=\"u-gallery-text\" data-lang-en=\"\"><\/p>\n                                <\/div>\n                                <style data-mode=\"XL\"><\/style>\n                                <style data-mode=\"LG\"><\/style>\n                                <style data-mode=\"MD\"><\/style>\n                                <style data-mode=\"SM\" data-visited=\"true\"><\/style>\n                                <style data-mode=\"XS\" data-visited=\"true\"><\/style>\n                              <\/div>\n                              <div class=\"u-carousel-item u-gallery-item u-carousel-item-4\" data-image-width=\"1080\" data-image-height=\"1920\">\n                                <div class=\"u-back-slide\">\n                                  <img decoding=\"async\" class=\"u-back-image u-expanded u-image-contain\" src=\"http:\/\/www.fishven.com\/wp-content\/uploads\/2022\/11\/03f-OB-erfassen-vollstandig-ausgefullt.png\">\n                                <\/div>\n                                <div class=\"u-align-center u-over-slide u-shading u-valign-top u-over-slide-4\">\n                                  <h3 class=\"u-gallery-heading\" data-lang-en=\"\"><\/h3>\n                                  <p class=\"u-gallery-text\" data-lang-en=\"\"><\/p>\n                                <\/div>\n                                <style data-mode=\"XL\"><\/style>\n                                <style data-mode=\"LG\"><\/style>\n                                <style data-mode=\"MD\"><\/style>\n                                <style data-mode=\"SM\" data-visited=\"true\"><\/style>\n                                <style data-mode=\"XS\" data-visited=\"true\"><\/style>\n                              <\/div>\n                              <div class=\"u-carousel-item u-gallery-item u-carousel-item-5\" data-image-width=\"1080\" data-image-height=\"1920\">\n                                <div class=\"u-back-slide\">\n                                  <img decoding=\"async\" class=\"u-back-image u-expanded u-image-contain\" src=\"http:\/\/www.fishven.com\/wp-content\/uploads\/2022\/11\/03da-OB-erfassen-Vergehen-hinzufugen-Strafenkatalog.png\">\n                                <\/div>\n                                <div class=\"u-align-center u-over-slide u-shading u-valign-top u-over-slide-5\">\n                                  <h3 class=\"u-gallery-heading\" data-lang-en=\"\"><\/h3>\n                                  <p class=\"u-gallery-text\" data-lang-en=\"\"><\/p>\n                                <\/div>\n                                <style data-mode=\"XL\"><\/style>\n                                <style data-mode=\"LG\"><\/style>\n                                <style data-mode=\"MD\"><\/style>\n                                <style data-mode=\"SM\" data-visited=\"true\"><\/style>\n                                <style data-mode=\"XS\" data-visited=\"true\"><\/style>\n                              <\/div>\n                              <div class=\"u-carousel-item u-gallery-item u-carousel-item-6\" data-image-width=\"1080\" data-image-height=\"1920\">\n                                <div class=\"u-back-slide\">\n                                  <img decoding=\"async\" class=\"u-back-image u-expanded u-image-contain\" src=\"http:\/\/www.fishven.com\/wp-content\/uploads\/2022\/11\/04a-Infromationen-Startansicht.png\">\n                                <\/div>\n                                <div class=\"u-align-center u-over-slide u-shading u-valign-top u-over-slide-6\">\n                                  <h3 class=\"u-gallery-heading\" data-lang-en=\"\"><\/h3>\n                                  <p class=\"u-gallery-text\" data-lang-en=\"\"><\/p>\n                                <\/div>\n                                <style data-mode=\"XL\"><\/style>\n                                <style data-mode=\"LG\"><\/style>\n                                <style data-mode=\"MD\"><\/style>\n                                <style data-mode=\"SM\" data-visited=\"true\"><\/style>\n                                <style data-mode=\"XS\" data-visited=\"true\"><\/style>\n                              <\/div>\n                            <\/div>\n                            <a class=\"u-absolute-vcenter u-carousel-control u-carousel-control-prev u-grey-70 u-hidden u-icon-circle u-opacity u-opacity-70 u-spacing-10 u-text-white u-carousel-control-1\" href=\"#carousel-b16d\" role=\"button\" data-u-slide=\"prev\">\n                              <span aria-hidden=\"true\">\n                                <svg viewbox=\"0 0 451.847 451.847\"><path d=\"M97.141,225.92c0-8.095,3.091-16.192,9.259-22.366L300.689,9.27c12.359-12.359,32.397-12.359,44.751,0c12.354,12.354,12.354,32.388,0,44.748L173.525,225.92l171.903,171.909c12.354,12.354,12.354,32.391,0,44.744c-12.354,12.365-32.386,12.365-44.745,0l-194.29-194.281C100.226,242.115,97.141,234.018,97.141,225.92z\"><\/path><\/svg>\n                              <\/span>\n                              <span class=\"sr-only\">\n                                <svg viewbox=\"0 0 451.847 451.847\"><path d=\"M97.141,225.92c0-8.095,3.091-16.192,9.259-22.366L300.689,9.27c12.359-12.359,32.397-12.359,44.751,0c12.354,12.354,12.354,32.388,0,44.748L173.525,225.92l171.903,171.909c12.354,12.354,12.354,32.391,0,44.744c-12.354,12.365-32.386,12.365-44.745,0l-194.29-194.281C100.226,242.115,97.141,234.018,97.141,225.92z\"><\/path><\/svg>\n                              <\/span>\n                            <\/a>\n                            <a class=\"u-absolute-vcenter u-carousel-control u-carousel-control-next u-grey-70 u-hidden u-icon-circle u-opacity u-opacity-70 u-spacing-10 u-text-white u-carousel-control-2\" href=\"#carousel-b16d\" role=\"button\" data-u-slide=\"next\">\n                              <span aria-hidden=\"true\">\n                                <svg viewbox=\"0 0 451.846 451.847\"><path d=\"M345.441,248.292L151.154,442.573c-12.359,12.365-32.397,12.365-44.75,0c-12.354-12.354-12.354-32.391,0-44.744L278.318,225.92L106.409,54.017c-12.354-12.359-12.354-32.394,0-44.748c12.354-12.359,32.391-12.359,44.75,0l194.287,194.284c6.177,6.18,9.262,14.271,9.262,22.366C354.708,234.018,351.617,242.115,345.441,248.292z\"><\/path><\/svg>\n                              <\/span>\n                              <span class=\"sr-only\">\n                                <svg viewbox=\"0 0 451.846 451.847\"><path d=\"M345.441,248.292L151.154,442.573c-12.359,12.365-32.397,12.365-44.75,0c-12.354-12.354-12.354-32.391,0-44.744L278.318,225.92L106.409,54.017c-12.354-12.359-12.354-32.394,0-44.748c12.354-12.359,32.391-12.359,44.75,0l194.287,194.284c6.177,6.18,9.262,14.271,9.262,22.366C354.708,234.018,351.617,242.115,345.441,248.292z\"><\/path><\/svg>\n                              <\/span>\n                            <\/a>\n                          <\/div>\n                        <\/div>\n                      <\/div>\n                    <\/div>\n                  <\/div>\n                <\/div>\n              <\/div>\n              <div class=\"u-size-31-sm u-size-31-xs u-size-36-lg u-size-36-xl u-size-60-md\">\n                <div class=\"u-layout-row\">\n                  <div class=\"u-align-left u-container-style u-layout-cell u-shape-rectangle u-size-60 u-layout-cell-2\" data-animation-name=\"customAnimationIn\" data-animation-duration=\"1750\" data-animation-delay=\"500\" data-animation-out=\"0\">\n                    <div class=\"u-container-layout u-container-layout-2\" src=\"\">\n                      <div class=\"u-clearfix u-group-elements u-group-elements-1\">\n                        <div class=\"u-palette-1-base u-preserve-proportions u-shape u-shape-circle u-shape-1\"><\/div>\n                        <h4 class=\"u-align-left u-text u-text-2\" data-lang-en=\"Kontrollen und Ordnungsbussen\">Valvonta ja hallinnolliset sakot<\/h4>\n                        <p class=\"u-align-left u-custom-font u-heading-font u-text u-text-grey-75 u-text-3\" data-lang-en=\"                        <span style=&quot;font-weight: 700;&quot;>\u200b<\/span>Kontrollen sind ein wichtiger Bestandteil im aktiven Lagemanagement. Gezielte und \u00fcbersichtliche \u00dcberpr\u00fcfung der Angaben von Ereignis, F\u00e4nge und g\u00fctligen Patenten. Im Falle einer Zuwiderhandlung kann eine Ordnungsbusse ausgestellt werden.\">\n                          <span style=\"font-weight: 700;\"><\/span>Tarkastukset ovat t\u00e4rke\u00e4 osa aktiivista tilanteenhallintaa. Tapahtuman yksityiskohtien, saaliiden ja voimassa olevien patenttien kohdennettu ja selke\u00e4 tarkistaminen. Jos s\u00e4\u00e4nn\u00f6ksi\u00e4 ei noudateta, voidaan m\u00e4\u00e4r\u00e4t\u00e4 hallinnollinen sakko.\n                        <\/p>\n                      <\/div>\n                      <div class=\"u-clearfix u-group-elements u-group-elements-2\">\n                        <div class=\"u-palette-1-base u-preserve-proportions u-shape u-shape-circle u-shape-2\"><\/div>\n                        <h4 class=\"u-align-left u-text u-text-4\" data-lang-en=\"Bestandsaufnahmen\">Varastot<\/h4>\n                        <p class=\"u-align-left u-custom-font u-heading-font u-text u-text-grey-75 u-text-5\" data-lang-en=\"                        <span style=&quot;font-weight: 700;&quot;>\u200b<\/span>Der Bestand in den Gew\u00e4ssern einfach und schnell erfassen (kein \u00dcbertragung oder Medienbr\u00fcche). Automatische Berechnung der Biomasse und anderer Indizien. Aufnahme kann mit und ohne einer Internetverbindung erfolgen.Vergleich von f\u00fcrheren Bestandsaufnahmen.<br>\">\n                          <span style=\"font-weight: 700;\"><\/span>Vesist\u00f6jen populaatioiden kirjaaminen helposti ja nopeasti (ei l\u00e4hetys- tai mediakatkoksia). Biomassan ja muiden indikaattoreiden automaattinen laskenta. Kirjaaminen voidaan suorittaa internet-yhteyden kanssa tai ilman sit\u00e4.aiempien inventointien vertailu.<br>\n                        <\/p>\n                      <\/div>\n                      <div class=\"u-clearfix u-group-elements u-group-elements-3\">\n                        <div class=\"u-palette-1-base u-preserve-proportions u-shape u-shape-circle u-shape-3\"><\/div>\n                        <h4 class=\"u-text u-text-6\" data-lang-en=\"\u200bSchadensvorf\u00e4lle aufnehmen\"> Vahinkotapahtumien kirjaaminen<\/h4>\n                        <p class=\"u-align-left u-custom-font u-heading-font u-text u-text-grey-75 u-text-7\" data-lang-en=\"                        <span style=&quot;font-weight: 700;&quot;>\u200b<\/span>\u200bAn Gew\u00e4ssern oder Fischen aufgetretene Sch\u00e4den, z.B. Fischverletzungen durch Otter, und mittels verschiedener Eingabem\u00f6glichkeiten aufnehmen (u.a. Text, Bilder, Video). Kategorisierung, Lokalisierung und erste Bewertung der Schadensvorf\u00e4lle durch die Fischaufsicht. Automatische Meldung an die Beh\u00f6rde und Fischverwaltung mit den aufgenommen Daten.\">\n                          <span style=\"font-weight: 700;\"><\/span> Tallenna vesist\u00f6ille tai kaloille aiheutuneet vahingot, esim. saukkojen aiheuttamat kalavahingot, eri sy\u00f6tt\u00f6vaihtoehtojen avulla (mm. teksti, kuvat, video). Kalantarkastuslaitoksen suorittama vahinkotapahtumien luokittelu, paikallistaminen ja alustava arviointi. Automaattinen raportointi viranomaisille ja kalahallinnolle tallennettujen tietojen perusteella.\n                        <\/p>\n                      <\/div>\n                      <h4 class=\"u-align-left u-text u-text-8\" data-lang-en=\"\u200bWeitere geplante Anwendungen\"> Muut suunnitellut sovellukset<\/h4>\n                      <ul class=\"u-align-left u-custom-list u-text u-text-9\">\n                        <li>\n                          <div class=\"u-list-icon\">\n                            <div>-<\/div>\n                          <\/div> Luonnollinen kutu&nbsp;\n                        <\/li>\n                        <li>\n                          <div class=\"u-list-icon\">\n                            <div>-<\/div>\n                          <\/div>Kutualueiden kartoitus\n                        <\/li>\n                        <li>\n                          <div class=\"u-list-icon\">\n                            <div>-<\/div>\n                          <\/div>Sukka\n                        <\/li>\n                        <li>\n                          <div class=\"u-list-icon\">\n                            <div>-<\/div>\n                          <\/div>Menestyksen valvonta varastointi\n                        <\/li>\n                        <li>\n                          <div class=\"u-list-icon\">\n                            <div>-<\/div>\n                          <\/div>Kalaportaat\n                        <\/li>\n                        <li>\n                          <div class=\"u-list-icon\">\n                            <div>-<\/div>\n                          <\/div>Jalostustoiminta\n                        <\/li>\n                        <li>\n                          <div class=\"u-list-icon\">\n                            <div>-<\/div>\n                          <\/div>Ilmoita kalakuolemasta\n                        <\/li>\n                        <li>\n                          <div class=\"u-list-icon\">\n                            <div>-<\/div>\n                          <\/div>Ty\u00f6nkulun hallinta, esim. annettujen teht\u00e4vien suorittaminen.\n                        <\/li>\n                      <\/ul>\n                      <h4 class=\"u-align-left u-text u-text-10\">Oletko utelias?<\/h4>\n                      <a href=\"\/fi\/Pyynt\u00f6 mailto:contact@fishven.com\/?subject=Demo Fischafusicht\" class=\"u-border-2 u-border-black u-btn u-button-style u-hover-palette-1-base u-none u-text-hover-white u-btn-1\" data-lang-en=\"{&quot;content&quot;:&quot;Neugierig?&amp;nbsp; Einfach eine&amp;nbsp;<br>Demo anfragen...&quot;,&quot;href&quot;:&quot;mailto:contact@fishven.com?subject=Demo Fischafusicht anfragen&quot;}\">Pyyd\u00e4 demo<\/a>\n                    <\/div>\n                  <\/div>\n                <\/div>\n              <\/div>\n            <\/div>\n          <\/div>\n        <\/div>\n      <\/div>\n    <\/section>","protected":false},"excerpt":{"rendered":"<p>Digitaalinen kalantarkastus - tehokkaat prosessit ja tietojen tallennus Sovellus kalantarkastusteht\u00e4viin. Tukee prosessien digitalisointia ja tiedonkeruuta hallinnon tehostamiseksi. Sovellus sis\u00e4lt\u00e4\u00e4 erilaisia sovelluksia, kuten kalakantojen, kalakantojen, vahinkotapahtumien ja tarkastusten inventointi. Sovellus eri teht\u00e4viin N\u00e4ytteen otsikko N\u00e4yteteksti N\u00e4ytteen otsikko N\u00e4yteteksti N\u00e4yteteksti Tarkastukset ja viranomaismaksut Tarkastukset ovat t\u00e4rke\u00e4 osa ... <a href=\"http:\/\/www.fishven.com\/fi\/kalakellosovellus\/\" class=\"more-link\">Jatka lukemista<span class=\"screen-reader-text\"> \"Kalanseurantasovellus\"<\/span><\/a><\/p>","protected":false},"author":1,"featured_media":0,"parent":0,"menu_order":0,"comment_status":"closed","ping_status":"closed","template":"","meta":{"footnotes":""},"class_list":["post-402","page","type-page","status-publish","hentry"],"_links":{"self":[{"href":"http:\/\/www.fishven.com\/fi\/wp-json\/wp\/v2\/pages\/402","targetHints":{"allow":["GET"]}}],"collection":[{"href":"http:\/\/www.fishven.com\/fi\/wp-json\/wp\/v2\/pages"}],"about":[{"href":"http:\/\/www.fishven.com\/fi\/wp-json\/wp\/v2\/types\/page"}],"author":[{"embeddable":true,"href":"http:\/\/www.fishven.com\/fi\/wp-json\/wp\/v2\/users\/1"}],"replies":[{"embeddable":true,"href":"http:\/\/www.fishven.com\/fi\/wp-json\/wp\/v2\/comments?post=402"}],"version-history":[{"count":18,"href":"http:\/\/www.fishven.com\/fi\/wp-json\/wp\/v2\/pages\/402\/revisions"}],"predecessor-version":[{"id":772,"href":"http:\/\/www.fishven.com\/fi\/wp-json\/wp\/v2\/pages\/402\/revisions\/772"}],"wp:attachment":[{"href":"http:\/\/www.fishven.com\/fi\/wp-json\/wp\/v2\/media?parent=402"}],"curies":[{"name":"wp","href":"https:\/\/api.w.org\/{rel}","templated":true}]}}