{"id":116,"date":"2022-11-01T13:00:43","date_gmt":"2022-11-01T13:00:43","guid":{"rendered":"https:\/\/demo.fishven.com\/?page_id=116"},"modified":"2024-09-02T13:18:26","modified_gmt":"2024-09-02T13:18:26","slug":"a-propos-de-nous","status":"publish","type":"page","link":"http:\/\/www.fishven.com\/fr\/a-propos-de-nous\/","title":{"rendered":"\u00c0 propos de nous"},"content":{"rendered":"<section class=\"u-clearfix u-image u-shading u-section-2\" id=\"sec-7979\" data-image-width=\"1280\" data-image-height=\"853\" style=\"background-image: linear-gradient(0deg, rgba(0, 0, 0, 0.4), rgba(0, 0, 0, 0.4)), url(&quot;http:\/\/www.fishven.com\/wp-content\/uploads\/2022\/11\/57e5d6464852ad14f6da8c7dda79367d1d38d6ed5b586c4870287cd0934cc45dbb_1280.jpg&quot;);\">\n      <div class=\"u-clearfix u-sheet u-sheet-1\">\n        <h2 class=\"u-custom-font u-font-playfair-display u-text u-text-body-alt-color u-text-1\">Nous voulons r\u00e9organiser la gestion de la p\u00eache et des eaux int\u00e9rieures gr\u00e2ce \u00e0 un suivi efficace et \u00e0 une int\u00e9gration compl\u00e8te des donn\u00e9es.<\/h2>\n      <\/div>\n    <\/section>\n    <section class=\"u-clearfix u-image u-image-tiles u-section-3\" id=\"sec-3457\" data-image-width=\"1024\" data-image-height=\"576\" style=\"background-image: url(&quot;http:\/\/www.fishven.com\/wp-content\/uploads\/2022\/11\/backgroundfishvensmall.png&quot;);\">\n      <div class=\"data-layout-selected u-clearfix u-layout-wrap u-layout-wrap-1\">\n        <div class=\"u-layout\">\n          <div class=\"u-layout-row\">\n            <div class=\"u-container-style u-layout-cell u-palette-1-dark-2 u-size-30 u-layout-cell-1\">\n              <div class=\"u-container-layout u-container-layout-1\">\n                <h2 class=\"u-text u-text-default u-text-1\">Nos valeurs<\/h2>\n                <p class=\"u-text u-text-default u-text-2\">\n                  <span style=\"font-size: 1.125rem; font-weight: 700;\">La durabilit\u00e9, c'est la vie\nla vie.&nbsp;<\/span>\n                  <br>Nous consid\u00e9rons que la biodiversit\u00e9 par le biais d'une gestion durable des poissons et de l'eau est une responsabilit\u00e9 pour la soci\u00e9t\u00e9. Nous y apportons notre contribution active.&nbsp; &nbsp;<br>\n                  <br>\n                  <span style=\"font-weight: 700; font-size: 1.125rem;\">Un \"nous\" authentique&nbsp;<\/span>\n                  <br>Nous consid\u00e9rons que la meilleure performance et la motivation sont en harmonie. Nous cr\u00e9ons un environnement de travail dans lequel les collaborateurs, les clients et les partenaires se sentent bien.&nbsp; &nbsp;<br>\n                  <br>\n                  <span style=\"font-size: 1.125rem; font-weight: 700;\">Ensemble, c'est l'un pour l'autre.<\/span>&nbsp;<br> L'\u00e9quit\u00e9, l'int\u00e9grit\u00e9, le respect, la compassion et une modestie assum\u00e9e sont nos principes fondamentaux. Nous faisons ce qui est important et juste.<br>&nbsp; &nbsp;<br>\n                  <span style=\"font-weight: 700; font-size: 1.125rem;\">Nous faisons preuve d'innovation.&nbsp;<\/span>\n                  <br> Nous consid\u00e9rons les d\u00e9fis comme des opportunit\u00e9s. Avec passion, attention et courage, nous travaillons avec ing\u00e9niosit\u00e9 et d\u00e9termination.\n                <\/p>\n              <\/div>\n            <\/div>\n            <div class=\"u-align-right u-container-align-right u-container-style u-layout-cell u-size-30 u-layout-cell-2\">\n              <div class=\"u-container-layout u-container-layout-2\">\n                <div class=\"u-align-right u-border-4 u-border-palette-3-base u-container-align-center-sm u-container-align-center-xs u-container-align-right u-container-style u-group u-shape-rectangle u-group-1\">\n                  <div class=\"u-container-layout u-container-layout-3\">\n                    <h2 class=\"u-align-center-sm u-align-center-xs u-text u-text-default u-text-palette-3-dark-1 u-text-3\">Notre c\u0153ur<\/h2>\n                    <p class=\"u-align-center-sm u-align-center-xs u-large-text u-text u-text-palette-3-dark-1 u-text-variant u-text-4\"> Les relations sont importantes pour nous et nous nous consid\u00e9rons comme des entrepreneurs qui assument une responsabilit\u00e9 sociale et \u00e9cologique pour et avec les autres. Nous poss\u00e9dons un \u00e9tat d'esprit moderne, durable et ouvert sur le monde.  Nous portons les valeurs de notre entreprise dans notre c\u0153ur <\/p>\n                  <\/div>\n                <\/div>\n              <\/div>\n            <\/div>\n          <\/div>\n        <\/div>\n      <\/div>\n    <\/section>\n    <section class=\"u-clearfix u-custom-typography u-image u-image-tiles u-section-4\" id=\"sec-480d\" data-image-width=\"1024\" data-image-height=\"576\" style=\"background-image: url(&quot;http:\/\/www.fishven.com\/wp-content\/uploads\/2022\/11\/backgroundfishvensmall.png&quot;);\">\n      <div class=\"u-clearfix u-sheet u-sheet-1\">\n        <div class=\"u-border-1 u-border-grey-dark-1 u-line u-line-horizontal u-line-1\" data-animation-name=\"customAnimationIn\" data-animation-duration=\"2000\" data-animation-delay=\"250\" data-animation-out=\"0\"><\/div>\n        <h1 class=\"u-align-left u-text u-text-default u-text-grey-75 u-text-1\" data-animation-out=\"0\">Une \u00e9quipe pour la durabilit\u00e9<\/h1>\n        <div class=\"u-expanded-width u-list u-list-1\">\n          <div class=\"u-repeater u-repeater-1\">\n            <div class=\"u-align-center u-container-align-center u-container-style u-list-item u-repeater-item u-list-item-1\" data-animation-out=\"0\">\n              <div class=\"u-container-layout u-similar-container u-valign-top u-container-layout-1\">\n                <div alt=\"\" class=\"u-align-center u-image u-image-circle u-preserve-proportions u-image-1\" src=\"\" data-image-width=\"420\" data-image-height=\"415\" style=\"background-image: url(&quot;http:\/\/www.fishven.com\/wp-content\/uploads\/2022\/11\/mario_baumgartner_420x415.jpg&quot;);\"><\/div>\n                <h5 class=\"u-text u-text-2\">Mario Baumgartner<\/h5>\n                <p class=\"u-text u-text-3\">Directeur g\u00e9n\u00e9ral<\/p>\n              <\/div>\n            <\/div>\n            <div class=\"u-align-center u-container-align-center u-container-style u-list-item u-repeater-item u-list-item-2\" data-animation-out=\"0\">\n              <div class=\"u-container-layout u-similar-container u-valign-top u-container-layout-2\">\n                <div alt=\"\" class=\"u-align-center u-image u-image-circle u-preserve-proportions u-image-2\" src=\"\" data-image-width=\"800\" data-image-height=\"800\" style=\"background-image: url(&quot;http:\/\/www.fishven.com\/wp-content\/uploads\/2022\/11\/christianniedermeier.jpg&quot;);\"><\/div>\n                <h5 class=\"u-text u-text-4\">Christian Niedermeier<\/h5>\n                <p class=\"u-text u-text-5\">Directeur financier<\/p>\n              <\/div>\n            <\/div>\n            <div class=\"u-align-center u-container-align-center u-container-style u-list-item u-repeater-item u-list-item-3\">\n              <div class=\"u-container-layout u-similar-container u-valign-top u-container-layout-3\">\n                <div alt=\"\" class=\"u-align-center u-image u-image-circle u-preserve-proportions u-image-3\" src=\"\" data-image-width=\"2233\" data-image-height=\"2211\" style=\"background-image: url(&quot;http:\/\/www.fishven.com\/wp-content\/uploads\/2022\/11\/andrey-cekovski-s.jpg&quot;);\"><\/div>\n                <h5 class=\"u-text u-text-6\">Andrey Cekovski<\/h5>\n                <p class=\"u-text u-text-7\">Directeur IT &amp; Infrastructure<br>\n                <\/p>\n              <\/div>\n            <\/div>\n            <div class=\"u-align-center u-container-align-center u-container-style u-list-item u-repeater-item u-list-item-4\">\n              <div class=\"u-container-layout u-similar-container u-valign-top u-container-layout-4\">\n                <div alt=\"\" class=\"u-align-center u-image u-image-circle u-preserve-proportions u-image-4\" src=\"\" data-image-width=\"1600\" data-image-height=\"1067\" style=\"background-image: url(&quot;http:\/\/www.fishven.com\/wp-content\/uploads\/2024\/09\/PhilippBinaghicoloured1.jpg&quot;);\"><\/div>\n                <h5 class=\"u-text u-text-8\">Philipp Binaghi<br>\n                <\/h5>\n                <p class=\"u-text u-text-9\"> Communication et marketing<br>\n                <\/p>\n              <\/div>\n            <\/div>\n            <div class=\"u-align-center u-container-align-center u-container-style u-list-item u-repeater-item u-list-item-5\" data-animation-out=\"0\">\n              <div class=\"u-container-layout u-similar-container u-valign-top u-container-layout-5\">\n                <div alt=\"\" class=\"u-align-center u-image u-image-circle u-preserve-proportions u-image-5\" src=\"\" data-image-width=\"500\" data-image-height=\"500\" style=\"background-image: url(&quot;data:image\/svg+xml;base64,PHN2ZyB2ZXJzaW9uPSIxLjEiIGlkPSJtYW4iIHhtbG5zPSJodHRwOi8vd3d3LnczLm9yZy8yMDAwL3N2ZyIgeD0iMHB4IiB5PSIwcHgiIHZpZXdCb3g9IjAgMCAyNTYgMjU2IiBzdHlsZT0id2lkdGg6IDI1NnB4OyBoZWlnaHQ6IDI1NnB4OyI+CjxyZWN0IGZpbGw9IiNDNkQ4RTEiIHdpZHRoPSIyNTYiIGhlaWdodD0iMjU2Ii8+CjxwYXRoIGZpbGw9IiM3Rjk2QTYiIGQ9Ik0xNzIuNiw5My40YzExLjYtNDQuNy0xMS4yLTQ4LjYtMTEuNy00OC4xYy0yMi40LTMxLjMtOTAuMy0xNi44LTc3LjQsNDguMWMtMTMuMy0yLjQtMS44LDMxLjYsMy43LDMyLjEKCWMwLDAsMCwwLDAsMGMwLjIsMCwwLjMsMCwwLjUtMC4xYzE0LjQsNDkuNyw2Mi43LDUwLjIsODAuNywwQzE3Mi4zLDEyNy4zLDE4Ni41LDkzLjMsMTcyLjYsOTMuNHoiLz4KPHBhdGggZmlsbD0iIzdGOTZBNiIgZD0iTTIwNS40LDE3Ny45Yy0yNC02LjEtNDMuNS0xOS44LTQzLjUtMTkuOGwtMjAuNiw2NC44bC04LTIyLjhjMTkuNy0yNy41LTMwLjMtMjcuNS0xMC42LDBsLTgsMjIuOEw5NCwxNTguMQoJYzAsMC0xOS41LDEzLjctNDMuNSwxOS44QzMyLjcsMTgyLjUsMzAsMjU2LDMwLDI1NmgxOTZDMjI2LDI1NiwyMjMuMywxODIuNSwyMDUuNCwxNzcuOXoiLz4KPC9zdmc+Cg==&quot;);\"><\/div>\n                <h5 class=\"u-text u-text-10\"> Milen Rabadzhiev<\/h5>\n                <p class=\"u-text u-text-11\">D\u00e9veloppeur<\/p>\n              <\/div>\n            <\/div>\n            <div class=\"u-align-center u-container-align-center u-container-style u-list-item u-repeater-item u-list-item-6\">\n              <div class=\"u-container-layout u-similar-container u-valign-top u-container-layout-6\">\n                <div alt=\"\" class=\"u-align-center u-image u-image-circle u-preserve-proportions u-image-6\" src=\"\" data-image-width=\"1500\" data-image-height=\"1745\" style=\"background-image: url(&quot;http:\/\/www.fishven.com\/wp-content\/uploads\/2022\/11\/IvanMomchilov.png&quot;);\"><\/div>\n                <h5 class=\"u-text u-text-12\">Ivan Momchilov<\/h5>\n                <p class=\"u-text u-text-13\">D\u00e9veloppeur senior<\/p>\n              <\/div>\n            <\/div>\n            <div class=\"u-align-center u-container-align-center u-container-style u-list-item u-repeater-item u-list-item-7\">\n              <div class=\"u-container-layout u-similar-container u-valign-top u-container-layout-7\">\n                <div alt=\"\" class=\"u-align-center u-image u-image-circle u-preserve-proportions u-image-7\" src=\"\" data-image-width=\"935\" data-image-height=\"930\" style=\"background-image: url(&quot;http:\/\/www.fishven.com\/wp-content\/uploads\/2023\/11\/MG_8619N_carre.jpg&quot;);\"><\/div>\n                <h5 class=\"u-text u-text-14\">Mathais Gerst<br>\n                <\/h5>\n                <p class=\"u-text u-text-15\">Directeur des ventes<br>\n                <\/p>\n              <\/div>\n            <\/div>\n            <div class=\"u-align-center u-container-align-center u-container-style u-list-item u-repeater-item u-list-item-8\">\n              <div class=\"u-container-layout u-similar-container u-valign-top u-container-layout-8\">\n                <div alt=\"\" class=\"u-align-center u-image u-image-circle u-preserve-proportions u-image-8\" src=\"\" data-image-width=\"510\" data-image-height=\"496\" style=\"background-image: url(&quot;http:\/\/www.fishven.com\/wp-content\/uploads\/2023\/11\/Blandine-432_V3_2.jpg&quot;);\"><\/div>\n                <h5 class=\"u-text u-text-16\"> Blandine Kr\u00fcmel<\/h5>\n                <p class=\"u-text u-text-17\"> Responsable des ventes<\/p>\n              <\/div>\n            <\/div>\n            <div class=\"u-align-center u-container-align-center u-container-style u-list-item u-repeater-item u-list-item-9\">\n              <div class=\"u-container-layout u-similar-container u-valign-top u-container-layout-9\">\n                <div alt=\"\" class=\"u-align-center u-image u-image-circle u-preserve-proportions u-image-9\" src=\"\" data-image-width=\"778\" data-image-height=\"800\" style=\"background-image: url(&quot;http:\/\/www.fishven.com\/wp-content\/uploads\/2023\/11\/1549372296-2300-copie.jpg&quot;);\"><\/div>\n                <h5 class=\"u-text u-text-18\">Roman Banz<\/h5>\n                <p class=\"u-text u-text-19\"> Directeur informatique<\/p>\n              <\/div>\n            <\/div>\n          <\/div>\n        <\/div>\n      <\/div>\n    <\/section>\n    <section class=\"u-clearfix u-section-5\" id=\"carousel_d794\">\n      <div class=\"data-layout-selected u-clearfix u-layout-wrap u-layout-wrap-1\">\n        <div class=\"u-layout\">\n          <div class=\"u-layout-row\">\n            <div class=\"u-container-style u-layout-cell u-size-36 u-white u-layout-cell-1\">\n              <div class=\"u-container-layout u-container-layout-1\">\n                <h2 class=\"u-text u-text-default u-text-grey-75 u-text-1\">Cr\u00e9er de la durabilit\u00e9 avec des partenaires<br>\n                <\/h2>\n                <h1 class=\"u-text u-text-palette-3-base u-text-2\"> Les partenariats sont des communaut\u00e9s bas\u00e9es sur les m\u00eames valeurs et principes.<\/h1>\n                <p class=\"u-large-text u-text u-text-default u-text-grey-75 u-text-variant u-text-3\">C'est dans cet esprit que nous travaillons depuis des ann\u00e9es avec des partenaires de diff\u00e9rents secteurs afin d'optimiser nos services. Nous en sommes fiers.<br>\n                <\/p>\n              <\/div>\n            <\/div>\n            <div class=\"u-align-right u-container-align-right u-container-style u-layout-cell u-size-24 u-layout-cell-2\">\n              <div class=\"u-container-layout u-container-layout-2\">\n                <img decoding=\"async\" class=\"u-image u-image-default u-image-1\" src=\"http:\/\/www.fishven.com\/wp-content\/uploads\/2023\/11\/hostpoint-logo2x.png\" alt=\"\" data-image-width=\"731\" data-image-height=\"141\">\n                <img decoding=\"async\" class=\"u-image u-image-contain u-image-default u-image-2\" src=\"http:\/\/www.fishven.com\/wp-content\/uploads\/2023\/11\/1_logo_PST_couleur_noir.png\" alt=\"\" data-image-width=\"2234\" data-image-height=\"1595\" data-href=\"https:\/\/pst-smartcity.ch\/?lang=fr\" data-target=\"_blank\">\n              <\/div>\n            <\/div>\n          <\/div>\n        <\/div>\n      <\/div>\n    <\/section>\n    <section class=\"u-clearfix u-image u-image-tiles u-section-6\" id=\"carousel_cad6\" data-image-width=\"1024\" data-image-height=\"576\" style=\"background-image: url(&quot;http:\/\/www.fishven.com\/wp-content\/uploads\/2022\/11\/backgroundfishvensmall.png&quot;);\">\n      <div class=\"u-clearfix u-sheet u-sheet-1\">\n        <div class=\"u-clearfix u-expanded-width u-layout-wrap u-layout-wrap-1\">\n          <div class=\"u-layout\" style=\"\">\n            <div class=\"u-layout-row\" style=\"\">\n              <div class=\"u-container-style u-layout-cell u-shape-rectangle u-size-24 u-layout-cell-1\">\n                <div class=\"u-container-layout u-container-layout-1\">\n                  <div class=\"u-align-left u-border-1 u-border-grey-dark-1 u-line u-line-horizontal u-line-1\"><\/div>\n                  <h5 class=\"u-custom-font u-font-montserrat u-text u-text-default-lg u-text-default-xl u-text-grey-75 u-text-1\"> P\u00eache \u00e0 la ligne et p\u00eache professionnelle durables ! Notre contribution \u00e0 la biodiversit\u00e9 passe par des applications modernes de collecte, la consolidation de donn\u00e9es h\u00e9t\u00e9rog\u00e8nes et des m\u00e9thodes modernes d'analyse.<\/h5>\n                  <div class=\"u-image u-image-circle u-image-contain u-image-1\" alt=\"\" data-image-width=\"3234\" data-image-height=\"1566\" data-animation-name=\"customAnimationIn\" data-animation-duration=\"1750\" data-animation-delay=\"250\" data-animation-out=\"0\" style=\"background-image: url(&quot;http:\/\/www.fishven.com\/wp-content\/uploads\/2022\/11\/2021-06-10-LogoFishven.png&quot;);\"><\/div>\n                <\/div>\n              <\/div>\n              <div class=\"u-align-justify u-container-style u-layout-cell u-size-36 u-layout-cell-2\">\n                <div class=\"u-container-layout u-container-layout-2\">\n                  <h2 class=\"u-text u-text-grey-75 u-text-2\">Une histoire&nbsp;<\/h2>\n                  <p class=\"u-text u-text-default u-text-grey-75 u-text-3\"> L'id\u00e9e d'une statistique num\u00e9rique des captures est n\u00e9e en 2016. <br>Antoni, un \u00e9tudiant de l'universit\u00e9 de Fribourg (CH), s'est agac\u00e9 de l'inefficacit\u00e9 du livret de statistiques papier. \"Ce genre de chose devrait \u00eatre num\u00e9ris\u00e9, et ce via une application mobile\". <br>\n                    <br>En collaboration avec Mario Baumgartner et l'institut iimt, ils ont r\u00e9ussi \u00e0 cr\u00e9er en quelques semaines le premier prototype, qui a d\u00e9j\u00e0 suscit\u00e9 l'enthousiasme des premiers cantons. Le canton des Grisons a d\u00e9cid\u00e9 d'effectuer une phase de test avec la jeune \u00e9quipe et l'\"application de p\u00eache\" a su convaincre. Pendant la phase de test, d'autres fonctions ont pu \u00eatre ajout\u00e9es et les petits probl\u00e8mes habituels ont \u00e9t\u00e9 \u00e9limin\u00e9s. Le roll-out a \u00e9t\u00e9 pr\u00e9par\u00e9. La premi\u00e8re \u00e9tape a \u00e9t\u00e9 franchie en 2018 et la \"Fischerei-App\" est devenue officiellement la premi\u00e8re statistique de p\u00eache num\u00e9rique. <br>\n                    <br>Au fil du temps, les r\u00e9actions des cantons et des utilisateurs ont \u00e9t\u00e9 prises en compte de mani\u00e8re intensive et l'application a \u00e9t\u00e9 enrichie de nouvelles fonctions. Cela a permis de d\u00e9velopper une application de plus en plus compl\u00e8te, qui convainc aussi bien les p\u00eacheurs* que les autorit\u00e9s. <br>\n                    <br>En 2019 et 2020, d'autres cantons ont \u00e9t\u00e9 convaincus et ont introduit l'\"app p\u00eache\". Entre-temps, nous pouvons compter sur une large base de clients et nous nous r\u00e9jouissons de chaque nouvelle administration de la p\u00eache que nous pouvons convaincre et enthousiasmer. Ce qui a commenc\u00e9 en Suisse fonctionne \u00e9galement au niveau international et l'application est sur le point d'\u00eatre d\u00e9ploy\u00e9e dans les premiers pays europ\u00e9ens. <br>\n                    <br>En 2022, nous avons rebaptis\u00e9 l'\"application p\u00eache\" en \"Fishven\", l'abr\u00e9viation de Fish Venture (mouvement\/projet). Cette d\u00e9cision s'explique par le fait que nous regroupons d\u00e9sormais un large \u00e9ventail de solutions num\u00e9riques li\u00e9es \u00e0 la gestion de la p\u00eache, notamment une application mobile pour la surveillance des poissons, pour les p\u00eacheurs professionnels et une plateforme administrative en tant qu'\u00e9l\u00e9ment int\u00e9grateur.<br>\n                    <br>Notre vision est, outre le d\u00e9veloppement continu de solutions d'application num\u00e9riques et efficaces, l'int\u00e9gration de diverses sources de donn\u00e9es autour du th\u00e8me de la biodiversit\u00e9 aquatique\/des poissons. Nous y voyons la base d'une gestion active de la situation. Cela permet aux administrations de la p\u00eache d'analyser et d'\u00e9valuer en temps r\u00e9el la situation des cours d'eau et, le cas \u00e9ch\u00e9ant, de prendre des mesures. A moyen terme, cela permettra de mettre en place un suivi et un reporting uniformes. Dans l'id\u00e9al, nous contribuerons avec \"Fishven\" \u00e0 rendre la biodiversit\u00e9 mesurable, repr\u00e9sentable et comparable de mani\u00e8re uniforme.<br>\n                  <\/p>\n                <\/div>\n              <\/div>\n            <\/div>\n          <\/div>\n        <\/div>\n      <\/div>\n    <\/section>","protected":false},"excerpt":{"rendered":"<p>Nous voulons r\u00e9organiser la gestion et l'entretien de la p\u00eache et des eaux int\u00e9rieures gr\u00e2ce \u00e0 un suivi efficace et \u00e0 une int\u00e9gration compl\u00e8te des donn\u00e9es Nos valeurs La durabilit\u00e9, c'est la vie.  Nous consid\u00e9rons la biodiversit\u00e9 par une gestion durable de la p\u00eache et de l'eau comme une responsabilit\u00e9 pour la soci\u00e9t\u00e9. Nous apportons notre contribution active.    Un \"nous\" authentique.  Nous consid\u00e9rons que les meilleures performances et la motivation sont en harmonie. ... <a href=\"http:\/\/www.fishven.com\/fr\/a-propos-de-nous\/\" class=\"more-link\">Continuer la lecture<span class=\"screen-reader-text\"> \"\u00c0 propos de nous\"<\/span><\/a><\/p>","protected":false},"author":1,"featured_media":0,"parent":0,"menu_order":0,"comment_status":"closed","ping_status":"closed","template":"","meta":{"footnotes":""},"class_list":["post-116","page","type-page","status-publish","hentry"],"_links":{"self":[{"href":"http:\/\/www.fishven.com\/fr\/wp-json\/wp\/v2\/pages\/116","targetHints":{"allow":["GET"]}}],"collection":[{"href":"http:\/\/www.fishven.com\/fr\/wp-json\/wp\/v2\/pages"}],"about":[{"href":"http:\/\/www.fishven.com\/fr\/wp-json\/wp\/v2\/types\/page"}],"author":[{"embeddable":true,"href":"http:\/\/www.fishven.com\/fr\/wp-json\/wp\/v2\/users\/1"}],"replies":[{"embeddable":true,"href":"http:\/\/www.fishven.com\/fr\/wp-json\/wp\/v2\/comments?post=116"}],"version-history":[{"count":41,"href":"http:\/\/www.fishven.com\/fr\/wp-json\/wp\/v2\/pages\/116\/revisions"}],"predecessor-version":[{"id":903,"href":"http:\/\/www.fishven.com\/fr\/wp-json\/wp\/v2\/pages\/116\/revisions\/903"}],"wp:attachment":[{"href":"http:\/\/www.fishven.com\/fr\/wp-json\/wp\/v2\/media?parent=116"}],"curies":[{"name":"wp","href":"https:\/\/api.w.org\/{rel}","templated":true}]}}