{"id":116,"date":"2022-11-01T13:00:43","date_gmt":"2022-11-01T13:00:43","guid":{"rendered":"https:\/\/demo.fishven.com\/?page_id=116"},"modified":"2024-09-02T13:18:26","modified_gmt":"2024-09-02T13:18:26","slug":"ueber-fishven","status":"publish","type":"page","link":"https:\/\/www.fishven.com\/de\/ueber-fishven\/","title":{"rendered":"\u00dcber uns"},"content":{"rendered":"\n    \n    <section class=\"u-clearfix u-image u-shading u-section-2\" id=\"sec-7979\" data-image-width=\"1280\" data-image-height=\"853\" style=\"background-image: linear-gradient(0deg, rgba(0, 0, 0, 0.4), rgba(0, 0, 0, 0.4)), url(&quot;https:\/\/www.fishven.com\/wp-content\/uploads\/2022\/11\/57e5d6464852ad14f6da8c7dda79367d1d38d6ed5b586c4870287cd0934cc45dbb_1280.jpg&quot;);\">\n      <div class=\"u-clearfix u-sheet u-sheet-1\">\n        <h2 class=\"u-custom-font u-font-playfair-display u-text u-text-body-alt-color u-text-1\">Wir wollen mit einem effektiven Monitoring und umfassender Datenintegration die Hege &amp; Pflege f\u00fcr die Fischerei und Binnengew\u00e4sser neu gestalten<\/h2>\n      <\/div>\n    <\/section>\n    <section class=\"u-clearfix u-image u-image-tiles u-section-3\" id=\"sec-3457\" data-image-width=\"1024\" data-image-height=\"576\" style=\"background-image: url(&quot;https:\/\/www.fishven.com\/wp-content\/uploads\/2022\/11\/backgroundfishvensmall.png&quot;);\">\n      <div class=\"data-layout-selected u-clearfix u-layout-wrap u-layout-wrap-1\">\n        <div class=\"u-layout\">\n          <div class=\"u-layout-row\">\n            <div class=\"u-container-style u-layout-cell u-palette-1-dark-2 u-size-30 u-layout-cell-1\">\n              <div class=\"u-container-layout u-container-layout-1\">\n                <h2 class=\"u-text u-text-default u-text-1\">Unsere Werte<\/h2>\n                <p class=\"u-text u-text-default u-text-2\">\n                  <span style=\"font-size: 1.125rem; font-weight: 700;\">Nachhaltigkeit ist\nLeben.&nbsp;<\/span>\n                  <br>Biodiversit\u00e4t durch eine nachhaltige Fisch- und Wasserwirtschaft sehen wir als Verantwortung f\u00fcr die Gesellschaft. Wir leisten unseren aktiven Beitrag.&nbsp; &nbsp;<br>\n                  <br>\n                  <span style=\"font-weight: 700; font-size: 1.125rem;\">Ein authentisches \u00abWir\u00bb.&nbsp;<\/span>\n                  <br>Bestleistung und Motivation sehen wir im Einklang. Wir schaffen ein Arbeitsumfeld, in dem sich Mitarbeiter, Kunden und Partner wohl f\u00fchlen.&nbsp; &nbsp;<br>\n                  <br>\n                  <span style=\"font-size: 1.125rem; font-weight: 700;\">Zusammen heisst f\u00fcreinander.<\/span>&nbsp;<br> Fairness, Integrit\u00e4t, Respekt, Mitgef\u00fchl und eine selbstbewusste Bescheidenheit sind unsere Grundhaltung. Wir tun das Wichtige und Richtige.<br>&nbsp; &nbsp;<br>\n                  <span style=\"font-weight: 700; font-size: 1.125rem;\">Wir beweisen Innovation.&nbsp;<\/span>\n                  <br> Herausforderungen sehen wir als Chancen. Mit Leidenschaft, Achtsamkeit und Mut arbeiten wir einfallsreich und entschlossen.\n                <\/p>\n              <\/div>\n            <\/div>\n            <div class=\"u-align-right u-container-align-right u-container-style u-layout-cell u-size-30 u-layout-cell-2\">\n              <div class=\"u-container-layout u-container-layout-2\">\n                <div class=\"u-align-right u-border-4 u-border-palette-3-base u-container-align-center-sm u-container-align-center-xs u-container-align-right u-container-style u-group u-shape-rectangle u-group-1\">\n                  <div class=\"u-container-layout u-container-layout-3\">\n                    <h2 class=\"u-align-center-sm u-align-center-xs u-text u-text-default u-text-palette-3-dark-1 u-text-3\">Unser Herz<\/h2>\n                    <p class=\"u-align-center-sm u-align-center-xs u-large-text u-text u-text-palette-3-dark-1 u-text-variant u-text-4\"> Beziehungen sind uns wichtig und wir verstehen uns als Unternehmer, die f\u00fcr und mit anderen in einer gesellschaftlichen und \u00f6kologischen Verantwortung stehen. Wir besitzen ein modernes, nachhaltiges und weltoffenes Mind-Set.  Wir tragen unsere Unternehmenswerte in unserem Herzen <\/p>\n                  <\/div>\n                <\/div>\n              <\/div>\n            <\/div>\n          <\/div>\n        <\/div>\n      <\/div>\n    <\/section>\n    <section class=\"u-clearfix u-custom-typography u-image u-image-tiles u-section-4\" id=\"sec-480d\" data-image-width=\"1024\" data-image-height=\"576\" style=\"background-image: url(&quot;https:\/\/www.fishven.com\/wp-content\/uploads\/2022\/11\/backgroundfishvensmall.png&quot;);\">\n      <div class=\"u-clearfix u-sheet u-sheet-1\">\n        <div class=\"u-border-1 u-border-grey-dark-1 u-line u-line-horizontal u-line-1\" data-animation-name=\"customAnimationIn\" data-animation-duration=\"2000\" data-animation-delay=\"250\" data-animation-out=\"0\"><\/div>\n        <h1 class=\"u-align-left u-text u-text-default u-text-grey-75 u-text-1\" data-animation-out=\"0\">Ein Team f\u00fcr Nachhaltigkeit<\/h1>\n        <div class=\"u-expanded-width u-list u-list-1\">\n          <div class=\"u-repeater u-repeater-1\">\n            <div class=\"u-align-center u-container-align-center u-container-style u-list-item u-repeater-item u-list-item-1\" data-animation-out=\"0\">\n              <div class=\"u-container-layout u-similar-container u-valign-top u-container-layout-1\">\n                <div alt=\"\" class=\"u-align-center u-image u-image-circle u-preserve-proportions u-image-1\" src=\"\" data-image-width=\"420\" data-image-height=\"415\" style=\"background-image: url(&quot;https:\/\/www.fishven.com\/wp-content\/uploads\/2022\/11\/mario_baumgartner_420x415.jpg&quot;);\"><\/div>\n                <h5 class=\"u-text u-text-2\">Mario Baumgartner<\/h5>\n                <p class=\"u-text u-text-3\">Gesch\u00e4ftsf\u00fchrer<\/p>\n              <\/div>\n            <\/div>\n            <div class=\"u-align-center u-container-align-center u-container-style u-list-item u-repeater-item u-list-item-2\" data-animation-out=\"0\">\n              <div class=\"u-container-layout u-similar-container u-valign-top u-container-layout-2\">\n                <div alt=\"\" class=\"u-align-center u-image u-image-circle u-preserve-proportions u-image-2\" src=\"\" data-image-width=\"800\" data-image-height=\"800\" style=\"background-image: url(&quot;https:\/\/www.fishven.com\/wp-content\/uploads\/2022\/11\/christianniedermeier.jpg&quot;);\"><\/div>\n                <h5 class=\"u-text u-text-4\">Christian Niedermeier<\/h5>\n                <p class=\"u-text u-text-5\">Leiter Finanz<\/p>\n              <\/div>\n            <\/div>\n            <div class=\"u-align-center u-container-align-center u-container-style u-list-item u-repeater-item u-list-item-3\">\n              <div class=\"u-container-layout u-similar-container u-valign-top u-container-layout-3\">\n                <div alt=\"\" class=\"u-align-center u-image u-image-circle u-preserve-proportions u-image-3\" src=\"\" data-image-width=\"2233\" data-image-height=\"2211\" style=\"background-image: url(&quot;https:\/\/www.fishven.com\/wp-content\/uploads\/2022\/11\/andrey-cekovski-s.jpg&quot;);\"><\/div>\n                <h5 class=\"u-text u-text-6\">Andrey Cekovski<\/h5>\n                <p class=\"u-text u-text-7\">Leiter IT &amp; Infrastuktur<br>\n                <\/p>\n              <\/div>\n            <\/div>\n            <div class=\"u-align-center u-container-align-center u-container-style u-list-item u-repeater-item u-list-item-4\">\n              <div class=\"u-container-layout u-similar-container u-valign-top u-container-layout-4\">\n                <div alt=\"\" class=\"u-align-center u-image u-image-circle u-preserve-proportions u-image-4\" src=\"\" data-image-width=\"1600\" data-image-height=\"1067\" style=\"background-image: url(&quot;https:\/\/www.fishven.com\/wp-content\/uploads\/2024\/09\/PhilippBinaghicoloured1.jpg&quot;);\"><\/div>\n                <h5 class=\"u-text u-text-8\">Philipp Binaghi<br>\n                <\/h5>\n                <p class=\"u-text u-text-9\"> Kommunikation &amp; Marketing<br>\n                <\/p>\n              <\/div>\n            <\/div>\n            <div class=\"u-align-center u-container-align-center u-container-style u-list-item u-repeater-item u-list-item-5\" data-animation-out=\"0\">\n              <div class=\"u-container-layout u-similar-container u-valign-top u-container-layout-5\">\n                <div alt=\"\" class=\"u-align-center u-image u-image-circle u-preserve-proportions u-image-5\" src=\"\" data-image-width=\"500\" data-image-height=\"500\" style=\"background-image: url(&quot;data:image\/svg+xml;base64,PHN2ZyB2ZXJzaW9uPSIxLjEiIGlkPSJtYW4iIHhtbG5zPSJodHRwOi8vd3d3LnczLm9yZy8yMDAwL3N2ZyIgeD0iMHB4IiB5PSIwcHgiIHZpZXdCb3g9IjAgMCAyNTYgMjU2IiBzdHlsZT0id2lkdGg6IDI1NnB4OyBoZWlnaHQ6IDI1NnB4OyI+CjxyZWN0IGZpbGw9IiNDNkQ4RTEiIHdpZHRoPSIyNTYiIGhlaWdodD0iMjU2Ii8+CjxwYXRoIGZpbGw9IiM3Rjk2QTYiIGQ9Ik0xNzIuNiw5My40YzExLjYtNDQuNy0xMS4yLTQ4LjYtMTEuNy00OC4xYy0yMi40LTMxLjMtOTAuMy0xNi44LTc3LjQsNDguMWMtMTMuMy0yLjQtMS44LDMxLjYsMy43LDMyLjEKCWMwLDAsMCwwLDAsMGMwLjIsMCwwLjMsMCwwLjUtMC4xYzE0LjQsNDkuNyw2Mi43LDUwLjIsODAuNywwQzE3Mi4zLDEyNy4zLDE4Ni41LDkzLjMsMTcyLjYsOTMuNHoiLz4KPHBhdGggZmlsbD0iIzdGOTZBNiIgZD0iTTIwNS40LDE3Ny45Yy0yNC02LjEtNDMuNS0xOS44LTQzLjUtMTkuOGwtMjAuNiw2NC44bC04LTIyLjhjMTkuNy0yNy41LTMwLjMtMjcuNS0xMC42LDBsLTgsMjIuOEw5NCwxNTguMQoJYzAsMC0xOS41LDEzLjctNDMuNSwxOS44QzMyLjcsMTgyLjUsMzAsMjU2LDMwLDI1NmgxOTZDMjI2LDI1NiwyMjMuMywxODIuNSwyMDUuNCwxNzcuOXoiLz4KPC9zdmc+Cg==&quot;);\"><\/div>\n                <h5 class=\"u-text u-text-10\"> Milen Rabadzhiev<\/h5>\n                <p class=\"u-text u-text-11\">Entwickler<\/p>\n              <\/div>\n            <\/div>\n            <div class=\"u-align-center u-container-align-center u-container-style u-list-item u-repeater-item u-list-item-6\">\n              <div class=\"u-container-layout u-similar-container u-valign-top u-container-layout-6\">\n                <div alt=\"\" class=\"u-align-center u-image u-image-circle u-preserve-proportions u-image-6\" src=\"\" data-image-width=\"1500\" data-image-height=\"1745\" style=\"background-image: url(&quot;https:\/\/www.fishven.com\/wp-content\/uploads\/2022\/11\/IvanMomchilov.png&quot;);\"><\/div>\n                <h5 class=\"u-text u-text-12\">Ivan Momchilov<\/h5>\n                <p class=\"u-text u-text-13\">Senior Entwickler<\/p>\n              <\/div>\n            <\/div>\n            <div class=\"u-align-center u-container-align-center u-container-style u-list-item u-repeater-item u-list-item-7\">\n              <div class=\"u-container-layout u-similar-container u-valign-top u-container-layout-7\">\n                <div alt=\"\" class=\"u-align-center u-image u-image-circle u-preserve-proportions u-image-7\" src=\"\" data-image-width=\"935\" data-image-height=\"930\" style=\"background-image: url(&quot;https:\/\/www.fishven.com\/wp-content\/uploads\/2023\/11\/MG_8619N_carre.jpg&quot;);\"><\/div>\n                <h5 class=\"u-text u-text-14\">Mathais Gerst<br>\n                <\/h5>\n                <p class=\"u-text u-text-15\">Leiter Vertrieb<br>\n                <\/p>\n              <\/div>\n            <\/div>\n            <div class=\"u-align-center u-container-align-center u-container-style u-list-item u-repeater-item u-list-item-8\">\n              <div class=\"u-container-layout u-similar-container u-valign-top u-container-layout-8\">\n                <div alt=\"\" class=\"u-align-center u-image u-image-circle u-preserve-proportions u-image-8\" src=\"\" data-image-width=\"510\" data-image-height=\"496\" style=\"background-image: url(&quot;https:\/\/www.fishven.com\/wp-content\/uploads\/2023\/11\/Blandine-432_V3_2.jpg&quot;);\"><\/div>\n                <h5 class=\"u-text u-text-16\"> Blandine Kr\u00fcmel<\/h5>\n                <p class=\"u-text u-text-17\"> Vertrieb Managerin<\/p>\n              <\/div>\n            <\/div>\n            <div class=\"u-align-center u-container-align-center u-container-style u-list-item u-repeater-item u-list-item-9\">\n              <div class=\"u-container-layout u-similar-container u-valign-top u-container-layout-9\">\n                <div alt=\"\" class=\"u-align-center u-image u-image-circle u-preserve-proportions u-image-9\" src=\"\" data-image-width=\"778\" data-image-height=\"800\" style=\"background-image: url(&quot;https:\/\/www.fishven.com\/wp-content\/uploads\/2023\/11\/1549372296-2300-copie.jpg&quot;);\"><\/div>\n                <h5 class=\"u-text u-text-18\">Roman Banz<\/h5>\n                <p class=\"u-text u-text-19\"> IT Manager<\/p>\n              <\/div>\n            <\/div>\n          <\/div>\n        <\/div>\n      <\/div>\n    <\/section>\n    <section class=\"u-clearfix u-section-5\" id=\"carousel_d794\">\n      <div class=\"data-layout-selected u-clearfix u-layout-wrap u-layout-wrap-1\">\n        <div class=\"u-layout\">\n          <div class=\"u-layout-row\">\n            <div class=\"u-container-style u-layout-cell u-size-36 u-white u-layout-cell-1\">\n              <div class=\"u-container-layout u-container-layout-1\">\n                <h2 class=\"u-text u-text-default u-text-grey-75 u-text-1\">Mit Partner Nachhaltigkeit schaffen<br>\n                <\/h2>\n                <h1 class=\"u-text u-text-palette-3-base u-text-2\"> Partnerschaft sind Gemeinschaften, die auf gleiche Werte und Prinzipien basieren.<\/h1>\n                <p class=\"u-large-text u-text u-text-default u-text-grey-75 u-text-variant u-text-3\">Im diesem Sinne arbeiten wir seit Jahren mit Partner aus verschiednen Sparten zusammen, um unsere Services zu optimieren. Wir sind stolz darauf.<br>\n                <\/p>\n              <\/div>\n            <\/div>\n            <div class=\"u-align-right u-container-align-right u-container-style u-layout-cell u-size-24 u-layout-cell-2\">\n              <div class=\"u-container-layout u-container-layout-2\">\n                <img decoding=\"async\" class=\"u-image u-image-default u-image-1\" src=\"https:\/\/www.fishven.com\/wp-content\/uploads\/2023\/11\/hostpoint-logo2x.png\" alt=\"\" data-image-width=\"731\" data-image-height=\"141\">\n                <img decoding=\"async\" class=\"u-image u-image-contain u-image-default u-image-2\" src=\"https:\/\/www.fishven.com\/wp-content\/uploads\/2023\/11\/1_logo_PST_couleur_noir.png\" alt=\"\" data-image-width=\"2234\" data-image-height=\"1595\" data-href=\"https:\/\/pst-smartcity.ch\/?lang=fr\" data-target=\"_blank\">\n              <\/div>\n            <\/div>\n          <\/div>\n        <\/div>\n      <\/div>\n    <\/section>\n    <section class=\"u-clearfix u-image u-image-tiles u-section-6\" id=\"carousel_cad6\" data-image-width=\"1024\" data-image-height=\"576\" style=\"background-image: url(&quot;https:\/\/www.fishven.com\/wp-content\/uploads\/2022\/11\/backgroundfishvensmall.png&quot;);\">\n      <div class=\"u-clearfix u-sheet u-sheet-1\">\n        <div class=\"u-clearfix u-expanded-width u-layout-wrap u-layout-wrap-1\">\n          <div class=\"u-layout\" style=\"\">\n            <div class=\"u-layout-row\" style=\"\">\n              <div class=\"u-container-style u-layout-cell u-shape-rectangle u-size-24 u-layout-cell-1\">\n                <div class=\"u-container-layout u-container-layout-1\">\n                  <div class=\"u-align-left u-border-1 u-border-grey-dark-1 u-line u-line-horizontal u-line-1\"><\/div>\n                  <h5 class=\"u-custom-font u-font-montserrat u-text u-text-default-lg u-text-default-xl u-text-grey-75 u-text-1\"> Nachhaltige Angel- und Berufsfischerei! Unser Beitrag zur Biodiversit\u00e4t bedeutet moderne Erfassungs-Applikationen, konsolidieren heterogener Daten und moderne Analysemethoden<\/h5>\n                  <div class=\"u-image u-image-circle u-image-contain u-image-1\" alt=\"\" data-image-width=\"3234\" data-image-height=\"1566\" data-animation-name=\"customAnimationIn\" data-animation-duration=\"1750\" data-animation-delay=\"250\" data-animation-out=\"0\" style=\"background-image: url(&quot;https:\/\/www.fishven.com\/wp-content\/uploads\/2022\/11\/2021-06-10-LogoFishven.png&quot;);\"><\/div>\n                <\/div>\n              <\/div>\n              <div class=\"u-align-justify u-container-style u-layout-cell u-size-36 u-layout-cell-2\">\n                <div class=\"u-container-layout u-container-layout-2\">\n                  <h2 class=\"u-text u-text-grey-75 u-text-2\">Eine Geschichte&nbsp;<\/h2>\n                  <p class=\"u-text u-text-default u-text-grey-75 u-text-3\"> Die Idee einer digitalen Fangstatistik wurde im Jahr 2016 geboren. <br>Antoni, ein Student an der Universit\u00e4t Fribourg (CH), \u00e4rgerte sich \u00fcber das ineffiziente Papierstatistikb\u00fcchlein. \u201eSo etwas geh\u00f6rt digitalisiert, und zwar \u00fcber eine mobile App\u201c. <br>\n                    <br>Zusammen mit Mario Baumgartner und dem iimt Institut gelang es innert wenigen Wochen den ersten Prototypen, der bei ersten Kantonen bereits f\u00fcr Begeisterung sorgte. Der Kanton Graub\u00fcnden entschloss sich f\u00fcr eine Testphase mit dem jungen Team und die \u201eFischerei-App\u201c konnte \u00fcberzeugen. W\u00e4hrend der Testphase konnten weitere Funktionen eingef\u00fcgt und \u00fcbliche kleine Probleme beseitigt werden. Der Roll-out wurde vorbereitet. Die erste Etappe wurde im Jahr 2018 erreicht und die \u201eFischerei-App\u201c wurde offiziell die erste digitale Fangstatistik. <br>\n                    <br>Intensiv wurden \u00fcber die Zeit Feedback von Kantonen und Anwendern ber\u00fccksichtigt und die App mit immer neuen Funktionen angereichert. Hierdurch gelang es, eine immer ganzheitlichere Applikation zu entwickeln, die Fischer*innen und Beh\u00f6rden gleicherma\u00dfen \u00fcberzeugt. <br>\n                    <br>In den Jahren 2019 und 2020 konnten weitere Kantone \u00fcberzeugt werden und f\u00fchrten die \u201eFischerei-App\u201c ein. Mittlerweile k\u00f6nnen wir auf eine breite Kundenbasis setzen und freuen uns \u00fcber jede weitere Fischereiverwaltung, die wir \u00fcberzeugen und begeistern k\u00f6nnen. Was in der Schweiz begonnen hat, funktioniert auch international und der Einsatz steht in den ersten Europ\u00e4ischen L\u00e4ndern vor dem Roll-Out. <br>\n                    <br>In 2022 haben wir die \u201eFischerei-App\u201c in \u201eFishven\u201c, die Kurzform f\u00fcr Fish Venture (Bewegung\/ Vorhaben), umbenannt. Dies begr\u00fcndet sich darauf, dass wir mittlerweile eine breite Palette an digitalen L\u00f6sungen rund um die Fischereiverwaltung zusammenfassen, insbesondere eine mobile App f\u00fcr die Fischaufsicht, f\u00fcr Berufsfischer und eine Administrationsplattform als integratives Element.<br>\n                    <br>Unsere Vision ist, neben der fortlaufenden Entwicklung von digitalen und effizienten Anwendungsl\u00f6sungen, die Integration diverser Datenquellen um das Thema Biodiversit\u00e4t Gew\u00e4sser\/ Fische. Wir sehen darin die Basis f\u00fcr ein aktives Lagemanagement. Dies erlaubt den Fischereiverwaltungen zeitnah, die Situation an den Gew\u00e4ssern zu analysieren, zu beurteilen und ggfs. Ma\u00dfnahmen zu ergreifen. Mittelfristig kann so ein einheitliches Monitoring und Reporting erm\u00f6glicht werden. Im Idealfall leisten wir mit \u201eFishven\u201c unseren Beitrag, Biodiversit\u00e4t einheitlich messbar, darstellbar und vergleichbar zu machen.<br>\n                  <\/p>\n                <\/div>\n              <\/div>\n            <\/div>\n          <\/div>\n        <\/div>\n      <\/div>\n    <\/section>\n    \n    \n    \n    \n    \n    \n  \n","protected":false},"excerpt":{"rendered":"<p>Wir wollen mit einem effektiven Monitoring und umfassender Datenintegration die Hege &amp; Pflege f\u00fcr die Fischerei und Binnengew\u00e4sser neu gestalten Unsere Werte Nachhaltigkeit ist Leben.&nbsp; Biodiversit\u00e4t durch eine nachhaltige Fisch- und Wasserwirtschaft sehen wir als Verantwortung f\u00fcr die Gesellschaft. Wir leisten unseren aktiven Beitrag.&nbsp; &nbsp; Ein authentisches \u00abWir\u00bb.&nbsp; Bestleistung und Motivation sehen wir im Einklang. &hellip; <a href=\"https:\/\/www.fishven.com\/de\/ueber-fishven\/\" class=\"more-link\">Continue reading<span class=\"screen-reader-text\"> &#8222;\u00dcber uns&#8220;<\/span><\/a><\/p>\n","protected":false},"author":1,"featured_media":0,"parent":0,"menu_order":0,"comment_status":"closed","ping_status":"closed","template":"","meta":{"footnotes":""},"class_list":["post-116","page","type-page","status-publish","hentry"],"_links":{"self":[{"href":"https:\/\/www.fishven.com\/de\/wp-json\/wp\/v2\/pages\/116","targetHints":{"allow":["GET"]}}],"collection":[{"href":"https:\/\/www.fishven.com\/de\/wp-json\/wp\/v2\/pages"}],"about":[{"href":"https:\/\/www.fishven.com\/de\/wp-json\/wp\/v2\/types\/page"}],"author":[{"embeddable":true,"href":"https:\/\/www.fishven.com\/de\/wp-json\/wp\/v2\/users\/1"}],"replies":[{"embeddable":true,"href":"https:\/\/www.fishven.com\/de\/wp-json\/wp\/v2\/comments?post=116"}],"version-history":[{"count":41,"href":"https:\/\/www.fishven.com\/de\/wp-json\/wp\/v2\/pages\/116\/revisions"}],"predecessor-version":[{"id":903,"href":"https:\/\/www.fishven.com\/de\/wp-json\/wp\/v2\/pages\/116\/revisions\/903"}],"wp:attachment":[{"href":"https:\/\/www.fishven.com\/de\/wp-json\/wp\/v2\/media?parent=116"}],"curies":[{"name":"wp","href":"https:\/\/api.w.org\/{rel}","templated":true}]}}