{"id":273,"date":"2022-11-03T10:47:17","date_gmt":"2022-11-03T10:47:17","guid":{"rendered":"https:\/\/demo.fishven.com\/?page_id=273"},"modified":"2024-01-11T11:08:14","modified_gmt":"2024-01-11T11:08:14","slug":"impressum","status":"publish","type":"page","link":"https:\/\/www.fishven.com\/de\/impressum\/","title":{"rendered":"Impressum"},"content":{"rendered":"\n    \n    <section class=\"u-align-center u-clearfix u-image u-shading u-section-2\" src=\"\" id=\"sec-56a9\" data-image-width=\"18\" data-image-height=\"12\" style=\"background-image: linear-gradient(0deg, rgba(0, 0, 0, 0.15), rgba(0, 0, 0, 0.15)), url(&quot;https:\/\/www.fishven.com\/wp-content\/uploads\/2022\/11\/pexels-photo-247487.jpg&quot;);\">\n      <div class=\"u-clearfix u-sheet u-sheet-1\"><\/div>\n    <\/section>\n    <section class=\"u-align-center u-clearfix u-image u-image-tiles u-section-3\" id=\"sec-1558\" data-image-width=\"1024\" data-image-height=\"576\" style=\"background-image: url(&quot;https:\/\/www.fishven.com\/wp-content\/uploads\/2022\/11\/backgroundfishvensmall.png&quot;);\">\n      <div class=\"u-clearfix u-sheet u-sheet-1\">\n        <h1 class=\"u-align-left u-text u-text-1\">Impressum<\/h1>\n        <p class=\"u-align-left u-text u-text-2\">\n          <span style=\"font-weight: 700; font-size: 1.125rem;\">Kontakt-Adresse <\/span>\n          <br>\n          <br>Nobozo Lab GmbH<br>G\u00f6nhardweg 32 <br>5034 Suhr <br>Schweiz <br>\n          <br>E-Mail: <br>contact@nobozolab.com <br>\n          <br>\n          <br>\n          <br>\n          <span style=\"font-weight: 700;\">Vertretungsberechtigte Person(en) <\/span>\n          <br>Dr. Mario Baumgartner, Gesch\u00e4ftsf\u00fchrer <br>\n          <br>\n          <br>\n          <span style=\"font-weight: 700;\">Handelsregister-Eintrag <\/span>\n          <br>Eingetragener Firmenname: <br>Nobozo Lab <br>\n          <br>Unternehmens-Nr (UID): <br>UID CHE-462.897.815 <br>\n          <br>Mehrwertsteuer-Nummer <br>UID CHE-462.897.815 MWST <br>\n          <br>\n          <br>\n          <br>\n          <span style=\"font-weight: 700;\">Haftungsausschluss <\/span>\n          <br>Der Autor \u00fcbernimmt keinerlei Gew\u00e4hr hinsichtlich der inhaltlichen Richtigkeit, Genauigkeit, Aktualit\u00e4t, Zuverl\u00e4ssigkeit und Vollst\u00e4ndigkeit der Informationen. <br>Haftungsanspr\u00fcche gegen den Autor wegen Sch\u00e4den materieller oder immaterieller Art, welche aus dem Zugriff oder der Nutzung bzw. Nichtnutzung der ver\u00f6ffentlichten Informationen, durch Missbrauch der Verbindung oder durch technische St\u00f6rungen entstanden sind, werden ausgeschlossen. <br>\n          <br>Alle Angebote sind unverbindlich. Der Autor beh\u00e4lt es sich ausdr\u00fccklich vor, Teile der Seiten oder das gesamte Angebot ohne besondere Ank\u00fcndigung zu ver\u00e4ndern, zu erg\u00e4nzen, zu l\u00f6schen oder die Ver\u00f6ffentlichung zeitweise oder endg\u00fcltig einzustellen. Verpflichtungen zur Entfernung oder Sperrung der Nutzung von Informationen nach den allgemeinen Gesetzen bleiben hiervon unber\u00fchrt. Eine diesbez\u00fcgliche Haftung ist jedoch erst ab dem Zeitpunkt der Kenntnis einer konkreten Rechtsverletzung m\u00f6glich. Bei Bekanntwerden von entsprechenden Rechtsverletzungen werden wir diese Inhalte umgehend entfernen. <br>\n          <br>\n          <br>\n          <br>\n          <span style=\"font-weight: 700;\">Haftungsausschluss f\u00fcr Links <\/span>\n          <br>Unser Angebot enth\u00e4lt Links zu externen Webseiten Dritter, auf deren Inhalte wir keinen Einfluss haben. Deshalb k\u00f6nnen wir f\u00fcr diese fremden Inhalte auch keine Gew\u00e4hr \u00fcbernehmen. F\u00fcr die Inhalte der verlinkten Seiten ist stets der jeweilige Anbieter oder Betreiber der Seiten verantwortlich. Die verlinkten Seiten wurden zum Zeitpunkt der Verlinkung auf m\u00f6gliche Rechtsverst\u00f6\u00dfe \u00fcberpr\u00fcft. Rechtswidrige Inhalte waren zum Zeitpunkt der Verlinkung nicht erkennbar. Eine permanente inhaltliche Kontrolle der verlinkten Seiten ist jedoch ohne konkrete Anhaltspunkte einer Rechtsverletzung nicht zumutbar. Bei Bekanntwerden von Rechtsverletzungen werden wir derartige Links umgehend entfernen. <br>\n          <br>\n          <br>\n          <span style=\"font-weight: 700;\">Urheberrecht <\/span>\n          <br>Die durch die Seitenbetreiber erstellten Inhalte und Werke auf diesen Seiten unterliegen dem schweizerischen Urheberrecht. Die Vervielf\u00e4ltigung, Bearbeitung, Verbreitung und jede Art der Verwertung au\u00dferhalb der Grenzen des Urheberrechtes bed\u00fcrfen der schriftlichen Zustimmung des jeweiligen Autors bzw. Erstellers. Downloads und Kopien dieser Seite sind nur f\u00fcr den privaten, nicht kommerziellen Gebrauch gestattet. Soweit die Inhalte auf dieser Seite nicht vom Betreiber erstellt wurden, werden die Urheberrechte Dritter beachtet. Insbesondere werden Inhalte Dritter als solche gekennzeichnet. Sollten Sie trotzdem auf eine Urheberrechtsverletzung aufmerksam werden, bitten wir um einen entsprechenden Hinweis. Bei Bekanntwerden von Rechtsverletzungen werden wir derartige Inhalte umgehend entfernen. <br>\n          <br>\n        <\/p>\n        <div class=\"u-align-left u-clearfix u-custom-html u-custom-html-1\">\n          <p>Wir verwenden FlatIcons aus folgenden Quellen:&nbsp;<br>\n            <br><i>Nachhaltige Fischereiverwaltung f\u00fcr Biodiversit\u00e4t<\/i>\n            <br> Titelbild - <a href=\"https:\/\/www.pexels.com\/photo\/rocky-mountains-behind-lake-and-trees-5832871\/\" title=\"Rocky mountains\">Rocky mountains<\/a> by lil artsy <br> End-to-End Monitoring - \"Angler apps as a source of recreational fisheries data: opportunities, challenges and proposed standards\u201d (<a href=\"https:\/\/doi.org\/10.1111\/faf.12189\"> DOI<\/a>)<br>\n            <br><i>Fishven Plattform<\/i>\n            <br> Titelbild - <a href=\"https:\/\/pixabay.com\/photos\/river-fishing-mountains-fisherman-5900547\/\" title=\"river-fishing-mountains-fisherman\">River fishing mountains fisherman<\/a> by Sonyuser <br> Erfahren Sie mehr - <a href=\"https:\/\/www.pexels.com\/photo\/snow-covered-mountain-1428277\/\" title=\"snow-covered-mountain\">Snow covered mountain<\/a> by eberhard grossgasteiger <br> Fishven Funktionen - <a href=\"https:\/\/pixabay.com\/photos\/pond-fishing-cherry-blossoms-water-4109750\/\" title=\"pond-fishing-cherry-blossoms-water\">Pond fishing cherry blossoms water<\/a> by yamabon <br>\n            <br><i>Digitale Fangstatistik App<\/i>\n            <br> Titelbild - <a href=\"https:\/\/pixabay.com\/photos\/sea-fishing-tranquil-calm-ocean-2565573\/\" title=\"Tranquil fishing\">Tranquil Fishing<\/a> by jplenio <br>\n            <br><i>Fischaufsicht App<\/i>\n            <br> Titelbild - <a href=\"https:\/\/www.pexels.com\/photo\/man-fishing-848737\/\" title=\"man-fishing\">Man fishing<\/a> by Darcy Lawrey <br>\n            <br><i>Administration-Tool<\/i>\n            <br> Titelbild - <a href=\"https:\/\/pixabay.com\/photos\/fishing-boat-fishing-rod-fishing-5541327\/\" title=\"Fishing rod\">Fishing rod<\/a> by K_Malik <br>\n            <br><i>\u00dcber uns<\/i>\n            <br> Titelbild - <a href=\"https:\/\/pixabay.com\/\" title=\"Fishing rod\">Forest in fog<\/a>\n            <br>\n            <br><i>Impressum<\/i>\n            <br> Titelbild - <a href=\"https:\/\/www.pexels.com\/photo\/umbrella-against-sky-247487\/\" title=\"umbrella-against-sky\">Umbreall against sky<\/a> by Pixabay <br>\n            <br>\n          <\/p>\n        <\/div>\n        <div class=\"u-align-left u-clearfix u-custom-html u-custom-html-2\">\n          <p>Wir verwenden FlatIcons aus folgenden Quellen:&nbsp;<br>\n            <a href=\"https:\/\/www.flaticon.com\/free-icons\/database\" title=\"database icons\">Database icons created by Bartama Graphic - Flaticon<\/a>\n            <br>\n            <a href=\"https:\/\/www.flaticon.com\/free-icons\/smartphone\" title=\"smartphone icons\">Smartphone icons created by Freepik - Flaticon<\/a>\n            <br>\n            <a href=\"https:\/\/www.flaticon.com\/free-icons\/top\" title=\"top icons\">Top icons created by Yogi Aprelliyanto - Flaticon<\/a>\n            <br>\n            <a href=\"https:\/\/www.flaticon.com\/free-icons\/gauge\" title=\"gauge icons\">Gauge icons created by Atif Arshad - Flaticon<\/a>\n            <br>\n            <a href=\"https:\/\/www.flaticon.com\/free-icons\/under-water\" title=\"under water icons\">Under water icons created by Freepik - Flaticon<\/a>\n            <br>\n            <a href=\"https:\/\/www.flaticon.com\/free-icons\/files-and-folders\" title=\"files and folders icons\">Files and folders icons created by Made by Made Premium - Flaticon<\/a>\n            <br>\n            <a href=\"https:\/\/www.flaticon.com\/free-icons\/bar-chart\" title=\"bar chart icons\">Bar chart icons created by Freepik - Flaticon<\/a>\n            <br>\n            <a href=\"https:\/\/www.flaticon.com\/free-icons\/fish\" title=\"fish icons\">Fish icons created by Those Icons - Flaticon<\/a>\n            <br>\n            <a href=\"https:\/\/www.flaticon.com\/free-icons\/arrows\" title=\"arrows icons\">Arrows icons created by th studio - Flaticon<\/a>\n            <br>\n            <a href=\"https:\/\/www.flaticon.com\/free-icons\/risk\" title=\"risk icons\">Risk icons created by juicy_fish - Flaticon<\/a>\n          <\/p>\n        <\/div>\n      <\/div>\n    <\/section>\n    \n    \n    \n    \n    \n    \n  \n","protected":false},"excerpt":{"rendered":"<p>Impressum Kontakt-Adresse Nobozo Lab GmbHG\u00f6nhardweg 32 5034 Suhr Schweiz E-Mail: contact@nobozolab.com Vertretungsberechtigte Person(en) Dr. Mario Baumgartner, Gesch\u00e4ftsf\u00fchrer Handelsregister-Eintrag Eingetragener Firmenname: Nobozo Lab Unternehmens-Nr (UID): UID CHE-462.897.815 Mehrwertsteuer-Nummer UID CHE-462.897.815 MWST Haftungsausschluss Der Autor \u00fcbernimmt keinerlei Gew\u00e4hr hinsichtlich der inhaltlichen Richtigkeit, Genauigkeit, Aktualit\u00e4t, Zuverl\u00e4ssigkeit und Vollst\u00e4ndigkeit der Informationen. Haftungsanspr\u00fcche gegen den Autor wegen Sch\u00e4den materieller oder &hellip; <a href=\"https:\/\/www.fishven.com\/de\/impressum\/\" class=\"more-link\">Continue reading<span class=\"screen-reader-text\"> &#8222;Impressum&#8220;<\/span><\/a><\/p>\n","protected":false},"author":1,"featured_media":0,"parent":0,"menu_order":0,"comment_status":"closed","ping_status":"closed","template":"","meta":{"footnotes":""},"class_list":["post-273","page","type-page","status-publish","hentry"],"_links":{"self":[{"href":"https:\/\/www.fishven.com\/de\/wp-json\/wp\/v2\/pages\/273","targetHints":{"allow":["GET"]}}],"collection":[{"href":"https:\/\/www.fishven.com\/de\/wp-json\/wp\/v2\/pages"}],"about":[{"href":"https:\/\/www.fishven.com\/de\/wp-json\/wp\/v2\/types\/page"}],"author":[{"embeddable":true,"href":"https:\/\/www.fishven.com\/de\/wp-json\/wp\/v2\/users\/1"}],"replies":[{"embeddable":true,"href":"https:\/\/www.fishven.com\/de\/wp-json\/wp\/v2\/comments?post=273"}],"version-history":[{"count":12,"href":"https:\/\/www.fishven.com\/de\/wp-json\/wp\/v2\/pages\/273\/revisions"}],"predecessor-version":[{"id":885,"href":"https:\/\/www.fishven.com\/de\/wp-json\/wp\/v2\/pages\/273\/revisions\/885"}],"wp:attachment":[{"href":"https:\/\/www.fishven.com\/de\/wp-json\/wp\/v2\/media?parent=273"}],"curies":[{"name":"wp","href":"https:\/\/api.w.org\/{rel}","templated":true}]}}