{"id":751,"date":"2022-11-29T14:26:31","date_gmt":"2022-11-29T14:26:31","guid":{"rendered":"https:\/\/www.fishven.com\/?page_id=751"},"modified":"2022-12-06T09:20:56","modified_gmt":"2022-12-06T09:20:56","slug":"digitale-fangstatistik-erklaert","status":"publish","type":"page","link":"https:\/\/www.fishven.com\/de\/digitale-fangstatistik-erklaert\/","title":{"rendered":"Digitale Fangstatistik erkl\u00e4rt"},"content":{"rendered":"\n    \n    <section class=\"u-clearfix u-image u-section-2\" id=\"sec-8857\" data-image-width=\"1600\" data-image-height=\"900\" style=\"background-image: url(&quot;https:\/\/www.fishven.com\/wp-content\/uploads\/2022\/11\/pexels-photo-5832871-3.jpeg&quot;);\">\n      <div class=\"u-clearfix u-sheet u-sheet-1\">\n        <h4 class=\"u-custom-font u-font-playfair-display u-text u-text-default u-text-white u-text-1\">Kurz erkl\u00e4rt<\/h4>\n        <h1 class=\"u-custom-font u-font-playfair-display u-text u-text-default u-text-white u-text-2\">digitale Fangstatistik&nbsp;<\/h1>\n        <h5 class=\"u-custom-font u-font-playfair-display u-text u-text-white u-text-3\"> Die mobile App ist das perfekt Tool f\u00fcr die Erfassung von Ereignissen und F\u00e4ngen durch Fischer*innen. Damit erstellen Sie zeitnah und einfach Ihre Fangstatistik und Auswertungen \u00fcber die Fangbelastung auf Gew\u00e4sserabschnitten.<\/h5>\n      <\/div>\n    <\/section>\n    <section class=\"u-align-center u-clearfix u-image u-image-tiles u-section-3\" id=\"sec-31a6\" data-image-width=\"1024\" data-image-height=\"576\" style=\"background-image: url(&quot;https:\/\/www.fishven.com\/wp-content\/uploads\/2022\/11\/backgroundfishvensmall-1.png&quot;);\">\n      <div class=\"u-clearfix u-sheet u-sheet-1\">\n        <div class=\"u-align-center u-shortcode u-shortcode-1\"> <iframe loading=\"lazy\" src=\"https:\/\/www.slideshare.net\/slideshow\/embed_code\/key\/oiWf2wJdgswTna?hostedIn=slideshare&amp;page=upload\" width=\"100%\" height=\"626\" frameborder=\"0\" marginwidth=\"0\" marginheight=\"0\" scrolling=\"no\"><\/iframe> \n\n\n\n\n        <\/div>\n        <img decoding=\"async\" class=\"u-image u-image-contain u-image-default u-opacity u-opacity-35 u-image-1\" src=\"https:\/\/www.fishven.com\/wp-content\/uploads\/2022\/11\/2021-06-10-LogoFishvennobackgroundwhitefishsmallhigh.png\" alt=\"\" data-image-width=\"423\" data-image-height=\"200\">\n        <p class=\"u-large-text u-text u-text-variant u-text-1\"> Moderne Erfassung von Ereignissen und F\u00e4ngen f\u00fcr eine nachhaltige Fischereiverwaltung<\/p>\n        <a href=\"https:\/\/www.fishven.com\/digitale-fangstatistik-app\/\" class=\"u-border-2 u-border-black u-btn u-button-style u-hover-palette-1-base u-none u-text-black u-text-hover-white u-btn-1\">Mehr erfahren<\/a>\n      <\/div>\n    <\/section>\n    \n    \n    \n    \n    \n  \n","protected":false},"excerpt":{"rendered":"<p>Kurz erkl\u00e4rt digitale Fangstatistik&nbsp; Die mobile App ist das perfekt Tool f\u00fcr die Erfassung von Ereignissen und F\u00e4ngen durch Fischer*innen. Damit erstellen Sie zeitnah und einfach Ihre Fangstatistik und Auswertungen \u00fcber die Fangbelastung auf Gew\u00e4sserabschnitten. Moderne Erfassung von Ereignissen und F\u00e4ngen f\u00fcr eine nachhaltige Fischereiverwaltung Mehr erfahren<\/p>\n","protected":false},"author":1,"featured_media":0,"parent":0,"menu_order":0,"comment_status":"closed","ping_status":"closed","template":"","meta":{"footnotes":""},"class_list":["post-751","page","type-page","status-publish","hentry"],"_links":{"self":[{"href":"https:\/\/www.fishven.com\/de\/wp-json\/wp\/v2\/pages\/751","targetHints":{"allow":["GET"]}}],"collection":[{"href":"https:\/\/www.fishven.com\/de\/wp-json\/wp\/v2\/pages"}],"about":[{"href":"https:\/\/www.fishven.com\/de\/wp-json\/wp\/v2\/types\/page"}],"author":[{"embeddable":true,"href":"https:\/\/www.fishven.com\/de\/wp-json\/wp\/v2\/users\/1"}],"replies":[{"embeddable":true,"href":"https:\/\/www.fishven.com\/de\/wp-json\/wp\/v2\/comments?post=751"}],"version-history":[{"count":17,"href":"https:\/\/www.fishven.com\/de\/wp-json\/wp\/v2\/pages\/751\/revisions"}],"predecessor-version":[{"id":779,"href":"https:\/\/www.fishven.com\/de\/wp-json\/wp\/v2\/pages\/751\/revisions\/779"}],"wp:attachment":[{"href":"https:\/\/www.fishven.com\/de\/wp-json\/wp\/v2\/media?parent=751"}],"curies":[{"name":"wp","href":"https:\/\/api.w.org\/{rel}","templated":true}]}}