{"id":91,"date":"2022-11-01T12:48:38","date_gmt":"2022-11-01T12:48:38","guid":{"rendered":"https:\/\/demo.fishven.com\/about-fishven\/"},"modified":"2024-09-12T10:59:27","modified_gmt":"2024-09-12T10:59:27","slug":"nachhaltige-fischereiverwaltung","status":"publish","type":"page","link":"https:\/\/www.fishven.com\/de\/","title":{"rendered":"Moderne Fischereiverwaltung"},"content":{"rendered":"\n    \n    <section class=\"u-clearfix u-image u-section-2\" id=\"carousel_6731\" data-image-width=\"2520\" data-image-height=\"1418\" style=\"background-image: url(&quot;https:\/\/www.fishven.com\/wp-content\/uploads\/2022\/11\/pexels-photo-5832871.jpeg&quot;);\">\n      <div class=\"u-clearfix u-sheet u-sheet-1\">\n        <h2 class=\"u-custom-font u-font-playfair-display u-text u-text-body-alt-color u-text-1\">Nachhaltige Fischereiverwaltung f\u00fcr Biodiversit\u00e4t<\/h2>\n      <\/div>\n    <\/section>\n    <section class=\"u-align-center u-clearfix u-container-align-center u-image u-image-tiles u-section-3\" id=\"sec-4890\" data-image-width=\"1024\" data-image-height=\"576\" style=\"background-image: url(&quot;https:\/\/www.fishven.com\/wp-content\/uploads\/2022\/11\/backgroundfishvensmall.png&quot;);\">\n      <div class=\"u-clearfix u-sheet u-sheet-1\">\n        <h1 class=\"u-align-left u-font-abril-fatface u-text u-text-grey-75 u-text-1\" data-animation-name=\"customAnimationIn\" data-animation-duration=\"2750\" data-animation-delay=\"0\" data-animation-out=\"0\"> Fishven ist das \u00d6kosystem f\u00fcr nachhaltiges Fischereimanagement, das staatliche Verantwortung, Wissenschaft und individuelle Freude vereint<\/h1>\n        <p class=\"u-align-left u-text u-text-palette-1-dark-2 u-text-2\" data-animation-name=\"customAnimationIn\" data-animation-duration=\"5000\" data-animation-out=\"0\" data-animation-delay=\"1250\"> 01100010 01101001 01101111 01100100&nbsp;<\/p>\n        <img decoding=\"async\" class=\"u-image u-image-contain u-image-default u-preserve-proportions u-image-1\" src=\"https:\/\/www.fishven.com\/wp-content\/uploads\/2022\/11\/Logo_Fishven_blue_website.png\" alt=\"\" data-image-width=\"3234\" data-image-height=\"1566\" data-animation-name=\"customAnimationIn\" data-animation-duration=\"3250\" data-animation-delay=\"250\" data-animation-direction=\"\" data-animation-out=\"0\">\n        <p class=\"u-align-left u-text u-text-palette-1-dark-2 u-text-3\" data-animation-name=\"customAnimationIn\" data-animation-duration=\"5000\" data-animation-out=\"0\" data-animation-delay=\"1750\">&nbsp;01101001 01110110 01100101 01110010&nbsp;<\/p>\n        <p class=\"u-align-left u-text u-text-palette-1-dark-2 u-text-4\" data-animation-name=\"customAnimationIn\" data-animation-duration=\"5500\" data-animation-out=\"0\" data-animation-delay=\"2000\">01110011 01101001 01110100 01111001<\/p>\n      <\/div>\n    <\/section>\n    <section class=\"u-align-center u-clearfix u-container-align-center u-image u-image-tiles u-section-4\" id=\"carousel_35b5\" data-image-width=\"1024\" data-image-height=\"576\" style=\"background-image: url(&quot;https:\/\/www.fishven.com\/wp-content\/uploads\/2022\/11\/backgroundfishvensmall.png&quot;);\">\n      <div class=\"u-clearfix u-sheet u-sheet-1\">\n        <div class=\"u-border-1 u-border-grey-dark-1 u-expanded-width-xs u-line u-line-horizontal u-line-1\" data-animation-name=\"customAnimationIn\" data-animation-duration=\"2250\" data-animation-out=\"0\"><\/div>\n        <h1 class=\"u-align-right u-text u-text-default-sm u-text-default-xs u-text-grey-75 u-text-1\" data-animation-name=\"customAnimationIn\" data-animation-duration=\"2250\" data-animation-out=\"0\"> Aktives Lagemanagement&nbsp;<\/h1>\n        <img decoding=\"async\" class=\"u-align-left u-expanded-width-sm u-expanded-width-xs u-image u-image-contain u-image-default u-preserve-proportions u-image-1\" src=\"https:\/\/www.fishven.com\/wp-content\/uploads\/2022\/11\/planet-and-data-points.png\" alt=\"\" data-image-width=\"1600\" data-image-height=\"1200\" data-animation-name=\"customAnimationIn\" data-animation-duration=\"2250\" data-animation-out=\"0\">\n        <h2 class=\"u-align-right u-text u-text-default-xs u-text-grey-75 u-text-2\" data-animation-name=\"customAnimationIn\" data-animation-duration=\"3000\" data-animation-delay=\"250\" data-animation-out=\"0\"> ... f\u00fcr die Hege &amp; Pflege von Fischen und Binnengew\u00e4ssern durch die Integration&nbsp;<br>verschiedener Datenquellen\n        <\/h2><span class=\"u-file-icon u-icon u-text-palette-1-base u-icon-1\" data-animation-name=\"customAnimationIn\" data-animation-duration=\"1250\" data-animation-delay=\"250\"><img decoding=\"async\" src=\"data:image\/png;base64,iVBORw0KGgoAAAANSUhEUgAAAIAAAACACAYAAADDPmHLAAAAAXNSR0IArs4c6QAADsJJREFUeF7tnQtwXFUZx\/\/f3aRpk5JSHiNVxqpVqgIikO4NkEIfSTYt6KADDIL1NYwMziiD7d4tBWSl0mY3Bcaig4AzyqsyraJgH3u3QKsNkN2GN4O2DpY6KqhQaGm3TZO9n3M22ZCm+7p39969e3vuTGZnsud7nO\/89txz7znnOwQPXgtW9zUPHaTTCDSTYMwE0QwGjidCM4DjwCOfyHyKax+AD0DDn8zYR8D7YH6Doexg8I66Sbxz0w9axfeeuqjWa9PZ83KTkj7UxgrmAeQH80wQptlSL8ZbINoBcJIMPG34JvbGg2cdsMWWQ0prDoDLw69N2Nt0oI0MzIOCuWDMAlDvULzGmxkEYTszPw2iLVMONPWuC59xuEq+WDJbMwAsiPS1phUsIqYrAZxgqbb2C+1h4kd9Bh7aFGrts99c+RZcDcDCVc9MN4z6Rcy8CITTyq+ugxoYO4noIUUZfGjjkgt2O2jZlClXAtARSbQQYRkBlwJwpY8moswM\/IEZKzaH1H4Tco4UdVVwA9HEbBBuAiPgSO2dNkLQwbhd19RtTpvOZ88VAHRFkvOZ+FYAs90SGJv92EZMP46F\/E\/ZbKeo+qoCsCDSdyordBczLivqqQcLEOG3ZPANm0Kt\/6xW9aoCwJzwlrqGSU3XQ+EwGJOrVXlX2CXsh0HhgYMHfro1PHfIaZ8cB6Cru6+NFboHwBlOV9bl9l4jg6+LLW3tddJPxwC4fO1a397dn1hOzEs9MLK3q42YibqnTH\/zlnVXXJG2y8hYvY4AIO71hkK\/AaPNiUrVvA1Cr2Lw15wYG9gOQFe0byGDHgRwYs03jLMVeJfA34hprRvtNGsfAMwUWJVcCYYmu3zLTcggRPUl\/htBxJa1FBC0BYDMhM2k1ANELN7by6vMCDDTo1MONn7TjommigMwJ7xlckNj02MAd5RZbyl+RARo80DqwFe3hufur2RgKgrAghUvnMx1gxsZaKmkk1LXcAQI6Keh+oWblp3zv0rFpGIAtHf3f9xH6c01N2tXqUg6pYexM82+jieXtvyjEiYrAoD45Ru+wV7Z+JVokhJ0MHYq6fq2SvQEZQMg7vkTGxu3yG6\/hIarYBFxOziUSs0td0xQFgBitL+vMbVeDvgq2LKmVNHm5lTjJeU8HVgHgJk6o9vXyEc9Uy1W8cLiETGuzbrK6nsCywAEehLdYIQqXiOp0HwECBE9qIo5FtOXJQBGXu+ul2\/4TMfbLgEm8CVWXhubBiAzsUP0kny3b1dbWtb7rsL8RbMTSKYAEFO6+3ZP3ypn9Sw3kr2ChN7m6bvnmJlKNgVAZ09yBTHfaG8tpPZyIsBEK+NB\/7JSdZQMwMhKnj\/L+36poa1aOSaDLyx1ZVFJAGTW8DU2vujBZVx7R5ppStWayx7Drw2kUmeXssawJAACkeRiEK+yx1eHtRJ0Av+ah4x+fel5bwjrge7nZrCv7lwi\/rZn9iQwLdFD\/juKRbcoACPLuf7igdW7Ymv3Yl1Tf1koKIFo4hoAInDZrePFYujO7wn7FYM\/V+ypoCgAXT2JdR5Yt59ixXdufEnLX0tprc5V\/Z8lI\/08gMZSyru1jNh3EAuqlxfyryAAIzt2nnRrBUv1i4iujwX9q0stL8p19SR\/wMw\/NSPjxrLE1F5oB1JBAALRhBj11\/R2LQI\/Ewuqs02\/K2emrp7ENgZd4MaGNeHTNl1TL8xXPi8AmY2agACgpi8GfhjX1LusVKIzmriBgDutyLpM5sJ8G1LzA9CTiHlhRMwKXRRf4rcEcueq5IVk8J9c1pjm3SHoelDtyiWYEwCxP18hbDdvyXUS3MCDU54ItX1gxbMvR3qPG6B68a6g6GDZin4nZQzGrFz5CXJWrDOaeIyArzjpoF22fKBpGzX\/21b0L4wmT0mD37Ii6zYZBn4f19SvjvfrKABEWpa0UbfLC9RnKku4RA+qG6w0SKAncTEYYtrbCxf7lKFPjk9XcxQAXdHkzQxe7oUaD9eBb9W11tus1CcQ7fsRQD+2IutGGQLdEtP8Pxnr21EABCKJHR5b3bu7gQfPNDsOGLn\/vwpguhsb05JPjJ16SJ2ZFwCRis0ges6SchcLEei+mOa\/1oyLXdHkvQz+rhmZWiirMJ83NoXdET1AZ0\/fz4npe7VQEdM+Eq7Wg+qaUuQCPYmrwHiklLI1WOYeXVNH23gUgOEl3gfEiNetSRjLjjUBj\/jSh7+\/4cbZ7+VSdvHKbVPTvgl3M3B12cbcq2BPc6ppWnYp+SgAnT2JecSoetYqB+L2NgOPi40Vik8REz4w0sa5AMSfyEt4igM+VNUEE+bHg+rTwolRAAKRxE8yOfrk5f0IiFyFIfXmIwHoSTwDxvner72sIQjP6kE1M8mV6QFEynXiQ+K+WK2s27JVnI3AINPEqSLVfQaAru5EgBXEnPWh4tay6\/sqrdhr6wUz8SEDXbGlqp4BIBBNRIBMLp9avfbqmnq8Hc4HoolDABrs0F1lnVFdU0MjACS3ADynyg6VY14CYDp6tFXX\/HOHAYgk\/m3bMSumHbMkIAEwGzbGW3pI\/SiJA5aMQ2TX\/dOsW1bLSwAsRE6ZyFPII4s\/JAAWABCLRKgzkryaiB+2IO8mEQmAhdZgpq9TINJ3G4husSDvJhEJgJXWYF5OgWhCzHpdZUXeRTLv65o61Q5\/PPwYKMK1hjqjiQ0ELLQjeA7qlD2AhWAzsJECPYltHkj4IAGwAAAIvQKAl8A4y4q8i2QkAFYag\/CyGAP8HcAnrci7SEYCYK0xdgkAROLhk6zJu15qQNfUieV46fFB4DsCgAEAE8oJkotlJQCFG+ewBKAIvV7uARg4KG8BxzYA\/\/LKIDBfM8pbQGHAX\/HKY6AEwNJAjLZ65UWQBMAKAMSPeeVVsATACgDM93tlMihf9Q\/pmjrJSmyyMl5+CgAh4pXpYNkDWKCcGJpXFoRIAKwAQLjGK0vCJABWAGBq98qiUAmAeQAMZSJP9cqycAmAeQBe1zX1dK9sDJEAmAWA6Fd60P8dr2wNkwCYBYBxnR5Sf+GlzaG5QiDnAvKAofiUczYtnvWi17eHSwByA5AaSKWmiBNFPswQ4s0EERKAXAAQenWRQf0YSBEjAcjZA\/Aduta65AgAPJokSgKQ+xYwmj7e62niJABHA7BLD\/pnZA\/Q8HqiSAnAUQDQbbrmvzX77yMA8GCqWAnAOAAU+D69SWvJHJd3xBhgdP67NpNF7\/OBjkiCLOozMGjwUze1\/sfsO5Kx5eff3veRhnrlqKTaafCOWjtaLnN+ktbaNrZ+XkkXb9vOoHzwBKKJ9wHUVAYxBl8b11rvKwhAjR4YIQEo3s0NDNRPOGXrDWcLcEcvrxwZIwEoAgAD6+KaesX4Yl45NEoCUAQAMnh2rhPFvXJsnASgEACMDXpIvST3W+E8gjV2cKQEID8ABhGfHQu2vmIKAFG4ho6OlQDkAYDBD8e11kX5+Ch4IGINHR4tAcjdwoeZ8Nl4UBXHAOa8ip6IWSPHx0sAcvfvP9OD6vcLDQ+KArAg0neqodBfwJhc\/FGzaiUkAEc\/3+1nDM2IBy\/4b1kAZMYCkeRiEK+qWvMWNywBGBcjJloZD\/qXFQtd0R5AKJgT3lLX0Nj4IoAziims0vcGgL85bPszABSHbZZsjsDdMa31xmICJQEglHR197WxQuIY9pJlihmX39sXAXEqWkxTZxWzYKoxO3uSK4i5KFXFjMrvHYmAgbr0yfoPz99T9hggq+DytWt9+3ZP3+qBzKKOtEC1jRBwRUxT11UMAKEo81RA9BKAE6tdQWm\/SASY79dDrQXPPzZ1C8ia64r2LWTQejkecD2Cu3RN\/VRFe4CsskBPohuMkOtDcIw7OH4J2PhwWOoBMkqYqTO6fQ0RX3mMx9jd1R\/ZA5jPSesAABg+cTy1HuAOd0fhWPaOfqdr\/stsAUAonRPeMnliY+MWBlqO5TC7uO7vnZfynxQOk3hZdtRVVg+Q1bZgxQsnG77BXhBOc3Egjl3XWFH10KykbQAIxe3d\/R\/3UXqzhMCVnN2ka+oKWwEQykVPwHWDG+XtwG0QDB8TazsA2TFBQ2PTY3Jg6CoIDk9I+ab+MdySqtxjYIH6iaeDvZNSD8hHRPdAwIqyML5k1iZHAMi+JwisSq4EZ46lr8hg0z3hrEFPGHfqIXWxcwCMWBp5bfygnDuoLjQMejWu+b\/gOACZweHwsrLfyFnE6kLgA03bqPnfHuuFY12zmEreu\/sTy4l5qbwlVAcEcVh0POQXRwWPXo4BkLU4srLoHhcvL6tO6zhglQgPxILqt6oKwMijYl3DpKbroXDY5auN7W8Wwn4G3a2wQQC1M3COXWsNGfhXXFNPrToAWQfE2IAVuosZeScr7G+Bqlk4DMJ9jKHlY5duB+589gQa8s1n5g4QtVf6VFdF4dM3LWl9PVtrx28BucI9sgNJ5K3J5K7z+GUweA2IflRox87ojyTaP8Pg9AgMPA\/A1HLiQ0TXx4L+1a4CIOtMZkMq4SYwAuVU0rWyjA2k8LJ8GzWL+R0Os\/LcpP4WkNEOUAfA51s49XW9rqlfciUAWac6IokWIiwj4FIPPDEMMPCEYvDqXPvzizV6oe+\/FO5vHJjMF1HaaGeiDgKfWVQfYf87zb4Tnr+2ZVCUdcUtIJ\/TIl2NYdQvYuZFtTbLKBIyGcCDh+sb1o5Py1K0kSwWWBhNnjLEmK8o3GEw2gn4WC5VY5NFuBqAsc6LFHZpBYuISSxBO8FijOwW2wXQQwqUB8emYrPbaD79C1b1fZ5ZaR8eUGLOh09cH+YKrBkAspXMTDQ1HWgjA\/OgYC4YYvdLfTWCnDl8mfA8mBMAPa4H\/b3ZDJzV8KeQzXPv7a8\/+b0hlRWlA4xmPeS\/wfW3gFKC2NnzcpOSPtTGCuYB5AfzTBCmlSJrsgwD+CvACTAllDolcfCD\/a+KlOsm9biqeM31AKVEb8Hqvuahg3QagWYSjJkgmsHA8URoBnCc+AVkPoFmBtIA9gC0h4B3QcYeMO0B4V2w+D\/2gJQ302na\/uTSlr2l2K+lMv8HCIHZRrtqe34AAAAASUVORK5CYII=\" alt=\"\"><\/span>\n        <p class=\"u-align-right u-text u-text-default-xs u-text-3\" data-animation-name=\"customAnimationIn\" data-animation-duration=\"1250\" data-animation-delay=\"250\"> &nbsp;<span style=\"font-weight: 700;\"> Aktives Lagemanagement<\/span> bedeutet, auf Basis verschiedener Daten die aktuelle Situation\nan Gew\u00e4ssern und Fischvorkommen zu analysieren, zu beurteilen und gegebenenfalls Massnahmen\nzu treffen. Die aktuelle Situation wird durch eine Indikator definiert und ist\ndie Zusammenfassung aus diversen Aspekten (u.a. F\u00e4nge, Bestand, Besatz oder\nVorf\u00e4lle wie Verletzungen).\n        <\/p>\n      <\/div>\n    <\/section>\n    <section class=\"u-align-center u-clearfix u-container-align-center u-image u-image-tiles u-section-5\" id=\"carousel_b7b2\" data-image-width=\"1024\" data-image-height=\"576\" style=\"background-image: url(&quot;https:\/\/www.fishven.com\/wp-content\/uploads\/2022\/11\/backgroundfishvensmall.png&quot;);\">\n      <div class=\"u-clearfix u-sheet u-sheet-1\">\n        <div class=\"u-border-1 u-border-grey-dark-1 u-line u-line-horizontal u-line-1\" data-animation-name=\"customAnimationIn\" data-animation-duration=\"2250\" data-animation-out=\"0\"><\/div>\n        <h1 class=\"u-align-left u-text u-text-grey-75 u-text-1\" data-animation-name=\"customAnimationIn\" data-animation-duration=\"2250\" data-animation-out=\"0\"> End-to-End Monitoring f\u00fcr Transparenz<\/h1>\n        <img decoding=\"async\" class=\"u-align-right u-image u-image-contain u-image-default u-image-1\" src=\"https:\/\/www.fishven.com\/wp-content\/uploads\/2022\/11\/closed-cycle-fishven.png\" alt=\"\" data-image-width=\"720\" data-image-height=\"550\" data-animation-name=\"customAnimationIn\" data-animation-duration=\"2250\" data-animation-out=\"0\">\n        <h2 class=\"u-align-left u-text u-text-grey-75 u-text-2\" data-animation-name=\"customAnimationIn\" data-animation-duration=\"3000\" data-animation-delay=\"250\" data-animation-out=\"0\"> ... von Aktivit\u00e4ten im Bereich der biologischen Vielfalt und&nbsp;f\u00fcr effiziente und effektive Prozesse<\/h2>\n        <p class=\"u-align-left u-small-text u-text u-text-grey-40 u-text-variant u-text-3\" data-animation-name=\"customAnimationIn\" data-animation-duration=\"2500\">Source: \"Angler apps as a source of recreational fisheries data: opportunities, \nchallenges and proposed standards\u201d (https:\/\/doi.org\/10.1111\/faf.121\u200b89)<\/p>\n      <\/div>\n    <\/section>\n    <section class=\"skrollable u-clearfix u-image u-parallax u-section-6\" id=\"sec-468c\" data-image-width=\"1600\" data-image-height=\"1067\" style=\"background-image: url(&quot;https:\/\/www.fishven.com\/wp-content\/uploads\/2022\/11\/pexels-photo-1428277.jpeg&quot;);\">\n      <div class=\"u-clearfix u-sheet u-sheet-1\">\n        <h1 class=\"u-align-left u-text u-text-default u-text-grey-10 u-text-1\">Die L\u00f6sung f\u00fcr eine moderne Fischereiverwaltung<\/h1>\n        <p class=\"u-align-left u-text u-text-white u-text-2\"> Die Fishven Platform&nbsp;\u200bkonsolidiert bisher heterogene Daten in einer zentralen Datenbank. Sie bietet moderne Erfassungs-Applikationen f\u00fcr die unterschiedlichen Anwendergruppen.<\/p>\n        <div class=\"u-clearfix u-expanded-width u-layout-wrap u-layout-wrap-1\">\n          <div class=\"u-layout\">\n            <div class=\"u-layout-row\">\n              <div class=\"u-container-style u-layout-cell u-opacity u-opacity-80 u-size-40 u-white u-layout-cell-1\">\n                <div class=\"u-container-layout u-container-layout-1\">\n                  <img decoding=\"async\" class=\"u-image u-image-contain u-image-default u-preserve-proportions u-image-1\" src=\"https:\/\/www.fishven.com\/wp-content\/uploads\/2022\/11\/platform-overview-fishven-flat-iconsv3.png\" alt=\"\" data-image-width=\"1080\" data-image-height=\"1200\">\n                <\/div>\n              <\/div>\n              <div class=\"u-container-style u-layout-cell u-opacity u-opacity-90 u-size-20 u-white u-layout-cell-2\">\n                <div class=\"u-container-layout u-valign-top u-container-layout-2\">\n                  <p class=\"u-large-text u-text u-text-default u-text-grey-75 u-text-variant u-text-3\">\n                    <span style=\"font-weight: 700;\"><\/span> Zahlreiche <span style=\"font-weight: 700;\">Services <\/span>(Funktionen und Anwendungen) stehen f\u00fcr die t\u00e4glichen Fischereiverwaltungs-Aufgaben zur Verf\u00fcgung.<br>\n                    <br>\n                    <br> Das&nbsp;<span style=\"font-weight: 700;\">Analyse <\/span>und <span style=\"font-weight: 700;\">Workflow <\/span>Management&nbsp;bietet effizente Prozesse und Auswertungen zu den einzelnen Aufgabengebieten, z.B. Fangstatistik oder Schadensvorf\u00e4lle.<br>\n                    <br>\n                    <br> Der <span style=\"font-weight: 700;\">Datenpool <\/span>integriert und verbindet verschiedene Daten und Quellen zu einer homogenen Basis.<br>\n                    <br>\n                    <br> Einbinden unterschiedlicher <span style=\"font-weight: 700;\">Datenquellen&nbsp;<\/span>von Flat Files und externen Datenbanken (u.a. csv, Access) oder von Fishven bereitgestellten Applikationen (z.B. Fangstatistik App)<br>\n                  <\/p>\n                <\/div>\n              <\/div>\n            <\/div>\n          <\/div>\n        <\/div>\n      <\/div>\n    <\/section>\n    <section class=\"u-clearfix u-image u-section-7\" id=\"carousel_a3d7\" data-image-width=\"1024\" data-image-height=\"576\" style=\"background-image: url(&quot;https:\/\/www.fishven.com\/wp-content\/uploads\/2022\/11\/backgroundfishvensmall.png&quot;);\">\n      <div class=\"u-clearfix u-sheet u-sheet-1\">\n        <h2 class=\"u-align-left u-text u-text-grey-75 u-text-1\">Erfahren Sie mehr \u00fcber<\/h2>\n        <div class=\"u-list u-list-1\">\n          <div class=\"u-repeater u-repeater-1\">\n            <div class=\"u-align-left u-container-align-left u-container-style u-hover-feature u-list-item u-repeater-item u-shape-rectangle u-border-black u-border-1 u-list-item-1\" data-href=\"https:\/\/www.fishven.com\/fishven-plattform\/\" title=\"Fishven Plattform\">\n              <div class=\"u-container-layout u-similar-container u-valign-middle u-container-layout-1\">\n                <h4 class=\"u-align-center u-text u-text-grey-75 u-text-2\">Fishven Plattform<\/h4>\n              <\/div>\n            <\/div>\n            <div class=\"u-align-left u-container-align-left u-container-style u-hover-feature u-list-item u-repeater-item u-shape-rectangle u-border-black u-border-1 u-list-item-2\" data-href=\"https:\/\/www.fishven.com\/digitale-fangstatistik-app\/\" title=\"Digitale Fangstatistik App\">\n              <div class=\"u-container-layout u-similar-container u-valign-middle u-container-layout-2\">\n                <h4 class=\"u-align-center u-text u-text-grey-75 u-text-3\">Fangstatistik App<\/h4>\n              <\/div>\n            <\/div>\n            <div class=\"u-align-left u-container-align-left u-container-style u-hover-feature u-list-item u-repeater-item u-shape-rectangle u-border-black u-border-1 u-list-item-3\" data-href=\"https:\/\/www.fishven.com\/fischaufsicht-app\/\" title=\"Fischaufsicht App\">\n              <div class=\"u-container-layout u-similar-container u-valign-middle u-container-layout-3\">\n                <h4 class=\"u-align-center u-text u-text-grey-75 u-text-4\">Fischaufsicht App<\/h4>\n              <\/div>\n            <\/div>\n            <div class=\"u-align-left u-container-align-left u-container-style u-hover-feature u-list-item u-repeater-item u-shape-rectangle u-border-black u-border-1 u-list-item-4\" data-href=\"https:\/\/www.fishven.com\/administrations-tool\/\">\n              <div class=\"u-container-layout u-similar-container u-valign-middle u-container-layout-4\">\n                <h4 class=\"u-align-center u-text u-text-grey-75 u-text-5\">Administration Tool<\/h4>\n              <\/div>\n            <\/div>\n          <\/div>\n        <\/div>\n      <\/div>\n      \n      \n      \n      \n    <\/section>\n    \n    \n    \n    \n    \n    \n  \n","protected":false},"excerpt":{"rendered":"<p>Nachhaltige Fischereiverwaltung f\u00fcr Biodiversit\u00e4t Fishven ist das \u00d6kosystem f\u00fcr nachhaltiges Fischereimanagement, das staatliche Verantwortung, Wissenschaft und individuelle Freude vereint 01100010 01101001 01101111 01100100&nbsp; &nbsp;01101001 01110110 01100101 01110010&nbsp; 01110011 01101001 01110100 01111001 Aktives Lagemanagement&nbsp; &#8230; f\u00fcr die Hege &amp; Pflege von Fischen und Binnengew\u00e4ssern durch die Integration&nbsp;verschiedener Datenquellen &nbsp; Aktives Lagemanagement bedeutet, auf Basis verschiedener Daten &hellip; <a href=\"https:\/\/www.fishven.com\/de\/\" class=\"more-link\">Continue reading<span class=\"screen-reader-text\"> &#8222;Moderne Fischereiverwaltung&#8220;<\/span><\/a><\/p>\n","protected":false},"author":1,"featured_media":0,"parent":0,"menu_order":2,"comment_status":"closed","ping_status":"closed","template":"","meta":{"footnotes":""},"class_list":["post-91","page","type-page","status-publish","hentry"],"_links":{"self":[{"href":"https:\/\/www.fishven.com\/de\/wp-json\/wp\/v2\/pages\/91","targetHints":{"allow":["GET"]}}],"collection":[{"href":"https:\/\/www.fishven.com\/de\/wp-json\/wp\/v2\/pages"}],"about":[{"href":"https:\/\/www.fishven.com\/de\/wp-json\/wp\/v2\/types\/page"}],"author":[{"embeddable":true,"href":"https:\/\/www.fishven.com\/de\/wp-json\/wp\/v2\/users\/1"}],"replies":[{"embeddable":true,"href":"https:\/\/www.fishven.com\/de\/wp-json\/wp\/v2\/comments?post=91"}],"version-history":[{"count":52,"href":"https:\/\/www.fishven.com\/de\/wp-json\/wp\/v2\/pages\/91\/revisions"}],"predecessor-version":[{"id":913,"href":"https:\/\/www.fishven.com\/de\/wp-json\/wp\/v2\/pages\/91\/revisions\/913"}],"wp:attachment":[{"href":"https:\/\/www.fishven.com\/de\/wp-json\/wp\/v2\/media?parent=91"}],"curies":[{"name":"wp","href":"https:\/\/api.w.org\/{rel}","templated":true}]}}