{"id":273,"date":"2022-11-03T10:47:17","date_gmt":"2022-11-03T10:47:17","guid":{"rendered":"https:\/\/demo.fishven.com\/?page_id=273"},"modified":"2024-01-11T11:08:14","modified_gmt":"2024-01-11T11:08:14","slug":"imprimir","status":"publish","type":"page","link":"https:\/\/www.fishven.com\/es\/imprimir\/","title":{"rendered":"Pie de imprenta"},"content":{"rendered":"<section class=\"u-align-center u-clearfix u-image u-shading u-section-2\" src=\"\" id=\"sec-56a9\" data-image-width=\"18\" data-image-height=\"12\" style=\"background-image: linear-gradient(0deg, rgba(0, 0, 0, 0.15), rgba(0, 0, 0, 0.15)), url(&quot;https:\/\/www.fishven.com\/wp-content\/uploads\/2022\/11\/pexels-photo-247487.jpg&quot;);\">\n      <div class=\"u-clearfix u-sheet u-sheet-1\"><\/div>\n    <\/section>\n    <section class=\"u-align-center u-clearfix u-image u-image-tiles u-section-3\" id=\"sec-1558\" data-image-width=\"1024\" data-image-height=\"576\" style=\"background-image: url(&quot;https:\/\/www.fishven.com\/wp-content\/uploads\/2022\/11\/backgroundfishvensmall.png&quot;);\">\n      <div class=\"u-clearfix u-sheet u-sheet-1\">\n        <h1 class=\"u-align-left u-text u-text-1\">Pie de imprenta<\/h1>\n        <p class=\"u-align-left u-text u-text-2\">\n          <span style=\"font-weight: 700; font-size: 1.125rem;\">Direcci\u00f3n de contacto <\/span>\n          <br>\n          <br>Nobozo Lab GmbH<br>G\u00f6nhardweg 32 <br>5034 Suhr <br>Suiza <br>\n          <br>Correo electr\u00f3nico: <br>contact@nobozolab.com <br>\n          <br>\n          <br>\n          <br>\n          <span style=\"font-weight: 700;\">Representante(s) autorizado(s) <\/span>\n          <br>Dr. Mario Baumgartner, Director General <br>\n          <br>\n          <br>\n          <span style=\"font-weight: 700;\">Inscripci\u00f3n en el registro mercantil <\/span>\n          <br>Nombre de la empresa registrada: <br>Laboratorio Nobozo <br>\n          <br>N\u00famero de empresa (UID): <br>UID CHE-462.897.815 <br>\n          <br>N\u00famero de IVA <br>UID CHE-462.897.815 IVA <br>\n          <br>\n          <br>\n          <br>\n          <span style=\"font-weight: 700;\">Descargo de responsabilidad <\/span>\n          <br>El autor no asume ninguna responsabilidad en cuanto a la correcci\u00f3n, exactitud, actualizaci\u00f3n, fiabilidad e integridad de la informaci\u00f3n. <br>Por lo tanto, se rechazar\u00e1n las reclamaciones de responsabilidad relativas a los da\u00f1os causados por el uso de cualquier informaci\u00f3n proporcionada, incluyendo cualquier tipo de informaci\u00f3n que sea incompleta o incorrecta. <br>\n          <br>Todas las ofertas son sin compromiso. El autor se reserva expresamente el derecho a modificar, complementar o eliminar partes de las p\u00e1ginas o toda la oferta sin previo aviso o a interrumpir la publicaci\u00f3n temporal o definitivamente. Las obligaciones de eliminar o bloquear el uso de la informaci\u00f3n seg\u00fan las leyes generales no se ven afectadas por esto. Sin embargo, la responsabilidad a este respecto s\u00f3lo es posible a partir del momento en que se conoce una infracci\u00f3n concreta de la ley. Si tenemos conocimiento de cualquier infracci\u00f3n de este tipo, eliminaremos este contenido inmediatamente. <br>\n          <br>\n          <br>\n          <br>\n          <span style=\"font-weight: 700;\">Descargo de responsabilidad para los enlaces <\/span>\n          <br>Nuestra oferta contiene enlaces a p\u00e1ginas web externas de terceros, sobre cuyos contenidos no tenemos ninguna influencia. Por lo tanto, no podemos asumir ninguna responsabilidad por estos contenidos externos. El proveedor u operador de las p\u00e1ginas es siempre responsable del contenido de las p\u00e1ginas enlazadas. Las p\u00e1ginas enlazadas fueron revisadas para detectar posibles infracciones legales en el momento de enlazarlas. Los contenidos ilegales no eran reconocibles en el momento del enlace. Sin embargo, la supervisi\u00f3n permanente del contenido de las p\u00e1ginas enlazadas no es razonable si no hay indicios concretos de una infracci\u00f3n legal. Si tenemos conocimiento de alguna infracci\u00f3n de la ley, eliminaremos dichos enlaces inmediatamente. <br>\n          <br>\n          <br>\n          <span style=\"font-weight: 700;\">Copyright <\/span>\n          <br>El contenido y las obras creadas por los operadores del sitio en estas p\u00e1ginas est\u00e1n sujetos a la legislaci\u00f3n suiza sobre derechos de autor. La reproducci\u00f3n, el tratamiento, la distribuci\u00f3n y cualquier tipo de explotaci\u00f3n fuera de los l\u00edmites de los derechos de autor requieren el consentimiento por escrito del respectivo autor o creador. Las descargas y copias de este sitio s\u00f3lo se permiten para uso privado y no comercial. En la medida en que el contenido de este sitio no haya sido creado por el operador, se respetan los derechos de autor de terceros. En particular, los contenidos de terceros est\u00e1n marcados como tales. No obstante, si tiene conocimiento de una infracci\u00f3n de los derechos de autor, le rogamos que nos informe al respecto. Si tenemos conocimiento de alguna infracci\u00f3n, eliminaremos dicho contenido inmediatamente. <br>\n          <br>\n        <\/p>\n        <div class=\"u-align-left u-clearfix u-custom-html u-custom-html-1\">\n          <p>Utilizamos FlatIcons de las siguientes fuentes:&nbsp;<br>\n            <br><i>Gesti\u00f3n pesquera sostenible para la biodiversidad<\/i>\n            <br> Foto de portada - <a href=\"https:\/\/www.pexels.com\/photo\/rocky-mountains-behind-lake-and-trees-5832871\/\" title=\"Monta\u00f1as rocosas\">Monta\u00f1as rocosas<\/a> por lil artsy <br> Seguimiento de extremo a extremo - \"Las aplicaciones para pescadores como fuente de datos sobre pesca recreativa: oportunidades, retos y normas propuestas\" (<a href=\"https:\/\/doi.org\/10.1111\/faf.12189\"> DOI<\/a>)<br>\n            <br><i>Plataforma Fishven<\/i>\n            <br> Foto de portada - <a href=\"https:\/\/pixabay.com\/photos\/river-fishing-mountains-fisherman-5900547\/\" title=\"r\u00edo-pesca-monta\u00f1a-pescador\">Pesca fluvial pescador de monta\u00f1a<\/a> por Sonyuser <br> M\u00e1s informaci\u00f3n - <a href=\"https:\/\/www.pexels.com\/photo\/snow-covered-mountain-1428277\/\" title=\"monta\u00f1a nevada\">Monta\u00f1a nevada<\/a> por eberhard grossgasteiger <br> Funciones Fishven - <a href=\"https:\/\/pixabay.com\/photos\/pond-fishing-cherry-blossoms-water-4109750\/\" title=\"estanque-pesca-cerezosos-flores-agua\">Estanque pesca cerezos en flor agua<\/a> por yamabon <br>\n            <br><i>Aplicaci\u00f3n de estad\u00edsticas de capturas<\/i>\n            <br> Foto de portada - <a href=\"https:\/\/pixabay.com\/photos\/sea-fishing-tranquil-calm-ocean-2565573\/\" title=\"Pesca tranquila\">Pesca tranquila<\/a> por jplenio <br>\n            <br><i>Aplicaci\u00f3n Fish Watch<\/i>\n            <br> Foto de portada - <a href=\"https:\/\/www.pexels.com\/photo\/man-fishing-848737\/\" title=\"hombre-pesca\">Hombre pescando<\/a> por Darcy Lawrey <br>\n            <br><i>Herramienta de administraci\u00f3n<\/i>\n            <br> Foto de portada - <a href=\"https:\/\/pixabay.com\/photos\/fishing-boat-fishing-rod-fishing-5541327\/\" title=\"Ca\u00f1a de pescar\">Ca\u00f1a de pescar<\/a> por K_Malik <br>\n            <br><i>Sobre nosotros<\/i>\n            <br> Foto de portada - <a href=\"https:\/\/pixabay.com\/\" title=\"Ca\u00f1a de pescar\">Bosque con niebla<\/a>\n            <br>\n            <br><i>Pie de imprenta<\/i>\n            <br> Foto de portada - <a href=\"https:\/\/www.pexels.com\/photo\/umbrella-against-sky-247487\/\" title=\"paraguas contra el cielo\">Umbreall contra el cielo<\/a> por Pixabay <br>\n            <br>\n          <\/p>\n        <\/div>\n        <div class=\"u-align-left u-clearfix u-custom-html u-custom-html-2\">\n          <p>Utilizamos FlatIcons de las siguientes fuentes:&nbsp;<br>\n            <a href=\"https:\/\/www.flaticon.com\/free-icons\/database\" title=\"iconos de la base de datos\">Iconos de bases de datos creados por Bartama Graphic - Flaticon<\/a>\n            <br>\n            <a href=\"https:\/\/www.flaticon.com\/free-icons\/smartphone\" title=\"iconos para smartphones\">Iconos de tel\u00e9fonos inteligentes creados por Freepik - Flaticon<\/a>\n            <br>\n            <a href=\"https:\/\/www.flaticon.com\/free-icons\/top\" title=\"iconos superiores\">Los mejores iconos creados por Yogi Aprelliyanto - Flaticon<\/a>\n            <br>\n            <a href=\"https:\/\/www.flaticon.com\/free-icons\/gauge\" title=\"Iconos de los man\u00f3metros\">Iconos de medidores creados por Atif Arshad - Flaticon<\/a>\n            <br>\n            <a href=\"https:\/\/www.flaticon.com\/free-icons\/under-water\" title=\"iconos bajo el agua\">Iconos bajo el agua creados por Freepik - Flaticon<\/a>\n            <br>\n            <a href=\"https:\/\/www.flaticon.com\/free-icons\/files-and-folders\" title=\"iconos de archivos y carpetas\">Iconos de archivos y carpetas creados por Made by Made Premium - Flaticon<\/a>\n            <br>\n            <a href=\"https:\/\/www.flaticon.com\/free-icons\/bar-chart\" title=\"iconos de gr\u00e1ficos de barras\">Iconos de gr\u00e1ficos de barras creados por Freepik - Flaticon<\/a>\n            <br>\n            <a href=\"https:\/\/www.flaticon.com\/free-icons\/fish\" title=\"iconos de peces\">Iconos de peces creados por Those Icons - Flaticon<\/a>\n            <br>\n            <a href=\"https:\/\/www.flaticon.com\/free-icons\/arrows\" title=\"iconos de flechas\">Iconos de flechas creados por el estudio - Flaticon<\/a>\n            <br>\n            <a href=\"https:\/\/www.flaticon.com\/free-icons\/risk\" title=\"iconos de riesgo\">Iconos de riesgo creados por juicy_fish - Flaticon<\/a>\n          <\/p>\n        <\/div>\n      <\/div>\n    <\/section>","protected":false},"excerpt":{"rendered":"<p>Pie de imprenta Direcci\u00f3n de contacto Nobozo Lab GmbHG\u00f6nhardweg 32 5034 Suhr Suiza E-Mail: contact@nobozolab.com Representante(s) autorizado(s) Dr. Mario Baumgartner, Director General Inscripci\u00f3n en el registro mercantil Raz\u00f3n social: Nobozo Lab N\u00famero de empresa (UID): UID CHE-462.897.815 N\u00famero de IVA UID CHE-462.897.815 Descargo de responsabilidad El autor no se hace responsable de la exactitud, precisi\u00f3n, actualidad, fiabilidad e integridad de la informaci\u00f3n facilitada. Las reclamaciones de responsabilidad contra el autor por material o ... <a href=\"https:\/\/www.fishven.com\/es\/imprimir\/\" class=\"more-link\">Seguir leyendo<span class=\"screen-reader-text\"> \"Pie de imprenta\"<\/span><\/a><\/p>","protected":false},"author":1,"featured_media":0,"parent":0,"menu_order":0,"comment_status":"closed","ping_status":"closed","template":"","meta":{"footnotes":""},"class_list":["post-273","page","type-page","status-publish","hentry"],"_links":{"self":[{"href":"https:\/\/www.fishven.com\/es\/wp-json\/wp\/v2\/pages\/273","targetHints":{"allow":["GET"]}}],"collection":[{"href":"https:\/\/www.fishven.com\/es\/wp-json\/wp\/v2\/pages"}],"about":[{"href":"https:\/\/www.fishven.com\/es\/wp-json\/wp\/v2\/types\/page"}],"author":[{"embeddable":true,"href":"https:\/\/www.fishven.com\/es\/wp-json\/wp\/v2\/users\/1"}],"replies":[{"embeddable":true,"href":"https:\/\/www.fishven.com\/es\/wp-json\/wp\/v2\/comments?post=273"}],"version-history":[{"count":12,"href":"https:\/\/www.fishven.com\/es\/wp-json\/wp\/v2\/pages\/273\/revisions"}],"predecessor-version":[{"id":885,"href":"https:\/\/www.fishven.com\/es\/wp-json\/wp\/v2\/pages\/273\/revisions\/885"}],"wp:attachment":[{"href":"https:\/\/www.fishven.com\/es\/wp-json\/wp\/v2\/media?parent=273"}],"curies":[{"name":"wp","href":"https:\/\/api.w.org\/{rel}","templated":true}]}}