{"id":116,"date":"2022-11-01T13:00:43","date_gmt":"2022-11-01T13:00:43","guid":{"rendered":"https:\/\/demo.fishven.com\/?page_id=116"},"modified":"2024-09-02T13:18:26","modified_gmt":"2024-09-02T13:18:26","slug":"tietoa-meistae","status":"publish","type":"page","link":"https:\/\/www.fishven.com\/fi\/tietoa-meistae\/","title":{"rendered":"Tietoa meist\u00e4"},"content":{"rendered":"<section class=\"u-clearfix u-image u-shading u-section-2\" id=\"sec-7979\" data-image-width=\"1280\" data-image-height=\"853\" style=\"background-image: linear-gradient(0deg, rgba(0, 0, 0, 0.4), rgba(0, 0, 0, 0.4)), url(&quot;https:\/\/www.fishven.com\/wp-content\/uploads\/2022\/11\/57e5d6464852ad14f6da8c7dda79367d1d38d6ed5b586c4870287cd0934cc45dbb_1280.jpg&quot;);\">\n      <div class=\"u-clearfix u-sheet u-sheet-1\">\n        <h2 class=\"u-custom-font u-font-playfair-display u-text u-text-body-alt-color u-text-1\">Haluamme suunnitella kalastuksen ja sis\u00e4vesien hallinnoinnin uudelleen tehokkaan seurannan ja kattavan tietojen yhdist\u00e4misen avulla.<\/h2>\n      <\/div>\n    <\/section>\n    <section class=\"u-clearfix u-image u-image-tiles u-section-3\" id=\"sec-3457\" data-image-width=\"1024\" data-image-height=\"576\" style=\"background-image: url(&quot;https:\/\/www.fishven.com\/wp-content\/uploads\/2022\/11\/backgroundfishvensmall.png&quot;);\">\n      <div class=\"data-layout-selected u-clearfix u-layout-wrap u-layout-wrap-1\">\n        <div class=\"u-layout\">\n          <div class=\"u-layout-row\">\n            <div class=\"u-container-style u-layout-cell u-palette-1-dark-2 u-size-30 u-layout-cell-1\">\n              <div class=\"u-container-layout u-container-layout-1\">\n                <h2 class=\"u-text u-text-default u-text-1\">Arvomme<\/h2>\n                <p class=\"u-text u-text-default u-text-2\">\n                  <span style=\"font-size: 1.125rem; font-weight: 700;\">Kest\u00e4v\u00e4 kehitys on\nEl\u00e4m\u00e4.&nbsp;<\/span>\n                  <br>N\u00e4emme luonnon monimuotoisuuden kest\u00e4v\u00e4n kala- ja vesitalouden avulla yhteiskunnan vastuuna. Me annamme aktiivisen panoksemme.&nbsp; &nbsp;<br>\n                  <br>\n                  <span style=\"font-weight: 700; font-size: 1.125rem;\">Aito \"me\".&nbsp;<\/span>\n                  <br>Me n\u00e4emme parhaan suorituskyvyn ja motivaation sopusoinnussa. Luomme ty\u00f6ymp\u00e4rist\u00f6n, jossa ty\u00f6ntekij\u00e4t, asiakkaat ja kumppanit viihtyv\u00e4t.&nbsp; &nbsp;<br>\n                  <br>\n                  <span style=\"font-size: 1.125rem; font-weight: 700;\">Yhdess\u00e4 tarkoittaa toisiaan varten.<\/span>&nbsp;<br> Oikeudenmukaisuus, rehellisyys, kunnioitus, my\u00f6t\u00e4tunto ja itsevarma n\u00f6yryys ovat perusasenteemme. Teemme sit\u00e4, mik\u00e4 on t\u00e4rke\u00e4\u00e4 ja oikein.<br>&nbsp; &nbsp;<br>\n                  <span style=\"font-weight: 700; font-size: 1.125rem;\">Me todistamme innovaation.&nbsp;<\/span>\n                  <br> N\u00e4emme haasteet mahdollisuuksina. Ty\u00f6skentelemme mielikuvituksellisesti ja p\u00e4\u00e4tt\u00e4v\u00e4isesti intohimoisesti, tietoisesti ja rohkeasti.\n                <\/p>\n              <\/div>\n            <\/div>\n            <div class=\"u-align-right u-container-align-right u-container-style u-layout-cell u-size-30 u-layout-cell-2\">\n              <div class=\"u-container-layout u-container-layout-2\">\n                <div class=\"u-align-right u-border-4 u-border-palette-3-base u-container-align-center-sm u-container-align-center-xs u-container-align-right u-container-style u-group u-shape-rectangle u-group-1\">\n                  <div class=\"u-container-layout u-container-layout-3\">\n                    <h2 class=\"u-align-center-sm u-align-center-xs u-text u-text-default u-text-palette-3-dark-1 u-text-3\">Syd\u00e4memme<\/h2>\n                    <p class=\"u-align-center-sm u-align-center-xs u-large-text u-text u-text-palette-3-dark-1 u-text-variant u-text-4\"> Suhteet ovat meille t\u00e4rkeit\u00e4, ja n\u00e4emme itsemme yritt\u00e4jin\u00e4, jotka seisovat muiden puolesta ja muiden kanssa sosiaalisessa ja ekologisessa vastuussa. Meill\u00e4 on moderni, kest\u00e4v\u00e4 ja kosmopoliittinen ajattelutapa.  Kannamme yritysarvojamme syd\u00e4mess\u00e4mme <\/p>\n                  <\/div>\n                <\/div>\n              <\/div>\n            <\/div>\n          <\/div>\n        <\/div>\n      <\/div>\n    <\/section>\n    <section class=\"u-clearfix u-custom-typography u-image u-image-tiles u-section-4\" id=\"sec-480d\" data-image-width=\"1024\" data-image-height=\"576\" style=\"background-image: url(&quot;https:\/\/www.fishven.com\/wp-content\/uploads\/2022\/11\/backgroundfishvensmall.png&quot;);\">\n      <div class=\"u-clearfix u-sheet u-sheet-1\">\n        <div class=\"u-border-1 u-border-grey-dark-1 u-line u-line-horizontal u-line-1\" data-animation-name=\"customAnimationIn\" data-animation-duration=\"2000\" data-animation-delay=\"250\" data-animation-out=\"0\"><\/div>\n        <h1 class=\"u-align-left u-text u-text-default u-text-grey-75 u-text-1\" data-animation-out=\"0\">Kest\u00e4v\u00e4n kehityksen tiimi<\/h1>\n        <div class=\"u-expanded-width u-list u-list-1\">\n          <div class=\"u-repeater u-repeater-1\">\n            <div class=\"u-align-center u-container-align-center u-container-style u-list-item u-repeater-item u-list-item-1\" data-animation-out=\"0\">\n              <div class=\"u-container-layout u-similar-container u-valign-top u-container-layout-1\">\n                <div alt=\"\" class=\"u-align-center u-image u-image-circle u-preserve-proportions u-image-1\" src=\"\" data-image-width=\"420\" data-image-height=\"415\" style=\"background-image: url(&quot;https:\/\/www.fishven.com\/wp-content\/uploads\/2022\/11\/mario_baumgartner_420x415.jpg&quot;);\"><\/div>\n                <h5 class=\"u-text u-text-2\">Mario Baumgartner<\/h5>\n                <p class=\"u-text u-text-3\">Toimitusjohtaja<\/p>\n              <\/div>\n            <\/div>\n            <div class=\"u-align-center u-container-align-center u-container-style u-list-item u-repeater-item u-list-item-2\" data-animation-out=\"0\">\n              <div class=\"u-container-layout u-similar-container u-valign-top u-container-layout-2\">\n                <div alt=\"\" class=\"u-align-center u-image u-image-circle u-preserve-proportions u-image-2\" src=\"\" data-image-width=\"800\" data-image-height=\"800\" style=\"background-image: url(&quot;https:\/\/www.fishven.com\/wp-content\/uploads\/2022\/11\/christianniedermeier.jpg&quot;);\"><\/div>\n                <h5 class=\"u-text u-text-4\">Christian Niedermeier<\/h5>\n                <p class=\"u-text u-text-5\">Rahoitusp\u00e4\u00e4llikk\u00f6<\/p>\n              <\/div>\n            <\/div>\n            <div class=\"u-align-center u-container-align-center u-container-style u-list-item u-repeater-item u-list-item-3\">\n              <div class=\"u-container-layout u-similar-container u-valign-top u-container-layout-3\">\n                <div alt=\"\" class=\"u-align-center u-image u-image-circle u-preserve-proportions u-image-3\" src=\"\" data-image-width=\"2233\" data-image-height=\"2211\" style=\"background-image: url(&quot;https:\/\/www.fishven.com\/wp-content\/uploads\/2022\/11\/andrey-cekovski-s.jpg&quot;);\"><\/div>\n                <h5 class=\"u-text u-text-6\">Andrey Cekovski<\/h5>\n                <p class=\"u-text u-text-7\">IT- ja infrastruktuurip\u00e4\u00e4llikk\u00f6<br>\n                <\/p>\n              <\/div>\n            <\/div>\n            <div class=\"u-align-center u-container-align-center u-container-style u-list-item u-repeater-item u-list-item-4\">\n              <div class=\"u-container-layout u-similar-container u-valign-top u-container-layout-4\">\n                <div alt=\"\" class=\"u-align-center u-image u-image-circle u-preserve-proportions u-image-4\" src=\"\" data-image-width=\"1600\" data-image-height=\"1067\" style=\"background-image: url(&quot;https:\/\/www.fishven.com\/wp-content\/uploads\/2024\/09\/PhilippBinaghicoloured1.jpg&quot;);\"><\/div>\n                <h5 class=\"u-text u-text-8\">Philipp Binaghi<br>\n                <\/h5>\n                <p class=\"u-text u-text-9\"> Viestint\u00e4 ja markkinointi<br>\n                <\/p>\n              <\/div>\n            <\/div>\n            <div class=\"u-align-center u-container-align-center u-container-style u-list-item u-repeater-item u-list-item-5\" data-animation-out=\"0\">\n              <div class=\"u-container-layout u-similar-container u-valign-top u-container-layout-5\">\n                <div alt=\"\" class=\"u-align-center u-image u-image-circle u-preserve-proportions u-image-5\" src=\"\" data-image-width=\"500\" data-image-height=\"500\" style=\"background-image: url(&quot;data:image\/svg+xml;base64,PHN2ZyB2ZXJzaW9uPSIxLjEiIGlkPSJtYW4iIHhtbG5zPSJodHRwOi8vd3d3LnczLm9yZy8yMDAwL3N2ZyIgeD0iMHB4IiB5PSIwcHgiIHZpZXdCb3g9IjAgMCAyNTYgMjU2IiBzdHlsZT0id2lkdGg6IDI1NnB4OyBoZWlnaHQ6IDI1NnB4OyI+CjxyZWN0IGZpbGw9IiNDNkQ4RTEiIHdpZHRoPSIyNTYiIGhlaWdodD0iMjU2Ii8+CjxwYXRoIGZpbGw9IiM3Rjk2QTYiIGQ9Ik0xNzIuNiw5My40YzExLjYtNDQuNy0xMS4yLTQ4LjYtMTEuNy00OC4xYy0yMi40LTMxLjMtOTAuMy0xNi44LTc3LjQsNDguMWMtMTMuMy0yLjQtMS44LDMxLjYsMy43LDMyLjEKCWMwLDAsMCwwLDAsMGMwLjIsMCwwLjMsMCwwLjUtMC4xYzE0LjQsNDkuNyw2Mi43LDUwLjIsODAuNywwQzE3Mi4zLDEyNy4zLDE4Ni41LDkzLjMsMTcyLjYsOTMuNHoiLz4KPHBhdGggZmlsbD0iIzdGOTZBNiIgZD0iTTIwNS40LDE3Ny45Yy0yNC02LjEtNDMuNS0xOS44LTQzLjUtMTkuOGwtMjAuNiw2NC44bC04LTIyLjhjMTkuNy0yNy41LTMwLjMtMjcuNS0xMC42LDBsLTgsMjIuOEw5NCwxNTguMQoJYzAsMC0xOS41LDEzLjctNDMuNSwxOS44QzMyLjcsMTgyLjUsMzAsMjU2LDMwLDI1NmgxOTZDMjI2LDI1NiwyMjMuMywxODIuNSwyMDUuNCwxNzcuOXoiLz4KPC9zdmc+Cg==&quot;);\"><\/div>\n                <h5 class=\"u-text u-text-10\"> Milen Rabadzhiev<\/h5>\n                <p class=\"u-text u-text-11\">Kehitt\u00e4j\u00e4<\/p>\n              <\/div>\n            <\/div>\n            <div class=\"u-align-center u-container-align-center u-container-style u-list-item u-repeater-item u-list-item-6\">\n              <div class=\"u-container-layout u-similar-container u-valign-top u-container-layout-6\">\n                <div alt=\"\" class=\"u-align-center u-image u-image-circle u-preserve-proportions u-image-6\" src=\"\" data-image-width=\"1500\" data-image-height=\"1745\" style=\"background-image: url(&quot;https:\/\/www.fishven.com\/wp-content\/uploads\/2022\/11\/IvanMomchilov.png&quot;);\"><\/div>\n                <h5 class=\"u-text u-text-12\">Ivan Momchilov<\/h5>\n                <p class=\"u-text u-text-13\">Vanhempi kehitt\u00e4j\u00e4<\/p>\n              <\/div>\n            <\/div>\n            <div class=\"u-align-center u-container-align-center u-container-style u-list-item u-repeater-item u-list-item-7\">\n              <div class=\"u-container-layout u-similar-container u-valign-top u-container-layout-7\">\n                <div alt=\"\" class=\"u-align-center u-image u-image-circle u-preserve-proportions u-image-7\" src=\"\" data-image-width=\"935\" data-image-height=\"930\" style=\"background-image: url(&quot;https:\/\/www.fishven.com\/wp-content\/uploads\/2023\/11\/MG_8619N_carre.jpg&quot;);\"><\/div>\n                <h5 class=\"u-text u-text-14\">Mathais Gerst<br>\n                <\/h5>\n                <p class=\"u-text u-text-15\">Myyntip\u00e4\u00e4llikk\u00f6<br>\n                <\/p>\n              <\/div>\n            <\/div>\n            <div class=\"u-align-center u-container-align-center u-container-style u-list-item u-repeater-item u-list-item-8\">\n              <div class=\"u-container-layout u-similar-container u-valign-top u-container-layout-8\">\n                <div alt=\"\" class=\"u-align-center u-image u-image-circle u-preserve-proportions u-image-8\" src=\"\" data-image-width=\"510\" data-image-height=\"496\" style=\"background-image: url(&quot;https:\/\/www.fishven.com\/wp-content\/uploads\/2023\/11\/Blandine-432_V3_2.jpg&quot;);\"><\/div>\n                <h5 class=\"u-text u-text-16\"> Blandine-murut<\/h5>\n                <p class=\"u-text u-text-17\"> Myyntip\u00e4\u00e4llikk\u00f6<\/p>\n              <\/div>\n            <\/div>\n            <div class=\"u-align-center u-container-align-center u-container-style u-list-item u-repeater-item u-list-item-9\">\n              <div class=\"u-container-layout u-similar-container u-valign-top u-container-layout-9\">\n                <div alt=\"\" class=\"u-align-center u-image u-image-circle u-preserve-proportions u-image-9\" src=\"\" data-image-width=\"778\" data-image-height=\"800\" style=\"background-image: url(&quot;https:\/\/www.fishven.com\/wp-content\/uploads\/2023\/11\/1549372296-2300-copie.jpg&quot;);\"><\/div>\n                <h5 class=\"u-text u-text-18\">Roman Banz<\/h5>\n                <p class=\"u-text u-text-19\"> IT-p\u00e4\u00e4llikk\u00f6<\/p>\n              <\/div>\n            <\/div>\n          <\/div>\n        <\/div>\n      <\/div>\n    <\/section>\n    <section class=\"u-clearfix u-section-5\" id=\"carousel_d794\">\n      <div class=\"data-layout-selected u-clearfix u-layout-wrap u-layout-wrap-1\">\n        <div class=\"u-layout\">\n          <div class=\"u-layout-row\">\n            <div class=\"u-container-style u-layout-cell u-size-36 u-white u-layout-cell-1\">\n              <div class=\"u-container-layout u-container-layout-1\">\n                <h2 class=\"u-text u-text-default u-text-grey-75 u-text-1\">Kest\u00e4vyyden luominen kumppaneiden kanssa<br>\n                <\/h2>\n                <h1 class=\"u-text u-text-palette-3-base u-text-2\"> Kumppanuudet ovat yhteis\u00f6j\u00e4, jotka perustuvat samoihin arvoihin ja periaatteisiin.<\/h1>\n                <p class=\"u-large-text u-text u-text-default u-text-grey-75 u-text-variant u-text-3\">T\u00e4m\u00e4n vuoksi olemme jo vuosia tehneet yhteisty\u00f6t\u00e4 eri alojen kumppaneiden kanssa optimoidaksemme palveluitamme. Olemme ylpeit\u00e4 t\u00e4st\u00e4.<br>\n                <\/p>\n              <\/div>\n            <\/div>\n            <div class=\"u-align-right u-container-align-right u-container-style u-layout-cell u-size-24 u-layout-cell-2\">\n              <div class=\"u-container-layout u-container-layout-2\">\n                <img decoding=\"async\" class=\"u-image u-image-default u-image-1\" src=\"https:\/\/www.fishven.com\/wp-content\/uploads\/2023\/11\/hostpoint-logo2x.png\" alt=\"\" data-image-width=\"731\" data-image-height=\"141\">\n                <img decoding=\"async\" class=\"u-image u-image-contain u-image-default u-image-2\" src=\"https:\/\/www.fishven.com\/wp-content\/uploads\/2023\/11\/1_logo_PST_couleur_noir.png\" alt=\"\" data-image-width=\"2234\" data-image-height=\"1595\" data-href=\"https:\/\/pst-smartcity.ch\/?lang=fr\" data-target=\"_blank\">\n              <\/div>\n            <\/div>\n          <\/div>\n        <\/div>\n      <\/div>\n    <\/section>\n    <section class=\"u-clearfix u-image u-image-tiles u-section-6\" id=\"carousel_cad6\" data-image-width=\"1024\" data-image-height=\"576\" style=\"background-image: url(&quot;https:\/\/www.fishven.com\/wp-content\/uploads\/2022\/11\/backgroundfishvensmall.png&quot;);\">\n      <div class=\"u-clearfix u-sheet u-sheet-1\">\n        <div class=\"u-clearfix u-expanded-width u-layout-wrap u-layout-wrap-1\">\n          <div class=\"u-layout\" style=\"\">\n            <div class=\"u-layout-row\" style=\"\">\n              <div class=\"u-container-style u-layout-cell u-shape-rectangle u-size-24 u-layout-cell-1\">\n                <div class=\"u-container-layout u-container-layout-1\">\n                  <div class=\"u-align-left u-border-1 u-border-grey-dark-1 u-line u-line-horizontal u-line-1\"><\/div>\n                  <h5 class=\"u-custom-font u-font-montserrat u-text u-text-default-lg u-text-default-xl u-text-grey-75 u-text-1\"> Kest\u00e4v\u00e4 kalastus ja kaupallinen kalastus! Panoksemme biologisen monimuotoisuuden edist\u00e4miseen tarkoittaa nykyaikaisia tallennussovelluksia, heterogeenisten tietojen yhdist\u00e4mist\u00e4 ja nykyaikaisia analyysimenetelmi\u00e4.<\/h5>\n                  <div class=\"u-image u-image-circle u-image-contain u-image-1\" alt=\"\" data-image-width=\"3234\" data-image-height=\"1566\" data-animation-name=\"customAnimationIn\" data-animation-duration=\"1750\" data-animation-delay=\"250\" data-animation-out=\"0\" style=\"background-image: url(&quot;https:\/\/www.fishven.com\/wp-content\/uploads\/2022\/11\/2021-06-10-LogoFishven.png&quot;);\"><\/div>\n                <\/div>\n              <\/div>\n              <div class=\"u-align-justify u-container-style u-layout-cell u-size-36 u-layout-cell-2\">\n                <div class=\"u-container-layout u-container-layout-2\">\n                  <h2 class=\"u-text u-text-grey-75 u-text-2\">Tarina&nbsp;<\/h2>\n                  <p class=\"u-text u-text-default u-text-grey-75 u-text-3\"> Ajatus digitaalisista saalistilastoista syntyi vuonna 2016. <br>Fribourgin yliopistossa (CH) opiskeleva Antoni oli \u00e4rsyyntynyt tehottomasta paperisesta tilastovihkosta. \"T\u00e4llainen pit\u00e4isi digitalisoida mobiilisovelluksen avulla\". <br>\n                    <br>Yhdess\u00e4 Mario Baumgartnerin ja iimt-instituutin kanssa he onnistuivat kehitt\u00e4m\u00e4\u00e4n ensimm\u00e4isen prototyypin muutamassa viikossa, ja se her\u00e4tti jo innostusta ensimm\u00e4isiss\u00e4 kantoneissa. Graub\u00fcndenin kantoni p\u00e4\u00e4tti testivaiheesta nuoren joukkueen kanssa, ja \"kalastussovellus\" oli vakuuttava. Testivaiheessa lis\u00e4ttiin uusia toimintoja ja poistettiin tavanomaisia pieni\u00e4 ongelmia. K\u00e4ytt\u00f6\u00f6notto valmisteltiin. Ensimm\u00e4inen vaihe saavutettiin vuonna 2018, ja \"kalastussovelluksesta\" tuli virallisesti ensimm\u00e4inen digitaalinen saalistilasto. <br>\n                    <br>Kantoneilta ja k\u00e4ytt\u00e4jilt\u00e4 saatu palaute otettiin ajan mittaan tiiviisti huomioon, ja sovellusta t\u00e4ydennettiin yh\u00e4 useammilla uusilla toiminnoilla. N\u00e4in voitiin kehitt\u00e4\u00e4 yh\u00e4 kokonaisvaltaisempi sovellus, joka vakuuttaa niin kalastajat kuin viranomaisetkin. <br>\n                    <br>Vuosina 2019 ja 2020 my\u00f6s muut kantonit vakuuttuivat ja ottivat k\u00e4ytt\u00f6\u00f6n kalastussovelluksen. Sill\u00e4 v\u00e4lin voimme luottaa laajaan asiakaskuntaan ja olemme iloisia jokaisesta ylim\u00e4\u00e4r\u00e4isest\u00e4 kalastushallinnosta, jonka voimme vakuuttaa ja innostaa. Sveitsist\u00e4 alkanut toiminta on my\u00f6s kansainv\u00e4list\u00e4, ja sovellus on juuri tulossa ensimm\u00e4isiin Euroopan maihin. <br>\n                    <br>Vuonna 2022 nimesimme \"Fisheries App\" -sovelluksen uudelleen nimeksi \"Fishven\", joka on lyhenne sanoista Fish Venture. T\u00e4m\u00e4 johtuu siit\u00e4, ett\u00e4 yhdist\u00e4mme nyt monenlaisia digitaalisia ratkaisuja kalastuksen hallinnointiin, erityisesti ammattikalastajille tarkoitetun kalantarkastukseen tarkoitetun mobiilisovelluksen ja hallintoalustan, joka on integroiva tekij\u00e4.<br>\n                    <br>Digitaalisten ja tehokkaiden sovellusratkaisujen jatkuvan kehitt\u00e4misen lis\u00e4ksi visiomme on integroida erilaisia tietol\u00e4hteit\u00e4 vesist\u00f6jen\/kalojen biologiseen monimuotoisuuteen liittyvist\u00e4 aiheista. Mielest\u00e4mme t\u00e4m\u00e4 on aktiivisen tilanteenhallinnan perusta. N\u00e4in kalastusviranomaiset voivat nopeasti analysoida ja arvioida vesist\u00f6jen tilannetta ja tarvittaessa ryhty\u00e4 toimenpiteisiin. Keskipitk\u00e4ll\u00e4 aikav\u00e4lill\u00e4 t\u00e4m\u00e4 mahdollistaa yhten\u00e4isen seurannan ja raportoinnin. Ihannetapauksessa \"Fishven\" auttaa osaltaan tekem\u00e4\u00e4n biologisesta monimuotoisuudesta yhdenmukaisesti mitattavaa, esitett\u00e4viss\u00e4 olevaa ja vertailukelpoista.<br>\n                  <\/p>\n                <\/div>\n              <\/div>\n            <\/div>\n          <\/div>\n        <\/div>\n      <\/div>\n    <\/section>","protected":false},"excerpt":{"rendered":"<p>Haluamme suunnitella kalastuksen ja sis\u00e4vesien hallinnan uudelleen tehokkaan seurannan ja kattavan tiedon integroinnin avulla Arvomme Kest\u00e4v\u00e4 kehitys on el\u00e4m\u00e4\u00e4.  N\u00e4emme biologisen monimuotoisuuden kest\u00e4v\u00e4n kala- ja vesienhoidon kautta yhteiskunnan vastuuna. Annamme aktiivisen panoksemme.    Aito \"me\".  N\u00e4emme parhaan suorituskyvyn ja motivaation sopusoinnussa. ... <a href=\"https:\/\/www.fishven.com\/fi\/tietoa-meistae\/\" class=\"more-link\">Jatka lukemista<span class=\"screen-reader-text\"> \"Tietoa meist\u00e4\"<\/span><\/a><\/p>","protected":false},"author":1,"featured_media":0,"parent":0,"menu_order":0,"comment_status":"closed","ping_status":"closed","template":"","meta":{"footnotes":""},"class_list":["post-116","page","type-page","status-publish","hentry"],"_links":{"self":[{"href":"https:\/\/www.fishven.com\/fi\/wp-json\/wp\/v2\/pages\/116","targetHints":{"allow":["GET"]}}],"collection":[{"href":"https:\/\/www.fishven.com\/fi\/wp-json\/wp\/v2\/pages"}],"about":[{"href":"https:\/\/www.fishven.com\/fi\/wp-json\/wp\/v2\/types\/page"}],"author":[{"embeddable":true,"href":"https:\/\/www.fishven.com\/fi\/wp-json\/wp\/v2\/users\/1"}],"replies":[{"embeddable":true,"href":"https:\/\/www.fishven.com\/fi\/wp-json\/wp\/v2\/comments?post=116"}],"version-history":[{"count":41,"href":"https:\/\/www.fishven.com\/fi\/wp-json\/wp\/v2\/pages\/116\/revisions"}],"predecessor-version":[{"id":903,"href":"https:\/\/www.fishven.com\/fi\/wp-json\/wp\/v2\/pages\/116\/revisions\/903"}],"wp:attachment":[{"href":"https:\/\/www.fishven.com\/fi\/wp-json\/wp\/v2\/media?parent=116"}],"curies":[{"name":"wp","href":"https:\/\/api.w.org\/{rel}","templated":true}]}}