{"id":273,"date":"2022-11-03T10:47:17","date_gmt":"2022-11-03T10:47:17","guid":{"rendered":"https:\/\/demo.fishven.com\/?page_id=273"},"modified":"2024-01-11T11:08:14","modified_gmt":"2024-01-11T11:08:14","slug":"painatus","status":"publish","type":"page","link":"https:\/\/www.fishven.com\/fi\/painatus\/","title":{"rendered":"J\u00e4lki"},"content":{"rendered":"<section class=\"u-align-center u-clearfix u-image u-shading u-section-2\" src=\"\" id=\"sec-56a9\" data-image-width=\"18\" data-image-height=\"12\" style=\"background-image: linear-gradient(0deg, rgba(0, 0, 0, 0.15), rgba(0, 0, 0, 0.15)), url(&quot;https:\/\/www.fishven.com\/wp-content\/uploads\/2022\/11\/pexels-photo-247487.jpg&quot;);\">\n      <div class=\"u-clearfix u-sheet u-sheet-1\"><\/div>\n    <\/section>\n    <section class=\"u-align-center u-clearfix u-image u-image-tiles u-section-3\" id=\"sec-1558\" data-image-width=\"1024\" data-image-height=\"576\" style=\"background-image: url(&quot;https:\/\/www.fishven.com\/wp-content\/uploads\/2022\/11\/backgroundfishvensmall.png&quot;);\">\n      <div class=\"u-clearfix u-sheet u-sheet-1\">\n        <h1 class=\"u-align-left u-text u-text-1\">J\u00e4lki<\/h1>\n        <p class=\"u-align-left u-text u-text-2\">\n          <span style=\"font-weight: 700; font-size: 1.125rem;\">Yhteysosoite <\/span>\n          <br>\n          <br>Nobozo Lab GmbH<br>G\u00f6nhardweg 32 <br>5034 Suhr <br>Sveitsi <br>\n          <br>S\u00e4hk\u00f6posti: <br>contact@nobozolab.com <br>\n          <br>\n          <br>\n          <br>\n          <span style=\"font-weight: 700;\">Valtuutettu(t) edustaja(t) <\/span>\n          <br>Tohtori Mario Baumgartner, toimitusjohtaja <br>\n          <br>\n          <br>\n          <span style=\"font-weight: 700;\">Kaupparekisterimerkint\u00e4 <\/span>\n          <br>Rekister\u00f6ity yrityksen nimi: <br>Nobozo Lab <br>\n          <br>Yrityksen numero (UID): <br>UID CHE-462.897.815 <br>\n          <br>ALV-numero <br>UID CHE-462.897.815 VAT <br>\n          <br>\n          <br>\n          <br>\n          <span style=\"font-weight: 700;\">Vastuuvapauslauseke <\/span>\n          <br>Kirjoittaja ei ota mink\u00e4\u00e4nlaista vastuuta tietojen oikeellisuudesta, tarkkuudesta, ajantasaisuudesta, luotettavuudesta ja t\u00e4ydellisyydest\u00e4. <br>N\u00e4in ollen vastuuvelvollisuusvaatimukset, jotka koskevat vahinkoa, joka on aiheutunut annettujen tietojen k\u00e4yt\u00f6st\u00e4, mukaan lukien puutteelliset tai virheelliset tiedot, hyl\u00e4t\u00e4\u00e4n. <br>\n          <br>Kaikki tarjoukset eiv\u00e4t ole sitovia. Tekij\u00e4 pid\u00e4tt\u00e4\u00e4 nimenomaisesti oikeuden muuttaa, t\u00e4ydent\u00e4\u00e4 tai poistaa osia sivuista tai koko tarjousta ilman erillist\u00e4 ilmoitusta tai lopettaa julkaisemisen v\u00e4liaikaisesti tai pysyv\u00e4sti. T\u00e4m\u00e4 ei vaikuta yleisten lakien mukaisiin velvollisuuksiin poistaa tai est\u00e4\u00e4 tietojen k\u00e4ytt\u00f6. T\u00e4lt\u00e4 osin vastuu on kuitenkin mahdollista vasta siit\u00e4 ajankohdasta alkaen, jolloin konkreettinen lain rikkominen tulee tietoon. Jos saamme tiet\u00e4\u00e4 t\u00e4llaisista rikkomuksista, poistamme kyseisen sis\u00e4ll\u00f6n v\u00e4litt\u00f6m\u00e4sti. <br>\n          <br>\n          <br>\n          <br>\n          <span style=\"font-weight: 700;\">Vastuuvapauslauseke linkkej\u00e4 varten <\/span>\n          <br>Tarjouksemme sis\u00e4lt\u00e4\u00e4 linkkej\u00e4 kolmansien osapuolten ulkoisille verkkosivustoille, joiden sis\u00e4lt\u00f6\u00f6n emme voi vaikuttaa. Siksi emme voi ottaa vastuuta n\u00e4ist\u00e4 ulkoisista sis\u00e4ll\u00f6ist\u00e4. Linkitettyjen sivujen sis\u00e4ll\u00f6st\u00e4 on aina vastuussa sivujen tarjoaja tai yll\u00e4pit\u00e4j\u00e4. Linkitetyt sivut tarkistettiin mahdollisten lainrikkomusten varalta linkitt\u00e4mishetkell\u00e4. Laitonta sis\u00e4lt\u00f6\u00e4 ei ollut tunnistettavissa linkitt\u00e4misajankohtana. Linkitettyjen sivujen sis\u00e4ll\u00f6n jatkuva seuranta ei kuitenkaan ole j\u00e4rkev\u00e4\u00e4 ilman konkreettisia viitteit\u00e4 lainrikkomuksesta. Jos saamme tiet\u00e4\u00e4 lain rikkomisesta, poistamme t\u00e4llaiset linkit v\u00e4litt\u00f6m\u00e4sti. <br>\n          <br>\n          <br>\n          <span style=\"font-weight: 700;\">Tekij\u00e4noikeus <\/span>\n          <br>Sivuston yll\u00e4pit\u00e4jien n\u00e4ill\u00e4 sivuilla olevaan sis\u00e4lt\u00f6\u00f6n ja teoksiin sovelletaan Sveitsin tekij\u00e4noikeuslakia. Monistaminen, k\u00e4sittely, jakelu ja kaikenlainen hy\u00f6dynt\u00e4minen tekij\u00e4noikeuden rajojen ulkopuolella edellytt\u00e4\u00e4 asianomaisen tekij\u00e4n kirjallista suostumusta. T\u00e4m\u00e4n sivuston lataaminen ja kopioiminen on sallittua vain yksityiseen, ei-kaupalliseen k\u00e4ytt\u00f6\u00f6n. Silt\u00e4 osin kuin t\u00e4m\u00e4n sivuston sis\u00e4lt\u00f6 ei ole operaattorin luomaa, kolmansien osapuolten tekij\u00e4noikeuksia kunnioitetaan. Erityisesti kolmansien osapuolten sis\u00e4lt\u00f6 on merkitty sellaiseksi. Jos kuitenkin havaitset tekij\u00e4noikeusrikkomuksen, ilmoita siit\u00e4 meille. Jos saamme tietoiseksi loukkauksista, poistamme t\u00e4llaisen sis\u00e4ll\u00f6n v\u00e4litt\u00f6m\u00e4sti. <br>\n          <br>\n        <\/p>\n        <div class=\"u-align-left u-clearfix u-custom-html u-custom-html-1\">\n          <p>K\u00e4yt\u00e4mme FlatIcons-kuvakkeita seuraavista l\u00e4hteist\u00e4:&nbsp;<br>\n            <br><i>Luonnon monimuotoisuutta edist\u00e4v\u00e4 kest\u00e4v\u00e4 kalastuksenhoito<\/i>\n            <br> Kansikuva - <a href=\"https:\/\/www.pexels.com\/photo\/rocky-mountains-behind-lake-and-trees-5832871\/\" title=\"Kalliovuoret\">Kalliovuoret<\/a> lil artsy <br> End-to-End-seuranta - \"Angler apps as a source of recreational fisheries data: opportunities, challenges and proposed standards\" (\"Kalastajan sovellukset virkistyskalastustietojen l\u00e4hteen\u00e4: mahdollisuudet, haasteet ja ehdotetut standardit\") (<a href=\"https:\/\/doi.org\/10.1111\/faf.12189\"> DOI<\/a>)<br>\n            <br><i>Fishven-lava<\/i>\n            <br> Kansikuva - <a href=\"https:\/\/pixabay.com\/photos\/river-fishing-mountains-fisherman-5900547\/\" title=\"joki-kalastus-vuoristo-kalastaja\">Jokikalastus vuoret kalastaja<\/a> Sonyuser <br> Lue lis\u00e4\u00e4 - <a href=\"https:\/\/www.pexels.com\/photo\/snow-covered-mountain-1428277\/\" title=\"lumipeitteinen vuori\">Lumen peitt\u00e4m\u00e4 vuori<\/a> eberhard grossgasteiger <br> Fishven-toiminnot - <a href=\"https:\/\/pixabay.com\/photos\/pond-fishing-cherry-blossoms-water-4109750\/\" title=\"lampi-kalastus-kirsikkakukat-vesi\">Lampi kalastus kirsikankukkia vesi<\/a> jonka yamabon <br>\n            <br><i>Digitaalinen saalistilastosovellus<\/i>\n            <br> Kansikuva - <a href=\"https:\/\/pixabay.com\/photos\/sea-fishing-tranquil-calm-ocean-2565573\/\" title=\"Rauhallinen kalastus\">Rauhallinen kalastus<\/a> jplenio <br>\n            <br><i>Fish Watch -sovellus<\/i>\n            <br> Kansikuva - <a href=\"https:\/\/www.pexels.com\/photo\/man-fishing-848737\/\" title=\"mieskalastus\">Mies kalastaa<\/a> Darcy Lawrey <br>\n            <br><i>Hallintaty\u00f6kalu<\/i>\n            <br> Kansikuva - <a href=\"https:\/\/pixabay.com\/photos\/fishing-boat-fishing-rod-fishing-5541327\/\" title=\"Onkivapa\">Onkivapa<\/a> K_Malik <br>\n            <br><i>Tietoa meist\u00e4<\/i>\n            <br> Kansikuva - <a href=\"https:\/\/pixabay.com\/\" title=\"Onkivapa\">Mets\u00e4 sumussa<\/a>\n            <br>\n            <br><i>J\u00e4lki<\/i>\n            <br> Kansikuva - <a href=\"https:\/\/www.pexels.com\/photo\/umbrella-against-sky-247487\/\" title=\"sateenvarjo-taivasta vasten\">Umbreall taivasta vasten<\/a> Pixabay <br>\n            <br>\n          <\/p>\n        <\/div>\n        <div class=\"u-align-left u-clearfix u-custom-html u-custom-html-2\">\n          <p>K\u00e4yt\u00e4mme FlatIcons-kuvakkeita seuraavista l\u00e4hteist\u00e4:&nbsp;<br>\n            <a href=\"https:\/\/www.flaticon.com\/free-icons\/database\" title=\"tietokannan kuvakkeet\">Bartama Graphicin luomat tietokantakuvakkeet - Flaticon<\/a>\n            <br>\n            <a href=\"https:\/\/www.flaticon.com\/free-icons\/smartphone\" title=\"\u00e4lypuhelimen kuvakkeet\">\u00c4lypuhelimen kuvakkeet luonut Freepik - Flaticon<\/a>\n            <br>\n            <a href=\"https:\/\/www.flaticon.com\/free-icons\/top\" title=\"ylin kuvakkeet\">Top kuvakkeet luonut Yogi Aprelliyanto - Flaticon<\/a>\n            <br>\n            <a href=\"https:\/\/www.flaticon.com\/free-icons\/gauge\" title=\"mittarin kuvakkeet\">Mittarin kuvakkeet luonut Atif Arshad - Flaticon<\/a>\n            <br>\n            <a href=\"https:\/\/www.flaticon.com\/free-icons\/under-water\" title=\"veden alla kuvakkeet\">Vedenalaiset kuvakkeet luonut Freepik - Flaticon<\/a>\n            <br>\n            <a href=\"https:\/\/www.flaticon.com\/free-icons\/files-and-folders\" title=\"tiedostojen ja kansioiden kuvakkeet\">Tiedostot ja kansiot kuvakkeet luonut Made by Made Premium - Flaticon<\/a>\n            <br>\n            <a href=\"https:\/\/www.flaticon.com\/free-icons\/bar-chart\" title=\"pylv\u00e4sdiagrammin kuvakkeet\">Pylv\u00e4sdiagrammi kuvakkeet luonut Freepik - Flaticon<\/a>\n            <br>\n            <a href=\"https:\/\/www.flaticon.com\/free-icons\/fish\" title=\"kala kuvakkeet\">Kala kuvakkeet luonut Those Icons - Flaticon<\/a>\n            <br>\n            <a href=\"https:\/\/www.flaticon.com\/free-icons\/arrows\" title=\"nuolet kuvakkeet\">Nuolet kuvakkeet luonut th studio - Flaticon<\/a>\n            <br>\n            <a href=\"https:\/\/www.flaticon.com\/free-icons\/risk\" title=\"riskikuvakkeet\">Riskikuvakkeet luonut juicy_fish - Flaticon<\/a>\n          <\/p>\n        <\/div>\n      <\/div>\n    <\/section>","protected":false},"excerpt":{"rendered":"<p>J\u00e4lki Yhteysosoite Nobozo Lab GmbHG\u00f6nhardweg 32 5034 Suhr Sveitsi E-Mail: Mario Baumgartner, toimitusjohtaja Kaupparekisterimerkint\u00e4 Rekister\u00f6ity toiminimi: Nobozo Lab Yritysnumero (UID): Nobozo Lab: UID CHE-462.897.815 ALV-numero UID CHE-462.897.815 ALV Vastuuvapauslauseke Kirjoittaja ei ota vastuuta annettujen tietojen oikeellisuudesta, tarkkuudesta, ajantasaisuudesta, luotettavuudesta ja t\u00e4ydellisyydest\u00e4. Tekij\u00e4\u00e4n kohdistuvat korvausvaatimukset aineellisista tai ... <a href=\"https:\/\/www.fishven.com\/fi\/painatus\/\" class=\"more-link\">Jatka lukemista<span class=\"screen-reader-text\"> \"J\u00e4lki\"<\/span><\/a><\/p>","protected":false},"author":1,"featured_media":0,"parent":0,"menu_order":0,"comment_status":"closed","ping_status":"closed","template":"","meta":{"footnotes":""},"class_list":["post-273","page","type-page","status-publish","hentry"],"_links":{"self":[{"href":"https:\/\/www.fishven.com\/fi\/wp-json\/wp\/v2\/pages\/273","targetHints":{"allow":["GET"]}}],"collection":[{"href":"https:\/\/www.fishven.com\/fi\/wp-json\/wp\/v2\/pages"}],"about":[{"href":"https:\/\/www.fishven.com\/fi\/wp-json\/wp\/v2\/types\/page"}],"author":[{"embeddable":true,"href":"https:\/\/www.fishven.com\/fi\/wp-json\/wp\/v2\/users\/1"}],"replies":[{"embeddable":true,"href":"https:\/\/www.fishven.com\/fi\/wp-json\/wp\/v2\/comments?post=273"}],"version-history":[{"count":12,"href":"https:\/\/www.fishven.com\/fi\/wp-json\/wp\/v2\/pages\/273\/revisions"}],"predecessor-version":[{"id":885,"href":"https:\/\/www.fishven.com\/fi\/wp-json\/wp\/v2\/pages\/273\/revisions\/885"}],"wp:attachment":[{"href":"https:\/\/www.fishven.com\/fi\/wp-json\/wp\/v2\/media?parent=273"}],"curies":[{"name":"wp","href":"https:\/\/api.w.org\/{rel}","templated":true}]}}