{"id":91,"date":"2022-11-01T12:48:38","date_gmt":"2022-11-01T12:48:38","guid":{"rendered":"https:\/\/demo.fishven.com\/about-fishven\/"},"modified":"2024-09-12T10:59:27","modified_gmt":"2024-09-12T10:59:27","slug":"kestaevae-kalastuksenhoito","status":"publish","type":"page","link":"https:\/\/www.fishven.com\/fi\/","title":{"rendered":"Nykyaikainen kalastuksenhoito"},"content":{"rendered":"<section class=\"u-clearfix u-image u-section-2\" id=\"carousel_6731\" data-image-width=\"2520\" data-image-height=\"1418\" style=\"background-image: url(&quot;https:\/\/www.fishven.com\/wp-content\/uploads\/2022\/11\/pexels-photo-5832871.jpeg&quot;);\">\n      <div class=\"u-clearfix u-sheet u-sheet-1\">\n        <h2 class=\"u-custom-font u-font-playfair-display u-text u-text-body-alt-color u-text-1\">Luonnon monimuotoisuutta edist\u00e4v\u00e4 kest\u00e4v\u00e4 kalastuksenhoito<\/h2>\n      <\/div>\n    <\/section>\n    <section class=\"u-align-center u-clearfix u-container-align-center u-image u-image-tiles u-section-3\" id=\"sec-4890\" data-image-width=\"1024\" data-image-height=\"576\" style=\"background-image: url(&quot;https:\/\/www.fishven.com\/wp-content\/uploads\/2022\/11\/backgroundfishvensmall.png&quot;);\">\n      <div class=\"u-clearfix u-sheet u-sheet-1\">\n        <h1 class=\"u-align-left u-font-abril-fatface u-text u-text-grey-75 u-text-1\" data-animation-name=\"customAnimationIn\" data-animation-duration=\"2750\" data-animation-delay=\"0\" data-animation-out=\"0\"> Fishven on kest\u00e4v\u00e4n kalastuksenhoidon ekosysteemi, jossa yhdistyv\u00e4t hallituksen vastuu, tiede ja yksil\u00f6n nautinto.<\/h1>\n        <p class=\"u-align-left u-text u-text-palette-1-dark-2 u-text-2\" data-animation-name=\"customAnimationIn\" data-animation-duration=\"5000\" data-animation-out=\"0\" data-animation-delay=\"1250\"> 01100010 01101001 01101111 01100100&nbsp;<\/p>\n        <img decoding=\"async\" class=\"u-image u-image-contain u-image-default u-preserve-proportions u-image-1\" src=\"https:\/\/www.fishven.com\/wp-content\/uploads\/2022\/11\/Logo_Fishven_blue_website.png\" alt=\"\" data-image-width=\"3234\" data-image-height=\"1566\" data-animation-name=\"customAnimationIn\" data-animation-duration=\"3250\" data-animation-delay=\"250\" data-animation-direction=\"\" data-animation-out=\"0\">\n        <p class=\"u-align-left u-text u-text-palette-1-dark-2 u-text-3\" data-animation-name=\"customAnimationIn\" data-animation-duration=\"5000\" data-animation-out=\"0\" data-animation-delay=\"1750\">&nbsp;01101001 01110110 01100101 01110010&nbsp;<\/p>\n        <p class=\"u-align-left u-text u-text-palette-1-dark-2 u-text-4\" data-animation-name=\"customAnimationIn\" data-animation-duration=\"5500\" data-animation-out=\"0\" data-animation-delay=\"2000\">01110011 01101001 01110100 01111001<\/p>\n      <\/div>\n    <\/section>\n    <section class=\"u-align-center u-clearfix u-container-align-center u-image u-image-tiles u-section-4\" id=\"carousel_35b5\" data-image-width=\"1024\" data-image-height=\"576\" style=\"background-image: url(&quot;https:\/\/www.fishven.com\/wp-content\/uploads\/2022\/11\/backgroundfishvensmall.png&quot;);\">\n      <div class=\"u-clearfix u-sheet u-sheet-1\">\n        <div class=\"u-border-1 u-border-grey-dark-1 u-expanded-width-xs u-line u-line-horizontal u-line-1\" data-animation-name=\"customAnimationIn\" data-animation-duration=\"2250\" data-animation-out=\"0\"><\/div>\n        <h1 class=\"u-align-right u-text u-text-default-sm u-text-default-xs u-text-grey-75 u-text-1\" data-animation-name=\"customAnimationIn\" data-animation-duration=\"2250\" data-animation-out=\"0\"> Aktiivinen tilanteenhallinta&nbsp;<\/h1>\n        <img decoding=\"async\" class=\"u-align-left u-expanded-width-sm u-expanded-width-xs u-image u-image-contain u-image-default u-preserve-proportions u-image-1\" src=\"https:\/\/www.fishven.com\/wp-content\/uploads\/2022\/11\/planet-and-data-points-FIN.png\" alt=\"\" data-image-width=\"1600\" data-image-height=\"1200\" data-animation-name=\"customAnimationIn\" data-animation-duration=\"2250\" data-animation-out=\"0\">\n        <h2 class=\"u-align-right u-text u-text-default-xs u-text-grey-75 u-text-2\" data-animation-name=\"customAnimationIn\" data-animation-duration=\"3000\" data-animation-delay=\"250\" data-animation-out=\"0\"> ... kalojen ja sis\u00e4vesien hoitoa ja kunnossapitoa varten integroimalla seuraavat toimet&nbsp;<br>eri tietol\u00e4hteist\u00e4\n        <\/h2><span class=\"u-file-icon u-icon u-text-palette-1-base u-icon-1\" data-animation-name=\"customAnimationIn\" data-animation-duration=\"1250\" data-animation-delay=\"250\"><img decoding=\"async\" src=\"tiedot:image\/png;base64,iVBORw0KGgoAAAANSUhEUgAAAIAAAACACAYAAADDPmHLAAAAAXNSR0IArs4c6QAADsJJREFUeF7tnQtwXFUZx\/\/f3aRpk5JSHiNVxqpVqgIikO4NkEIfSTYt6KADDIL1NYwMziiD7d4tBWSl0mY3Bcaig4AzyqsyraJgH3u3QKsNkN2GN4O2DpY6KqhQaGm3TZO9n3M22ZCm+7p39969e3vuTGZnsud7nO\/89txz7znnOwQPXgtW9zUPHaTTCDSTYMwE0QwGjidCM4DjwCOfyHyKax+AD0DDn8zYR8D7YH6Doexg8I66Sbxz0w9axfeeuqjWa9PZ83KTkj7UxgrmAeQH80wQptlSL8ZbINoBcJIMPG34JvbGg2cdsMWWQ0prDoDLw69N2Nt0oI0MzIOCuWDMAlDvULzGmxkEYTszPw2iLVMONPWuC59xuEq+WDJbMwAsiPS1phUsIqYrAZxgqbb2C+1h4kd9Bh7aFGrts99c+RZcDcDCVc9MN4z6Rcy8CITTyq+ugxoYO4noIUUZfGjjkgt2O2jZlClXAtARSbQQYRkBlwJwpY8moswM\/IEZKzaH1H4Tco4UdVVwA9HEbBBuAiPgSO2dNkLQwbhd19RtTpvOZ88VAHRFkvOZ+FYAs90SGJv92EZMP46F\/E\/ZbKeo+qoCsCDSdyordBczLivqqQcLEOG3ZPANm0Kt\/6xW9aoCwJzwlrqGSU3XQ+EwGJOrVXlX2CXsh0HhgYMHfro1PHfIaZ8cB6Cru6+NFboHwBlOV9bl9l4jg6+LLW3tddJPxwC4fO1a397dn1hOzEs9MLK3q42YibqnTH\/zlnVXXJG2y8hYvY4AIO71hkK\/AaPNiUrVvA1Cr2Lw15wYG9gOQFe0byGDHgRwYs03jLMVeJfA34hprRvtNGsfAMwUWJVcCYYmu3zLTcggRPUl\/htBxJa1FBC0BYDMhM2k1ANELN7by6vMCDDTo1MONn7TjommigMwJ7xlckNj02MAd5RZbyl+RARo80DqwFe3hufu\" alt=\"\"><\/span>\n        <p class=\"u-align-right u-text u-text-default-xs u-text-3\" data-animation-name=\"customAnimationIn\" data-animation-duration=\"1250\" data-animation-delay=\"250\"> &nbsp;<span style=\"font-weight: 700;\"> Aktiivinen tilanteenhallinta<\/span> tarkoittaa erilaisten tietojen k\u00e4ytt\u00e4mist\u00e4 analysoimiseksi, arvioimiseksi ja tarvittaessa my\u00f6s\nja kalatapauksia erilaisten tietojen perusteella ja tarvittaessa ryhty\u00e4 toimenpiteisiin.\ntoimenpiteet. Nykytilanne m\u00e4\u00e4ritell\u00e4\u00e4n indikaattorin avulla ja se on seuraava\nyhteenveto eri n\u00e4k\u00f6kohdista (esim. saaliit, kalakannat, varastointi tai tapahtumat, kuten esim.\ntapahtumat, kuten loukkaantumiset).\n        <\/p>\n      <\/div>\n    <\/section>\n    <section class=\"u-align-center u-clearfix u-container-align-center u-image u-image-tiles u-section-5\" id=\"carousel_b7b2\" data-image-width=\"1024\" data-image-height=\"576\" style=\"background-image: url(&quot;https:\/\/www.fishven.com\/wp-content\/uploads\/2022\/11\/backgroundfishvensmall.png&quot;);\">\n      <div class=\"u-clearfix u-sheet u-sheet-1\">\n        <div class=\"u-border-1 u-border-grey-dark-1 u-line u-line-horizontal u-line-1\" data-animation-name=\"customAnimationIn\" data-animation-duration=\"2250\" data-animation-out=\"0\"><\/div>\n        <h1 class=\"u-align-left u-text u-text-grey-75 u-text-1\" data-animation-name=\"customAnimationIn\" data-animation-duration=\"2250\" data-animation-out=\"0\"> L\u00e4pin\u00e4kyvyyden takaava p\u00e4\u00e4st\u00e4 p\u00e4\u00e4h\u00e4n -seuranta<\/h1>\n        <img decoding=\"async\" class=\"u-align-right u-image u-image-contain u-image-default u-image-1\" src=\"https:\/\/www.fishven.com\/wp-content\/uploads\/2022\/11\/closed-cycle-fishven-FIN.png\" alt=\"\" data-image-width=\"720\" data-image-height=\"550\" data-animation-name=\"customAnimationIn\" data-animation-duration=\"2250\" data-animation-out=\"0\">\n        <h2 class=\"u-align-left u-text u-text-grey-75 u-text-2\" data-animation-name=\"customAnimationIn\" data-animation-duration=\"3000\" data-animation-delay=\"250\" data-animation-out=\"0\"> ... biologista monimuotoisuutta koskevista toimista sek\u00e4 tehokkaista ja vaikuttavista prosesseista.<\/h2>\n        <p class=\"u-align-left u-small-text u-text u-text-grey-40 u-text-variant u-text-3\" data-animation-name=\"customAnimationIn\" data-animation-duration=\"2500\">L\u00e4hde: \"Angler apps as a source of recreational fisheries data: opportunities\",\nchallenges and proposed standards\" (https:\/\/doi.org\/10.1111\/faf.12189)<\/p>\n      <\/div>\n    <\/section>\n    <section class=\"skrollable u-clearfix u-image u-parallax u-section-6\" id=\"sec-468c\" data-image-width=\"1600\" data-image-height=\"1067\" style=\"background-image: url(&quot;https:\/\/www.fishven.com\/wp-content\/uploads\/2022\/11\/pexels-photo-1428277.jpeg&quot;);\">\n      <div class=\"u-clearfix u-sheet u-sheet-1\">\n        <h1 class=\"u-align-left u-text u-text-default u-text-grey-10 u-text-1\">Ratkaisu nykyaikaiseen kalastuksenhoitoon<\/h1>\n        <p class=\"u-align-left u-text u-text-white u-text-2\"> Fishven Platform yhdist\u00e4\u00e4 aiemmin heterogeeniset tiedot keskustietokantaan. Se tarjoaa nykyaikaisia tietojen sy\u00f6tt\u00f6sovelluksia eri k\u00e4ytt\u00e4j\u00e4ryhmille.<\/p>\n        <div class=\"u-clearfix u-expanded-width u-layout-wrap u-layout-wrap-1\">\n          <div class=\"u-layout\">\n            <div class=\"u-layout-row\">\n              <div class=\"u-container-style u-layout-cell u-opacity u-opacity-80 u-size-40 u-white u-layout-cell-1\">\n                <div class=\"u-container-layout u-container-layout-1\">\n                  <img decoding=\"async\" class=\"u-image u-image-contain u-image-default u-preserve-proportions u-image-1\" src=\"https:\/\/www.fishven.com\/wp-content\/uploads\/2022\/11\/platform-overview-fishven-flat-iconsv3-FI.png\" alt=\"\" data-image-width=\"1080\" data-image-height=\"1200\">\n                <\/div>\n              <\/div>\n              <div class=\"u-container-style u-layout-cell u-opacity u-opacity-90 u-size-20 u-white u-layout-cell-2\">\n                <div class=\"u-container-layout u-valign-top u-container-layout-2\">\n                  <p class=\"u-large-text u-text u-text-default u-text-grey-75 u-text-variant u-text-3\">\n                    <span style=\"font-weight: 700;\"><\/span> Lukuisat <span style=\"font-weight: 700;\">Palvelut <\/span>(toiminnot ja sovellukset) ovat k\u00e4ytett\u00e4viss\u00e4 p\u00e4ivitt\u00e4isiin kalastuksenhoitoteht\u00e4viin.<br>\n                    <br>\n                    <br> The&nbsp;<span style=\"font-weight: 700;\">Analyysi <\/span>ja <span style=\"font-weight: 700;\">Ty\u00f6nkulku <\/span>Hallinta tarjoaa tehokkaita prosesseja ja arviointeja yksitt\u00e4isille teht\u00e4v\u00e4alueille, esimerkiksi saalistilastot tai vahinkotapahtumat.<br>\n                    <br>\n                    <br> The <span style=\"font-weight: 700;\">Tietovaranto <\/span>integroi ja yhdist\u00e4\u00e4 eri tietoja ja l\u00e4hteit\u00e4 yhten\u00e4iseksi perustaksi.<br>\n                    <br>\n                    <br> Erilaisten <span style=\"font-weight: 700;\">Tietol\u00e4hteet&nbsp;<\/span>tasotiedostoista ja ulkoisista tietokannoista (esim. csv, Access) tai Fishvenin tarjoamista sovelluksista (esim. saalistilastosovellus).<br>\n                  <\/p>\n                <\/div>\n              <\/div>\n            <\/div>\n          <\/div>\n        <\/div>\n      <\/div>\n    <\/section>\n    <section class=\"u-clearfix u-image u-section-7\" id=\"carousel_a3d7\" data-image-width=\"1024\" data-image-height=\"576\" style=\"background-image: url(&quot;https:\/\/www.fishven.com\/wp-content\/uploads\/2022\/11\/backgroundfishvensmall.png&quot;);\">\n      <div class=\"u-clearfix u-sheet u-sheet-1\">\n        <h2 class=\"u-align-left u-text u-text-grey-75 u-text-1\">Lis\u00e4tietoja<\/h2>\n        <div class=\"u-list u-list-1\">\n          <div class=\"u-repeater u-repeater-1\">\n            <div class=\"u-align-left u-container-align-left u-container-style u-hover-feature u-list-item u-repeater-item u-shape-rectangle u-border-black u-border-1 u-list-item-1\" data-href=\"https:\/\/www.fishven.com\/fishven-plattform\/\" title=\"Fishven-lava\">\n              <div class=\"u-container-layout u-similar-container u-valign-middle u-container-layout-1\">\n                <h4 class=\"u-align-center u-text u-text-grey-75 u-text-2\">Fishven-lava<\/h4>\n              <\/div>\n            <\/div>\n            <div class=\"u-align-left u-container-align-left u-container-style u-hover-feature u-list-item u-repeater-item u-shape-rectangle u-border-black u-border-1 u-list-item-2\" data-href=\"https:\/\/www.fishven.com\/digitale-fangstatistik-app\/\" title=\"Digitaalinen saalistilastosovellus\">\n              <div class=\"u-container-layout u-similar-container u-valign-middle u-container-layout-2\">\n                <h4 class=\"u-align-center u-text u-text-grey-75 u-text-3\">Saalis tilastosovellus<\/h4>\n              <\/div>\n            <\/div>\n            <div class=\"u-align-left u-container-align-left u-container-style u-hover-feature u-list-item u-repeater-item u-shape-rectangle u-border-black u-border-1 u-list-item-3\" data-href=\"https:\/\/www.fishven.com\/fischaufsicht-app\/\" title=\"Fish Watch -sovellus\">\n              <div class=\"u-container-layout u-similar-container u-valign-middle u-container-layout-3\">\n                <h4 class=\"u-align-center u-text u-text-grey-75 u-text-4\">Fish Watch -sovellus<\/h4>\n              <\/div>\n            <\/div>\n            <div class=\"u-align-left u-container-align-left u-container-style u-hover-feature u-list-item u-repeater-item u-shape-rectangle u-border-black u-border-1 u-list-item-4\" data-href=\"https:\/\/www.fishven.com\/administrations-tool\/\">\n              <div class=\"u-container-layout u-similar-container u-valign-middle u-container-layout-4\">\n                <h4 class=\"u-align-center u-text u-text-grey-75 u-text-5\">Hallintaty\u00f6kalu<\/h4>\n              <\/div>\n            <\/div>\n          <\/div>\n        <\/div>\n      <\/div>\n      \n      \n      \n      \n    <\/section>","protected":false},"excerpt":{"rendered":"<p>Luonnon monimuotoisuutta edist\u00e4v\u00e4 kest\u00e4v\u00e4 kalatalouden hoito Fishven on kest\u00e4v\u00e4n kalatalouden hoidon ekosysteemi, jossa yhdistyv\u00e4t valtion vastuu, tiede ja yksil\u00f6n nautinto 01100010 01101001 01101111 01100100 01101001 01110110 01100101 01110010 01110011 01101001 01110100 01111001 Aktiivinen paikanhallinta ... kalojen ja sis\u00e4vesien suojeluun ja hoitoon eri tietol\u00e4hteiden yhdist\u00e4misen avulla Aktiivinen paikanhallinta tarkoittaa erilaisten tietojen k\u00e4ytt\u00f6\u00e4 ... <a href=\"https:\/\/www.fishven.com\/fi\/\" class=\"more-link\">Jatka lukemista<span class=\"screen-reader-text\"> \"Nykyaikainen kalastuksenhoito\"<\/span><\/a><\/p>","protected":false},"author":1,"featured_media":0,"parent":0,"menu_order":2,"comment_status":"closed","ping_status":"closed","template":"","meta":{"footnotes":""},"class_list":["post-91","page","type-page","status-publish","hentry"],"_links":{"self":[{"href":"https:\/\/www.fishven.com\/fi\/wp-json\/wp\/v2\/pages\/91","targetHints":{"allow":["GET"]}}],"collection":[{"href":"https:\/\/www.fishven.com\/fi\/wp-json\/wp\/v2\/pages"}],"about":[{"href":"https:\/\/www.fishven.com\/fi\/wp-json\/wp\/v2\/types\/page"}],"author":[{"embeddable":true,"href":"https:\/\/www.fishven.com\/fi\/wp-json\/wp\/v2\/users\/1"}],"replies":[{"embeddable":true,"href":"https:\/\/www.fishven.com\/fi\/wp-json\/wp\/v2\/comments?post=91"}],"version-history":[{"count":52,"href":"https:\/\/www.fishven.com\/fi\/wp-json\/wp\/v2\/pages\/91\/revisions"}],"predecessor-version":[{"id":913,"href":"https:\/\/www.fishven.com\/fi\/wp-json\/wp\/v2\/pages\/91\/revisions\/913"}],"wp:attachment":[{"href":"https:\/\/www.fishven.com\/fi\/wp-json\/wp\/v2\/media?parent=91"}],"curies":[{"name":"wp","href":"https:\/\/api.w.org\/{rel}","templated":true}]}}