{"id":273,"date":"2022-11-03T10:47:17","date_gmt":"2022-11-03T10:47:17","guid":{"rendered":"https:\/\/demo.fishven.com\/?page_id=273"},"modified":"2024-01-11T11:08:14","modified_gmt":"2024-01-11T11:08:14","slug":"mentions-legales","status":"publish","type":"page","link":"https:\/\/www.fishven.com\/fr\/mentions-legales\/","title":{"rendered":"Mentions l\u00e9gales"},"content":{"rendered":"<section class=\"u-align-center u-clearfix u-image u-shading u-section-2\" src=\"\" id=\"sec-56a9\" data-image-width=\"18\" data-image-height=\"12\" style=\"background-image: linear-gradient(0deg, rgba(0, 0, 0, 0.15), rgba(0, 0, 0, 0.15)), url(&quot;https:\/\/www.fishven.com\/wp-content\/uploads\/2022\/11\/pexels-photo-247487.jpg&quot;);\">\n      <div class=\"u-clearfix u-sheet u-sheet-1\"><\/div>\n    <\/section>\n    <section class=\"u-align-center u-clearfix u-image u-image-tiles u-section-3\" id=\"sec-1558\" data-image-width=\"1024\" data-image-height=\"576\" style=\"background-image: url(&quot;https:\/\/www.fishven.com\/wp-content\/uploads\/2022\/11\/backgroundfishvensmall.png&quot;);\">\n      <div class=\"u-clearfix u-sheet u-sheet-1\">\n        <h1 class=\"u-align-left u-text u-text-1\">Mentions l\u00e9gales<\/h1>\n        <p class=\"u-align-left u-text u-text-2\">\n          <span style=\"font-weight: 700; font-size: 1.125rem;\">Adresse de contact <\/span>\n          <br>\n          <br>Nobozo Lab GmbH<br>32, chemin de G\u00f6nhard <br>5034 Suhr <br>Suisse <br>\n          <br>Courrier \u00e9lectronique : <br>contact@nobozolab.com <br>\n          <br>\n          <br>\n          <br>\n          <span style=\"font-weight: 700;\">Personne(s) habilit\u00e9e(s) \u00e0 repr\u00e9senter l'association <\/span>\n          <br>Dr. Mario Baumgartner, directeur g\u00e9n\u00e9ral <br>\n          <br>\n          <br>\n          <span style=\"font-weight: 700;\">Inscription au registre du commerce <\/span>\n          <br>Nom de l'entreprise enregistr\u00e9e : <br>Laboratoire Nobozo <br>\n          <br>Num\u00e9ro d'identification de l'entreprise (UID) : <br>UID CHE-462.897.815 <br>\n          <br>Num\u00e9ro de TVA <br>UID CHE-462.897.815 TVA <br>\n          <br>\n          <br>\n          <br>\n          <span style=\"font-weight: 700;\">Clause de non-responsabilit\u00e9 <\/span>\n          <br>L'auteur n'assume aucune responsabilit\u00e9 quant \u00e0 la v\u00e9racit\u00e9, l'exactitude, l'actualit\u00e9, la fiabilit\u00e9 et l'exhaustivit\u00e9 du contenu des informations. <br>L'auteur ne saurait \u00eatre tenu pour responsable des dommages mat\u00e9riels ou immat\u00e9riels qui pourraient \u00eatre caus\u00e9s par l'acc\u00e8s aux informations diffus\u00e9es ou par leur utilisation ou non-utilisation, par le mauvais usage de la connexion ou par des probl\u00e8mes techniques. <br>\n          <br>Toutes les offres sont sans engagement. L'auteur se r\u00e9serve express\u00e9ment le droit de modifier, de compl\u00e9ter ou de supprimer des parties de pages ou l'ensemble de l'offre sans pr\u00e9avis particulier, ou d'en suspendre temporairement ou d\u00e9finitivement la publication. Les obligations de supprimer ou de bloquer l'utilisation d'informations conform\u00e9ment aux lois g\u00e9n\u00e9rales restent inchang\u00e9es. Une responsabilit\u00e9 \u00e0 cet \u00e9gard n'est toutefois possible qu'\u00e0 partir du moment o\u00f9 une violation concr\u00e8te de la loi est connue. D\u00e8s la prise de connaissance d'une telle violation, nous supprimerons imm\u00e9diatement les contenus concern\u00e9s. <br>\n          <br>\n          <br>\n          <br>\n          <span style=\"font-weight: 700;\">Clause de non-responsabilit\u00e9 pour les liens <\/span>\n          <br>Notre offre contient des liens vers des sites web externes de tiers, sur le contenu desquels nous n'avons aucune influence. C'est pourquoi nous ne pouvons pas non plus nous porter garants de ces contenus externes. Le fournisseur ou l'exploitant des pages li\u00e9es est toujours responsable des contenus de ces pages. Les pages li\u00e9es ont \u00e9t\u00e9 contr\u00f4l\u00e9es au moment de la cr\u00e9ation du lien afin de v\u00e9rifier qu'elles ne pr\u00e9sentaient pas d'infraction \u00e0 la loi. Aucun contenu ill\u00e9gal n'a \u00e9t\u00e9 identifi\u00e9 au moment de la cr\u00e9ation du lien. Un contr\u00f4le permanent du contenu des pages li\u00e9es n'est cependant pas exigible sans indices concrets d'une violation de la loi. D\u00e8s que nous aurons connaissance d'une violation de la loi, nous supprimerons imm\u00e9diatement les liens concern\u00e9s. <br>\n          <br>\n          <br>\n          <span style=\"font-weight: 700;\">Droit d'auteur <\/span>\n          <br>Les contenus et les \u0153uvres cr\u00e9\u00e9s par les exploitants de ces pages sont soumis au droit d'auteur suisse. La reproduction, le traitement, la diffusion et toute forme d'exploitation en dehors des limites du droit d'auteur requi\u00e8rent l'accord \u00e9crit de l'auteur ou du cr\u00e9ateur concern\u00e9. Les t\u00e9l\u00e9chargements et les copies de ce site ne sont autoris\u00e9s que pour un usage priv\u00e9 et non commercial. Dans la mesure o\u00f9 les contenus de ce site n'ont pas \u00e9t\u00e9 cr\u00e9\u00e9s par l'exploitant, les droits d'auteur de tiers sont respect\u00e9s. Les contenus de tiers sont notamment identifi\u00e9s comme tels. Si vous deviez n\u00e9anmoins constater une violation des droits d'auteur, nous vous prions de nous en informer. D\u00e8s la prise de connaissance d'une violation de la loi, nous supprimerons imm\u00e9diatement les contenus concern\u00e9s. <br>\n          <br>\n        <\/p>\n        <div class=\"u-align-left u-clearfix u-custom-html u-custom-html-1\">\n          <p>Nous utilisons des FlatIcons provenant des sources suivantes :&nbsp;<br>\n            <br><i>Gestion durable de la p\u00eache pour la biodiversit\u00e9<\/i>\n            <br> Image de couverture - <a href=\"https:\/\/www.pexels.com\/photo\/rocky-mountains-behind-lake-and-trees-5832871\/\" title=\"Montagnes Rocheuses\">Montagnes Rocheuses<\/a> par lil artsy <br> Suivi de bout en bout - \"Angler apps as a source of recreational fisheries data : opportunities, challenges and proposed standards\" (<a href=\"https:\/\/doi.org\/10.1111\/faf.12189\"> DOI<\/a>)<br>\n            <br><i>Plate-forme Fishven<\/i>\n            <br> Image de couverture - <a href=\"https:\/\/pixabay.com\/photos\/river-fishing-mountains-fisherman-5900547\/\" title=\"river-fishing-mountains-fisherman\">River fishing mountains fisherman (P\u00eacheur de rivi\u00e8re)<\/a> par Sonyuser <br> En savoir plus - <a href=\"https:\/\/www.pexels.com\/photo\/snow-covered-mountain-1428277\/\" title=\"snow-covered-mountain\">Montagne recouverte de neige<\/a> by eberhard grossgasteiger <br> Fonctions de Fishven - <a href=\"https:\/\/pixabay.com\/photos\/pond-fishing-cherry-blossoms-water-4109750\/\" title=\"pond-fishing-cherry-blossoms-water\">Pond fishing cherry blossoms water<\/a> par yamabon <br>\n            <br><i>Application num\u00e9rique de statistiques de capture<\/i>\n            <br> Image de couverture - <a href=\"https:\/\/pixabay.com\/photos\/sea-fishing-tranquil-calm-ocean-2565573\/\" title=\"P\u00eache tranquille\">Tranquil Fishing<\/a> Par jplenio <br>\n            <br><i>Application de surveillance des poissons<\/i>\n            <br> Image de couverture - <a href=\"https:\/\/www.pexels.com\/photo\/man-fishing-848737\/\" title=\"man-fishing\">Man fishing<\/a> by Darcy Lawrey <br>\n            <br><i>Outil d'administration<\/i>\n            <br> Image de couverture - <a href=\"https:\/\/pixabay.com\/photos\/fishing-boat-fishing-rod-fishing-5541327\/\" title=\"Canne \u00e0 p\u00eache\">Canne \u00e0 p\u00eache<\/a> Par K_Malik <br>\n            <br><i>\u00c0 propos de nous<\/i>\n            <br> Image de couverture - <a href=\"https:\/\/pixabay.com\/\" title=\"Canne \u00e0 p\u00eache\">For\u00eat dans le brouillard<\/a>\n            <br>\n            <br><i>Mentions l\u00e9gales<\/i>\n            <br> Image de couverture - <a href=\"https:\/\/www.pexels.com\/photo\/umbrella-against-sky-247487\/\" title=\"umbrella-against-sky\">Umbreall against sky<\/a> by Pixabay <br>\n            <br>\n          <\/p>\n        <\/div>\n        <div class=\"u-align-left u-clearfix u-custom-html u-custom-html-2\">\n          <p>Nous utilisons des FlatIcons provenant des sources suivantes :&nbsp;<br>\n            <a href=\"https:\/\/www.flaticon.com\/free-icons\/database\" title=\"ic\u00f4nes de base de donn\u00e9es\">Ic\u00f4nes de base de donn\u00e9es cr\u00e9\u00e9es par Bartama Graphic - Flaticon<\/a>\n            <br>\n            <a href=\"https:\/\/www.flaticon.com\/free-icons\/smartphone\" title=\"ic\u00f4nes pour smartphone\">Ic\u00f4nes de smartphone cr\u00e9\u00e9es par Freepik - Flaticon<\/a>\n            <br>\n            <a href=\"https:\/\/www.flaticon.com\/free-icons\/top\" title=\"top ic\u00f4nes\">Top ic\u00f4nes cr\u00e9\u00e9es par Yogi Aprelliyanto - Flaticon<\/a>\n            <br>\n            <a href=\"https:\/\/www.flaticon.com\/free-icons\/gauge\" title=\"ic\u00f4nes de jauge\">Gauge icons created by Atif Arshad - Flaticon<\/a>\n            <br>\n            <a href=\"https:\/\/www.flaticon.com\/free-icons\/under-water\" title=\"ic\u00f4nes sous l&#039;eau\">Ic\u00f4nes sous l'eau cr\u00e9\u00e9es par Freepik - Flaticon<\/a>\n            <br>\n            <a href=\"https:\/\/www.flaticon.com\/free-icons\/files-and-folders\" title=\"files and folders icons\">Ic\u00f4nes de fichiers et de dossiers cr\u00e9\u00e9es par Made by Made Premium - Flaticon<\/a>\n            <br>\n            <a href=\"https:\/\/www.flaticon.com\/free-icons\/bar-chart\" title=\"ic\u00f4nes de bar chart\">Bar chart icons created by Freepik - Flaticon<\/a>\n            <br>\n            <a href=\"https:\/\/www.flaticon.com\/free-icons\/fish\" title=\"ic\u00f4nes de poissons\">Ic\u00f4nes de poissons cr\u00e9\u00e9es par Those Icons - Flaticon<\/a>\n            <br>\n            <a href=\"https:\/\/www.flaticon.com\/free-icons\/arrows\" title=\"arrows icons\">Ic\u00f4nes Arrows cr\u00e9\u00e9es par th studio - Flaticon<\/a>\n            <br>\n            <a href=\"https:\/\/www.flaticon.com\/free-icons\/risk\" title=\"ic\u00f4nes de risque\">Ic\u00f4nes de risque cr\u00e9\u00e9es par juicy_fish - Flaticon<\/a>\n          <\/p>\n        <\/div>\n      <\/div>\n    <\/section>","protected":false},"excerpt":{"rendered":"<p>Mentions l\u00e9gales Adresse de contact Nobozo Lab GmbHG\u00f6nhardweg 32 5034 Suhr Suisse E-mail : contact@nobozolab.com Personne(s) habilit\u00e9e(s) \u00e0 repr\u00e9senter la soci\u00e9t\u00e9 Dr. Mario Baumgartner, directeur Inscription au registre du commerce Raison sociale inscrite : Nobozo Lab N\u00b0 d'entreprise (IDE) : UID CHE-462.897.815 Num\u00e9ro de TVA UID CHE-462.897.815 TVA Exclusion de responsabilit\u00e9 L'auteur n'assume aucune garantie quant \u00e0 l'exactitude, la pr\u00e9cision, l'actualit\u00e9, la fiabilit\u00e9 et l'exhaustivit\u00e9 du contenu des informations. L'auteur ne saurait \u00eatre tenu pour responsable des dommages mat\u00e9riels ou ... <a href=\"https:\/\/www.fishven.com\/fr\/mentions-legales\/\" class=\"more-link\">Continuer la lecture<span class=\"screen-reader-text\"> \"Mentions l\u00e9gales\"<\/span><\/a><\/p>","protected":false},"author":1,"featured_media":0,"parent":0,"menu_order":0,"comment_status":"closed","ping_status":"closed","template":"","meta":{"footnotes":""},"class_list":["post-273","page","type-page","status-publish","hentry"],"_links":{"self":[{"href":"https:\/\/www.fishven.com\/fr\/wp-json\/wp\/v2\/pages\/273","targetHints":{"allow":["GET"]}}],"collection":[{"href":"https:\/\/www.fishven.com\/fr\/wp-json\/wp\/v2\/pages"}],"about":[{"href":"https:\/\/www.fishven.com\/fr\/wp-json\/wp\/v2\/types\/page"}],"author":[{"embeddable":true,"href":"https:\/\/www.fishven.com\/fr\/wp-json\/wp\/v2\/users\/1"}],"replies":[{"embeddable":true,"href":"https:\/\/www.fishven.com\/fr\/wp-json\/wp\/v2\/comments?post=273"}],"version-history":[{"count":12,"href":"https:\/\/www.fishven.com\/fr\/wp-json\/wp\/v2\/pages\/273\/revisions"}],"predecessor-version":[{"id":885,"href":"https:\/\/www.fishven.com\/fr\/wp-json\/wp\/v2\/pages\/273\/revisions\/885"}],"wp:attachment":[{"href":"https:\/\/www.fishven.com\/fr\/wp-json\/wp\/v2\/media?parent=273"}],"curies":[{"name":"wp","href":"https:\/\/api.w.org\/{rel}","templated":true}]}}