{"id":91,"date":"2022-11-01T12:48:38","date_gmt":"2022-11-01T12:48:38","guid":{"rendered":"https:\/\/demo.fishven.com\/about-fishven\/"},"modified":"2024-09-12T10:59:27","modified_gmt":"2024-09-12T10:59:27","slug":"gestion-durable-de-la-peche","status":"publish","type":"page","link":"https:\/\/www.fishven.com\/fr\/","title":{"rendered":"Gestion moderne de la p\u00eache"},"content":{"rendered":"<section class=\"u-clearfix u-image u-section-2\" id=\"carousel_6731\" data-image-width=\"2520\" data-image-height=\"1418\" style=\"background-image: url(&quot;https:\/\/www.fishven.com\/wp-content\/uploads\/2022\/11\/pexels-photo-5832871.jpeg&quot;);\">\n      <div class=\"u-clearfix u-sheet u-sheet-1\">\n        <h2 class=\"u-custom-font u-font-playfair-display u-text u-text-body-alt-color u-text-1\">Gestion durable de la p\u00eache pour la biodiversit\u00e9<\/h2>\n      <\/div>\n    <\/section>\n    <section class=\"u-align-center u-clearfix u-container-align-center u-image u-image-tiles u-section-3\" id=\"sec-4890\" data-image-width=\"1024\" data-image-height=\"576\" style=\"background-image: url(&quot;https:\/\/www.fishven.com\/wp-content\/uploads\/2022\/11\/backgroundfishvensmall.png&quot;);\">\n      <div class=\"u-clearfix u-sheet u-sheet-1\">\n        <h1 class=\"u-align-left u-font-abril-fatface u-text u-text-grey-75 u-text-1\" data-animation-name=\"customAnimationIn\" data-animation-duration=\"2750\" data-animation-delay=\"0\" data-animation-out=\"0\"> Fishven est l'\u00e9cosyst\u00e8me de gestion durable de la p\u00eache qui allie responsabilit\u00e9 gouvernementale, science et plaisir individuel.<\/h1>\n        <p class=\"u-align-left u-text u-text-palette-1-dark-2 u-text-2\" data-animation-name=\"customAnimationIn\" data-animation-duration=\"5000\" data-animation-out=\"0\" data-animation-delay=\"1250\"> 01100010 01101001 01101111 01100100&nbsp;<\/p>\n        <img decoding=\"async\" class=\"u-image u-image-contain u-image-default u-preserve-proportions u-image-1\" src=\"https:\/\/www.fishven.com\/wp-content\/uploads\/2022\/11\/Logo_Fishven_blue_website.png\" alt=\"\" data-image-width=\"3234\" data-image-height=\"1566\" data-animation-name=\"customAnimationIn\" data-animation-duration=\"3250\" data-animation-delay=\"250\" data-animation-direction=\"\" data-animation-out=\"0\">\n        <p class=\"u-align-left u-text u-text-palette-1-dark-2 u-text-3\" data-animation-name=\"customAnimationIn\" data-animation-duration=\"5000\" data-animation-out=\"0\" data-animation-delay=\"1750\">&nbsp;01101001 01110110 01100101 01110010&nbsp;<\/p>\n        <p class=\"u-align-left u-text u-text-palette-1-dark-2 u-text-4\" data-animation-name=\"customAnimationIn\" data-animation-duration=\"5500\" data-animation-out=\"0\" data-animation-delay=\"2000\">01110011 01101001 01110100 01111001<\/p>\n      <\/div>\n    <\/section>\n    <section class=\"u-align-center u-clearfix u-container-align-center u-image u-image-tiles u-section-4\" id=\"carousel_35b5\" data-image-width=\"1024\" data-image-height=\"576\" style=\"background-image: url(&quot;https:\/\/www.fishven.com\/wp-content\/uploads\/2022\/11\/backgroundfishvensmall.png&quot;);\">\n      <div class=\"u-clearfix u-sheet u-sheet-1\">\n        <div class=\"u-border-1 u-border-grey-dark-1 u-expanded-width-xs u-line u-line-horizontal u-line-1\" data-animation-name=\"customAnimationIn\" data-animation-duration=\"2250\" data-animation-out=\"0\"><\/div>\n        <h1 class=\"u-align-right u-text u-text-default-sm u-text-default-xs u-text-grey-75 u-text-1\" data-animation-name=\"customAnimationIn\" data-animation-duration=\"2250\" data-animation-out=\"0\"> Gestion active de la situation&nbsp;<\/h1>\n        <img decoding=\"async\" class=\"u-align-left u-expanded-width-sm u-expanded-width-xs u-image u-image-contain u-image-default u-preserve-proportions u-image-1\" src=\"https:\/\/www.fishven.com\/wp-content\/uploads\/2022\/11\/planet-and-data-points-FR.png\" alt=\"\" data-image-width=\"1600\" data-image-height=\"1200\" data-animation-name=\"customAnimationIn\" data-animation-duration=\"2250\" data-animation-out=\"0\">\n        <h2 class=\"u-align-right u-text u-text-default-xs u-text-grey-75 u-text-2\" data-animation-name=\"customAnimationIn\" data-animation-duration=\"3000\" data-animation-delay=\"250\" data-animation-out=\"0\"> ... pour l'entretien des poissons et des eaux int\u00e9rieures en int\u00e9grant&nbsp;<br>diff\u00e9rentes sources de donn\u00e9es\n        <\/h2><span class=\"u-file-icon u-icon u-text-palette-1-base u-icon-1\" data-animation-name=\"customAnimationIn\" data-animation-duration=\"1250\" data-animation-delay=\"250\"><img decoding=\"async\" src=\"donn\u00e9es :image\/png ;base64 ,iVBORw0KGgoAAAANSUhEUgAAAIAAAACACAYAAADDPmHLAAAAAXNSR0IArs4c6QAADsJJREFUeF7tnQtwXFUZx\/\/f3aRpk5JSHiNVxqpVqgIikO4NkEIfSTYt6KADDIL1NYwMziiD7d4tBWSl0mY3Bcaig4AzyqsyraJgH3u3QKsNkN2GN4O2DpY6KqhQaGm3TZO9n3M22ZCm+7p39969e3vuTGZnsud7nO\/89txz7znnOwQPXgtW9zUPHaTTCDSTYMwE0QwGjidCM4DjwCOfyHyKax+AD0DDn8zYR8D7YH6Doexg8I66Sbxz0w9axfeeuqjWa9PZ83KTkj7UxgrmAeQH80wQptlSL8ZbINoBcJIMPG34JvbGg2cdsMWWQ0prDoDLw69N2Nt0oI0MzIOCuWDMAlDvULzGmxkEYTszPw2iLVMONPWuC59xuEq+WDJbMwAsiPS1phUsIqYrAZxgqbb2C+1h4kd9Bh7aFGrts99c+RZcDcDCVc9MN4z6Rcy8CITTyq+ugxoYO4noIUUZfGjjkgt2O2jZlClXAtARSbQQYRkBlwJwpY8moswM\/IEZKzaH1H4Tco4UdVVwA9HEbBBuAiPgSO2dNkLQwbhd19RtTpvOZ88VAHRFkvOZ+FYAs90SGJv92EZMP46F\/E\/ZbKeo+qoCsCDSdyordBczLivqqQcLEOG3ZPANm0Kt\/6xW9aoCwJzwlrqGSU3XQ+EwGJOrVXlX2CXsh0HhgYMHfro1PHfIaZ8cB6Cru6+NFboHwBlOV9bl9l4jg6+LLW3tddJPxwC4fO1a397dn1hOzEs9MLK3q42YibqnTH\/zlnVXXJG2y8hYvY4AIO71hkK\/AaPNiUrVvA1Cr2Lw15wYG9gOQFe0byGDHgRwYs03jLMVeJfA34hprRvtNGsfAMwUWJVcCYYmu3zLTcggRPUl\/htBxJa1FBC0BYDMhM2k1ANELN7by6vMCDDTo1MONn7TjommigMwJ7xlckNj02MAd5RZbyl+RARo80DqwFe3hufu\" alt=\"\"><\/span>\n        <p class=\"u-align-right u-text u-text-default-xs u-text-3\" data-animation-name=\"customAnimationIn\" data-animation-duration=\"1250\" data-animation-delay=\"250\"> &nbsp;<span style=\"font-weight: 700;\"> Gestion active de la situation<\/span> signifie \u00e9valuer, sur la base de diff\u00e9rentes donn\u00e9es, la situation actuelle\nd'analyser et d'\u00e9valuer les cours d'eau et les populations de poissons et, le cas \u00e9ch\u00e9ant, de prendre des mesures.\nde prendre des mesures. La situation actuelle est d\u00e9finie par un indicateur et est\nla synth\u00e8se de divers aspects (entre autres les captures, les effectifs, le repeuplement ou les\nincidents tels que les blessures).\n        <\/p>\n      <\/div>\n    <\/section>\n    <section class=\"u-align-center u-clearfix u-container-align-center u-image u-image-tiles u-section-5\" id=\"carousel_b7b2\" data-image-width=\"1024\" data-image-height=\"576\" style=\"background-image: url(&quot;https:\/\/www.fishven.com\/wp-content\/uploads\/2022\/11\/backgroundfishvensmall.png&quot;);\">\n      <div class=\"u-clearfix u-sheet u-sheet-1\">\n        <div class=\"u-border-1 u-border-grey-dark-1 u-line u-line-horizontal u-line-1\" data-animation-name=\"customAnimationIn\" data-animation-duration=\"2250\" data-animation-out=\"0\"><\/div>\n        <h1 class=\"u-align-left u-text u-text-grey-75 u-text-1\" data-animation-name=\"customAnimationIn\" data-animation-duration=\"2250\" data-animation-out=\"0\"> Monitoring de bout en bout pour la transparence<\/h1>\n        <img decoding=\"async\" class=\"u-align-right u-image u-image-contain u-image-default u-image-1\" src=\"https:\/\/www.fishven.com\/wp-content\/uploads\/2022\/11\/closed-cycle-fishven-FR.png\" alt=\"\" data-image-width=\"720\" data-image-height=\"550\" data-animation-name=\"customAnimationIn\" data-animation-duration=\"2250\" data-animation-out=\"0\">\n        <h2 class=\"u-align-left u-text u-text-grey-75 u-text-2\" data-animation-name=\"customAnimationIn\" data-animation-duration=\"3000\" data-animation-delay=\"250\" data-animation-out=\"0\"> ... d'activit\u00e9s dans le domaine de la biodiversit\u00e9 et pour des processus efficaces et efficients<\/h2>\n        <p class=\"u-align-left u-small-text u-text u-text-grey-40 u-text-variant u-text-3\" data-animation-name=\"customAnimationIn\" data-animation-duration=\"2500\">Source : \"Angler apps as a source of recreational fisheries data : opportunities,\nchallenges and proposed standards\" (https:\/\/doi.org\/10.1111\/faf.12189)<\/p>\n      <\/div>\n    <\/section>\n    <section class=\"skrollable u-clearfix u-image u-parallax u-section-6\" id=\"sec-468c\" data-image-width=\"1600\" data-image-height=\"1067\" style=\"background-image: url(&quot;https:\/\/www.fishven.com\/wp-content\/uploads\/2022\/11\/pexels-photo-1428277.jpeg&quot;);\">\n      <div class=\"u-clearfix u-sheet u-sheet-1\">\n        <h1 class=\"u-align-left u-text u-text-default u-text-grey-10 u-text-1\">La solution pour une gestion moderne de la p\u00eache<\/h1>\n        <p class=\"u-align-left u-text u-text-white u-text-2\"> La Fishven Platform consolide des donn\u00e9es jusqu'ici h\u00e9t\u00e9rog\u00e8nes dans une base de donn\u00e9es centrale. Elle offre des applications de saisie modernes pour les diff\u00e9rents groupes d'utilisateurs.<\/p>\n        <div class=\"u-clearfix u-expanded-width u-layout-wrap u-layout-wrap-1\">\n          <div class=\"u-layout\">\n            <div class=\"u-layout-row\">\n              <div class=\"u-container-style u-layout-cell u-opacity u-opacity-80 u-size-40 u-white u-layout-cell-1\">\n                <div class=\"u-container-layout u-container-layout-1\">\n                  <img decoding=\"async\" class=\"u-image u-image-contain u-image-default u-preserve-proportions u-image-1\" src=\"https:\/\/www.fishven.com\/wp-content\/uploads\/2022\/11\/platform-overview-fishven-flat-iconsv3-FR.png\" alt=\"\" data-image-width=\"1080\" data-image-height=\"1200\">\n                <\/div>\n              <\/div>\n              <div class=\"u-container-style u-layout-cell u-opacity u-opacity-90 u-size-20 u-white u-layout-cell-2\">\n                <div class=\"u-container-layout u-valign-top u-container-layout-2\">\n                  <p class=\"u-large-text u-text u-text-default u-text-grey-75 u-text-variant u-text-3\">\n                    <span style=\"font-weight: 700;\"><\/span> Nombreux <span style=\"font-weight: 700;\">Services <\/span>(fonctions et applications) sont disponibles pour les t\u00e2ches quotidiennes de gestion de la p\u00eache.<br>\n                    <br>\n                    <br> Le site&nbsp;<span style=\"font-weight: 700;\">Analyse <\/span>et <span style=\"font-weight: 700;\">Flux de travail <\/span>Management offre des processus et des \u00e9valuations efficaces pour les diff\u00e9rents domaines de t\u00e2ches, par exemple les statistiques de capture ou les incidents de dommages.<br>\n                    <br>\n                    <br> Le site <span style=\"font-weight: 700;\">Pool de donn\u00e9es <\/span>int\u00e8gre et relie diff\u00e9rentes donn\u00e9es et sources en une base homog\u00e8ne.<br>\n                    <br>\n                    <br> Int\u00e9gration de diff\u00e9rents <span style=\"font-weight: 700;\">Sources de donn\u00e9es&nbsp;<\/span>de fichiers plats et de bases de donn\u00e9es externes (entre autres csv, Access) ou d'applications mises \u00e0 disposition par Fishven (p. ex. app de statistiques de p\u00eache)<br>\n                  <\/p>\n                <\/div>\n              <\/div>\n            <\/div>\n          <\/div>\n        <\/div>\n      <\/div>\n    <\/section>\n    <section class=\"u-clearfix u-image u-section-7\" id=\"carousel_a3d7\" data-image-width=\"1024\" data-image-height=\"576\" style=\"background-image: url(&quot;https:\/\/www.fishven.com\/wp-content\/uploads\/2022\/11\/backgroundfishvensmall.png&quot;);\">\n      <div class=\"u-clearfix u-sheet u-sheet-1\">\n        <h2 class=\"u-align-left u-text u-text-grey-75 u-text-1\">En savoir plus sur<\/h2>\n        <div class=\"u-list u-list-1\">\n          <div class=\"u-repeater u-repeater-1\">\n            <div class=\"u-align-left u-container-align-left u-container-style u-hover-feature u-list-item u-repeater-item u-shape-rectangle u-border-black u-border-1 u-list-item-1\" data-href=\"https:\/\/www.fishven.com\/fishven-plattform\/\" title=\"Plate-forme Fishven\">\n              <div class=\"u-container-layout u-similar-container u-valign-middle u-container-layout-1\">\n                <h4 class=\"u-align-center u-text u-text-grey-75 u-text-2\">Plate-forme Fishven<\/h4>\n              <\/div>\n            <\/div>\n            <div class=\"u-align-left u-container-align-left u-container-style u-hover-feature u-list-item u-repeater-item u-shape-rectangle u-border-black u-border-1 u-list-item-2\" data-href=\"https:\/\/www.fishven.com\/digitale-fangstatistik-app\/\" title=\"Application num\u00e9rique de statistiques de capture\">\n              <div class=\"u-container-layout u-similar-container u-valign-middle u-container-layout-2\">\n                <h4 class=\"u-align-center u-text u-text-grey-75 u-text-3\">Application de statistiques de capture<\/h4>\n              <\/div>\n            <\/div>\n            <div class=\"u-align-left u-container-align-left u-container-style u-hover-feature u-list-item u-repeater-item u-shape-rectangle u-border-black u-border-1 u-list-item-3\" data-href=\"https:\/\/www.fishven.com\/fischaufsicht-app\/\" title=\"Application de surveillance des poissons\">\n              <div class=\"u-container-layout u-similar-container u-valign-middle u-container-layout-3\">\n                <h4 class=\"u-align-center u-text u-text-grey-75 u-text-4\">Application de surveillance des poissons<\/h4>\n              <\/div>\n            <\/div>\n            <div class=\"u-align-left u-container-align-left u-container-style u-hover-feature u-list-item u-repeater-item u-shape-rectangle u-border-black u-border-1 u-list-item-4\" data-href=\"https:\/\/www.fishven.com\/administrations-tool\/\">\n              <div class=\"u-container-layout u-similar-container u-valign-middle u-container-layout-4\">\n                <h4 class=\"u-align-center u-text u-text-grey-75 u-text-5\">Outil d'administration<\/h4>\n              <\/div>\n            <\/div>\n          <\/div>\n        <\/div>\n      <\/div>\n      \n      \n      \n      \n    <\/section>","protected":false},"excerpt":{"rendered":"<p>Gestion durable de la p\u00eache pour la biodiversit\u00e9 Fishven est l'\u00e9cosyst\u00e8me de la gestion durable de la p\u00eache qui allie responsabilit\u00e9 gouvernementale, science et plaisir individuel 01100010 01101001 01101111 01100100 01101001 01110110 01100101 01110010 01110011 01101001 01110100 01111001 Gestion active de la situation ... pour la gestion &amp; l'entretien des poissons et des eaux int\u00e9rieures par l'int\u00e9gration de diff\u00e9rentes sources de donn\u00e9es La gestion active de la situation signifie, sur la base de diff\u00e9rentes ... <a href=\"https:\/\/www.fishven.com\/fr\/\" class=\"more-link\">Continuer la lecture<span class=\"screen-reader-text\"> \"Gestion moderne de la p\u00eache\"<\/span><\/a><\/p>","protected":false},"author":1,"featured_media":0,"parent":0,"menu_order":2,"comment_status":"closed","ping_status":"closed","template":"","meta":{"footnotes":""},"class_list":["post-91","page","type-page","status-publish","hentry"],"_links":{"self":[{"href":"https:\/\/www.fishven.com\/fr\/wp-json\/wp\/v2\/pages\/91","targetHints":{"allow":["GET"]}}],"collection":[{"href":"https:\/\/www.fishven.com\/fr\/wp-json\/wp\/v2\/pages"}],"about":[{"href":"https:\/\/www.fishven.com\/fr\/wp-json\/wp\/v2\/types\/page"}],"author":[{"embeddable":true,"href":"https:\/\/www.fishven.com\/fr\/wp-json\/wp\/v2\/users\/1"}],"replies":[{"embeddable":true,"href":"https:\/\/www.fishven.com\/fr\/wp-json\/wp\/v2\/comments?post=91"}],"version-history":[{"count":52,"href":"https:\/\/www.fishven.com\/fr\/wp-json\/wp\/v2\/pages\/91\/revisions"}],"predecessor-version":[{"id":913,"href":"https:\/\/www.fishven.com\/fr\/wp-json\/wp\/v2\/pages\/91\/revisions\/913"}],"wp:attachment":[{"href":"https:\/\/www.fishven.com\/fr\/wp-json\/wp\/v2\/media?parent=91"}],"curies":[{"name":"wp","href":"https:\/\/api.w.org\/{rel}","templated":true}]}}