{"id":956,"date":"2025-05-22T21:30:16","date_gmt":"2025-05-22T20:30:16","guid":{"rendered":"https:\/\/www.fishven.com\/?page_id=956"},"modified":"2025-11-12T18:26:14","modified_gmt":"2025-11-12T17:26:14","slug":"assistance-vbg","status":"publish","type":"page","link":"https:\/\/www.fishven.com\/fr\/assistance-vbg\/","title":{"rendered":"Assistance Vbg"},"content":{"rendered":"\n    \n    <section class=\"u-clearfix u-section-2\" id=\"sec-f885\">\n      <div class=\"u-clearfix u-sheet u-valign-middle u-sheet-1\">\n        <h1 class=\"u-align-center u-text u-text-default u-text-1\">H\u00e4ufig gestellte Fragen<br>\n        <\/h1>\n      <\/div>\n    <\/section>\n    <section class=\"u-align-center u-clearfix u-container-align-center u-section-3\" id=\"sec-beaf\">\n      <div class=\"u-clearfix u-sheet u-sheet-1\">\n        <div class=\"u-accordion u-collapsed-by-default u-spacing-3 u-accordion-1\" role=\"tablist\">\n          <div class=\"u-accordion-item\">\n            <a class=\"u-accordion-link u-button-style u-grey-5 u-text-active-black u-text-grey-60 u-text-hover-black u-accordion-link-1\" id=\"link-accordion-0781\" aria-controls=\"accordion-0781\" aria-selected=\"false\" role=\"tab\"><span class=\"u-accordion-link-text\"><b><\/b>Funktioniert die App auch an Orten, wo keine Internetverbindung besteht?<\/span><span class=\"u-accordion-link-icon u-icon u-text-grey-40 u-icon-1\"><svg class=\"u-svg-link\" preserveAspectRatio=\"xMidYMin slice\" viewBox=\"0 0 512 512\" style=\"\"><use xlink:href=\"#svg-efcb\"><\/use><\/svg><svg xmlns=\"http:\/\/www.w3.org\/2000\/svg\" xmlns:xlink=\"http:\/\/www.w3.org\/1999\/xlink\" version=\"1.1\" xml:space=\"preserve\" class=\"u-svg-content\" viewBox=\"0 0 512 512\" x=\"0px\" y=\"0px\" id=\"svg-efcb\" style=\"enable-background:new 0 0 512 512;\"><g><g><path d=\"M509.121,125.966c-3.838-3.838-10.055-3.838-13.893,0L256.005,365.194L16.771,125.966c-3.838-3.838-10.055-3.838-13.893,0    c-3.838,3.838-3.838,10.055,0,13.893l246.18,246.175c1.842,1.842,4.337,2.878,6.947,2.878c2.61,0,5.104-1.036,6.946-2.878    l246.17-246.175C512.959,136.021,512.959,129.804,509.121,125.966z\"><\/path>\n<\/g>\n<\/g><\/svg><\/span>\n            <\/a>\n            <div class=\"u-accordion-pane u-container-style u-accordion-pane-1\" id=\"accordion-0781\" aria-labelledby=\"link-accordion-0781\" role=\"tabpanel\">\n              <div class=\"u-container-layout u-container-layout-1\">\n                <p class=\"u-text u-text-1\"><b>JA <\/b>- <span style=\"font-weight: 400;\">S\u00e4mtliche eingegebenen\nDaten werden bis zum Speichern eines Ereignisses auf Ihrem Smartphone\nzwischengespeichert. Sobald ein Ereignis beendet und gespeichert wurde, wird\ndas gesamte Datenpaket per Internet an die Admin-Anwendung des Bewirtschafters \u00fcbermittelt.\nBesteht an einem Ort keine Internetverbindung, werden die Daten auf dem\nSmartphone zwischengespeichert und automatisch an den Bewirtschafter gesendet,\nsobald Sie wieder eine Internetverbindung haben.<\/span>\n                <\/p>\n              <\/div>\n            <\/div>\n          <\/div>\n          <div class=\"u-accordion-item\">\n            <a class=\"u-accordion-link u-button-style u-grey-5 u-text-active-black u-text-grey-60 u-text-hover-black u-accordion-link-2\" id=\"link-accordion-4c47\" aria-controls=\"accordion-4c47\" aria-selected=\"false\" role=\"tab\"><span class=\"u-accordion-link-text\"> Was passiert, wenn mein Smartphone keinen Akku mehr hat?<\/span><span class=\"u-accordion-link-icon u-icon u-text-grey-40 u-icon-2\"><svg class=\"u-svg-link\" preserveAspectRatio=\"xMidYMin slice\" viewBox=\"0 0 512 512\" style=\"\"><use xlink:href=\"#svg-55f1\"><\/use><\/svg><svg xmlns=\"http:\/\/www.w3.org\/2000\/svg\" xmlns:xlink=\"http:\/\/www.w3.org\/1999\/xlink\" version=\"1.1\" xml:space=\"preserve\" class=\"u-svg-content\" viewBox=\"0 0 512 512\" x=\"0px\" y=\"0px\" id=\"svg-55f1\" style=\"enable-background:new 0 0 512 512;\"><g><g><path d=\"M509.121,125.966c-3.838-3.838-10.055-3.838-13.893,0L256.005,365.194L16.771,125.966c-3.838-3.838-10.055-3.838-13.893,0    c-3.838,3.838-3.838,10.055,0,13.893l246.18,246.175c1.842,1.842,4.337,2.878,6.947,2.878c2.61,0,5.104-1.036,6.946-2.878    l246.17-246.175C512.959,136.021,512.959,129.804,509.121,125.966z\"><\/path>\n<\/g>\n<\/g><\/svg><\/span>\n            <\/a>\n            <div class=\"u-accordion-pane u-container-style u-accordion-pane-2\" id=\"accordion-4c47\" aria-labelledby=\"link-accordion-4c47\" role=\"tabpanel\">\n              <div class=\"u-container-layout u-container-layout-2\">\n                <p class=\"u-text u-text-2\">Bei der Fischereiaus\u00fcbung hat laut geltender Rechtslage der Inhaber einer Erlaubnis zur Aus\u00fcbung der Angelfischerei (= Angelkarte) eine Fangliste zu f\u00fchren. Darin ist jeder Fischgang unmittelbar zu Beginn des Fischens mit Datum einzutragen. Jeder Angler\/jede Anglerin hat jeden Fischgang und die Fangergebnisse zu melden. <br>\n                  <br>Damit diese von der Fischereiaufsicht \u00fcberpr\u00fcft werden k\u00f6nnen, m\u00fcssen Sie bei Ausfall Ihres Smartphones vor\u00fcbergehend auf eine provisorische Papierstatistik zur\u00fcckgreifen k\u00f6nnen. Falls der Akku Ihres Smartphones ausf\u00e4llt und Sie keine Papierstatistik dabeihaben, auf die Sie zur\u00fcckgreifen k\u00f6nnen, darf somit nicht weitergefischt werden. Die Aufzeichnungen auf der provisorischen Papierstatistik sind anschlie\u00dfend in der App nachzutragen.<br>\n                  <br><span style=\"font-weight: 700;\">Jede\/r Fischer\/in ist selbst daf\u00fcr verantwortlich, dass er\/sie die Statistikf\u00fchrung jederzeit vorweisen kann. Dies gilt auch f\u00fcr die Statistikf\u00fchrung mit der App. <\/span>\n                <\/p>\n              <\/div>\n            <\/div>\n          <\/div>\n          <div class=\"u-accordion-item u-accordion-item-3\">\n            <a class=\"u-accordion-link u-button-style u-grey-5 u-text-active-black u-text-grey-60 u-text-hover-black u-accordion-link-3\" id=\"link-accordion-a910\" aria-controls=\"accordion-a910\" aria-selected=\"false\" role=\"tab\"><span class=\"u-accordion-link-text\"> Muss ich weiterhin die Papierstatistik f\u00fchren, wenn ich die App nutze?<\/span><span class=\"u-accordion-link-icon u-icon u-text-grey-40 u-icon-3\"><svg class=\"u-svg-link\" preserveAspectRatio=\"xMidYMin slice\" viewBox=\"0 0 512 512\" style=\"\"><use xlink:href=\"#svg-6813\"><\/use><\/svg><svg xmlns=\"http:\/\/www.w3.org\/2000\/svg\" xmlns:xlink=\"http:\/\/www.w3.org\/1999\/xlink\" version=\"1.1\" xml:space=\"preserve\" class=\"u-svg-content\" viewBox=\"0 0 512 512\" x=\"0px\" y=\"0px\" id=\"svg-6813\" style=\"enable-background:new 0 0 512 512;\"><g><g><path d=\"M509.121,125.966c-3.838-3.838-10.055-3.838-13.893,0L256.005,365.194L16.771,125.966c-3.838-3.838-10.055-3.838-13.893,0    c-3.838,3.838-3.838,10.055,0,13.893l246.18,246.175c1.842,1.842,4.337,2.878,6.947,2.878c2.61,0,5.104-1.036,6.946-2.878    l246.17-246.175C512.959,136.021,512.959,129.804,509.121,125.966z\"><\/path>\n<\/g>\n<\/g><\/svg><\/span>\n            <\/a>\n            <div class=\"u-accordion-pane u-container-style u-accordion-pane-3\" id=\"accordion-a910\" aria-labelledby=\"link-accordion-a910\" role=\"tabpanel\">\n              <div class=\"u-container-layout u-container-layout-3\">\n                <p class=\"u-text u-text-3\"><span style=\"font-weight: 700;\">NEIN<\/span> - Die Fischerei-App ersetzt die Papierstatistik g\u00e4nzlich. Falls Sie die Fangstatistik per Fischerei-App f\u00fchren, ist keine parallele F\u00fchrung der Papierstatistik n\u00f6tig. <br>\n                  <br>Ausnahme: eine Papierstatistik muss vor\u00fcbergehend gef\u00fchrt werden, sollte das Smartphone keinen Akku haben. Die Eintr\u00e4ge sind anschlie\u00dfend nachzutragen. \n                <\/p>\n              <\/div>\n            <\/div>\n          <\/div>\n          <div class=\"u-accordion-item u-accordion-item-4\">\n            <a class=\"u-accordion-link u-button-style u-grey-5 u-text-active-black u-text-grey-60 u-text-hover-black u-accordion-link-4\" id=\"link-accordion-a910\" aria-controls=\"accordion-a910\" aria-selected=\"false\" role=\"tab\"><span class=\"u-accordion-link-text\"> Kann ich auch w\u00e4hrend der Saison von der Papierstatistik auf die App wechseln?<\/span><span class=\"u-accordion-link-icon u-icon u-text-grey-40 u-icon-4\"><svg class=\"u-svg-link\" preserveAspectRatio=\"xMidYMin slice\" viewBox=\"0 0 512 512\" style=\"\"><use xlink:href=\"#svg-3c5b\"><\/use><\/svg><svg xmlns=\"http:\/\/www.w3.org\/2000\/svg\" xmlns:xlink=\"http:\/\/www.w3.org\/1999\/xlink\" version=\"1.1\" xml:space=\"preserve\" class=\"u-svg-content\" viewBox=\"0 0 512 512\" x=\"0px\" y=\"0px\" id=\"svg-3c5b\" style=\"enable-background:new 0 0 512 512;\"><g><g><path d=\"M509.121,125.966c-3.838-3.838-10.055-3.838-13.893,0L256.005,365.194L16.771,125.966c-3.838-3.838-10.055-3.838-13.893,0    c-3.838,3.838-3.838,10.055,0,13.893l246.18,246.175c1.842,1.842,4.337,2.878,6.947,2.878c2.61,0,5.104-1.036,6.946-2.878    l246.17-246.175C512.959,136.021,512.959,129.804,509.121,125.966z\"><\/path>\n<\/g>\n<\/g><\/svg><\/span>\n            <\/a>\n            <div class=\"u-accordion-pane u-container-style u-accordion-pane-4\" id=\"accordion-a910\" aria-labelledby=\"link-accordion-a910\" role=\"tabpanel\">\n              <div class=\"u-container-layout u-container-layout-4\">\n                <p class=\"u-text u-text-4\"><span style=\"font-weight: 700;\">NEIN<\/span> \u2013 Ein Wechsel von der Papierstatistik auf die App bzw. umgekehrt ist w\u00e4hrend der laufenden Saison grunds\u00e4tzlich nicht m\u00f6glich. Bitte informieren Sie sich beim jeweiligen Verein.\n                <\/p>\n              <\/div>\n            <\/div>\n          <\/div>\n          <div class=\"u-accordion-item u-accordion-item-5\">\n            <a class=\"u-accordion-link u-button-style u-grey-5 u-text-active-black u-text-grey-60 u-text-hover-black u-accordion-link-5\" id=\"link-accordion-a910\" aria-controls=\"accordion-a910\" aria-selected=\"false\" role=\"tab\"><span class=\"u-accordion-link-text\"> Welche Daten aus der App werden an den Bewirtschafter gesendet?<\/span><span class=\"u-accordion-link-icon u-icon u-text-grey-40 u-icon-5\"><svg class=\"u-svg-link\" preserveAspectRatio=\"xMidYMin slice\" viewBox=\"0 0 512 512\" style=\"\"><use xlink:href=\"#svg-0171\"><\/use><\/svg><svg xmlns=\"http:\/\/www.w3.org\/2000\/svg\" xmlns:xlink=\"http:\/\/www.w3.org\/1999\/xlink\" version=\"1.1\" xml:space=\"preserve\" class=\"u-svg-content\" viewBox=\"0 0 512 512\" x=\"0px\" y=\"0px\" id=\"svg-0171\" style=\"enable-background:new 0 0 512 512;\"><g><g><path d=\"M509.121,125.966c-3.838-3.838-10.055-3.838-13.893,0L256.005,365.194L16.771,125.966c-3.838-3.838-10.055-3.838-13.893,0    c-3.838,3.838-3.838,10.055,0,13.893l246.18,246.175c1.842,1.842,4.337,2.878,6.947,2.878c2.61,0,5.104-1.036,6.946-2.878    l246.17-246.175C512.959,136.021,512.959,129.804,509.121,125.966z\"><\/path>\n<\/g>\n<\/g><\/svg><\/span>\n            <\/a>\n            <div class=\"u-accordion-pane u-container-style u-accordion-pane-5\" id=\"accordion-a910\" aria-labelledby=\"link-accordion-a910\" role=\"tabpanel\">\n              <div class=\"u-container-layout u-container-layout-5\">\n                <p class=\"u-text u-text-5\"> Folgende Daten eines erfassten Ereignisses\nwerden an den Bewirtschafter gesendet:<\/p>\n                <ul class=\"u-text u-text-6\">\n                  <li> Start- und Endzeitpunkt des Ereignisses<\/li>\n                  <li>Nummer des befischten Revieres bzw. Revierabschnittes <\/li>\n                  <li>Fischart, Gr\u00f6\u00dfe und Fangzeitpunkt eines gefangenen Fisches<\/li>\n                  <li>(Entnahme oder Zur\u00fcckgesetzt), falls vom Bewirtschafter gew\u00fcnscht<\/li>\n                <\/ul>\n              <\/div>\n            <\/div>\n          <\/div>\n          <div class=\"u-accordion-item u-accordion-item-6\">\n            <a class=\"u-accordion-link u-button-style u-grey-5 u-text-active-black u-text-grey-60 u-text-hover-black u-accordion-link-6\" id=\"link-5dc5\" aria-controls=\"5dc5\" aria-selected=\"false\" role=\"tab\"><span class=\"u-accordion-link-text\"> Kann ich erfasste Ereignisse in der App nachtr\u00e4glich ver\u00e4ndern\/l\u00f6schen?<\/span><span class=\"u-accordion-link-icon u-icon u-text-grey-40 u-icon-6\"><svg class=\"u-svg-link\" preserveAspectRatio=\"xMidYMin slice\" viewBox=\"0 0 512 512\" style=\"\"><use xlink:href=\"#svg-8db3\"><\/use><\/svg><svg xmlns=\"http:\/\/www.w3.org\/2000\/svg\" xmlns:xlink=\"http:\/\/www.w3.org\/1999\/xlink\" version=\"1.1\" xml:space=\"preserve\" class=\"u-svg-content\" viewBox=\"0 0 512 512\" x=\"0px\" y=\"0px\" id=\"svg-8db3\" style=\"enable-background:new 0 0 512 512;\"><g><g><path d=\"M509.121,125.966c-3.838-3.838-10.055-3.838-13.893,0L256.005,365.194L16.771,125.966c-3.838-3.838-10.055-3.838-13.893,0    c-3.838,3.838-3.838,10.055,0,13.893l246.18,246.175c1.842,1.842,4.337,2.878,6.947,2.878c2.61,0,5.104-1.036,6.946-2.878    l246.17-246.175C512.959,136.021,512.959,129.804,509.121,125.966z\"><\/path>\n<\/g>\n<\/g><\/svg><\/span>\n            <\/a>\n            <div class=\"u-accordion-pane u-container-style u-accordion-pane-6\" id=\"5dc5\" aria-labelledby=\"link-5dc5\" role=\"tabpanel\">\n              <div class=\"u-container-layout u-container-layout-6\">\n                <p class=\"u-text u-text-7\"><span style=\"font-weight: 700;\">NEIN<\/span> - Nach dem Speichern eines Ereignisses kann dieses weder ver\u00e4ndert, noch gel\u00f6scht werden. Sobald ein Ereignis gespeichert wurde, wird dieses an den Bewirtschafter gesendet und erscheint in Ihrem Archiv in der App.<br>\n                  <br>Ausnahmen sind pers\u00f6nliche Informationen wie Notizen und K\u00f6der.<br>\n                  <br>Falls dennoch \u00c4nderungsbedarf bestehen sollte, kontaktieren Sie bitte den Bewirtschafter.\n                <\/p>\n              <\/div>\n            <\/div>\n          <\/div>\n          <div class=\"u-accordion-item u-accordion-item-7\">\n            <a class=\"u-accordion-link u-button-style u-grey-5 u-text-active-black u-text-grey-60 u-text-hover-black u-accordion-link-7\" id=\"link-b194\" aria-controls=\"b194\" aria-selected=\"false\" role=\"tab\"><span class=\"u-accordion-link-text\"> Ich habe vergessen, die App bei Beginn der Fischerei zu starten. Kann ein Fischereiereignis nachtr\u00e4glich erfasst werden?<\/span><span class=\"u-accordion-link-icon u-icon u-text-grey-40 u-icon-7\"><svg class=\"u-svg-link\" preserveAspectRatio=\"xMidYMin slice\" viewBox=\"0 0 512 512\" style=\"\"><use xlink:href=\"#svg-0310\"><\/use><\/svg><svg xmlns=\"http:\/\/www.w3.org\/2000\/svg\" xmlns:xlink=\"http:\/\/www.w3.org\/1999\/xlink\" version=\"1.1\" xml:space=\"preserve\" class=\"u-svg-content\" viewBox=\"0 0 512 512\" x=\"0px\" y=\"0px\" id=\"svg-0310\" style=\"enable-background:new 0 0 512 512;\"><g><g><path d=\"M509.121,125.966c-3.838-3.838-10.055-3.838-13.893,0L256.005,365.194L16.771,125.966c-3.838-3.838-10.055-3.838-13.893,0    c-3.838,3.838-3.838,10.055,0,13.893l246.18,246.175c1.842,1.842,4.337,2.878,6.947,2.878c2.61,0,5.104-1.036,6.946-2.878    l246.17-246.175C512.959,136.021,512.959,129.804,509.121,125.966z\"><\/path>\n<\/g>\n<\/g><\/svg><\/span>\n            <\/a>\n            <div class=\"u-accordion-pane u-container-style u-accordion-pane-7\" id=\"b194\" aria-labelledby=\"link-b194\" role=\"tabpanel\">\n              <div class=\"u-container-layout u-container-layout-7\">\n                <p class=\"u-text u-text-8\"><span style=\"font-weight: 700;\">JA <\/span>- Es ist m\u00f6glich, ein Fangereignis nachtr\u00e4glich zu erfassen. Grunds\u00e4tzlich muss die App jedoch vorschriftsm\u00e4\u00dfig genutzt werden, also beim Beginn des Fischganges gestartet und nach Abschluss gestoppt werden. Gefangene Fische sind in der Regel w\u00e4hrend des Fischganges - direkt nach dem Fang - zu erfassen. <br>\n                  <br>Ein Nachtrag erfolgt mit dem gleichen Vorgehen wie eine regul\u00e4re Erfassung eines Fischerereignisses. <br>Dr\u00fccken Sie auf \u201eLos geht\u2019s. W\u00e4hlen Sie das entsprechende vergangene Datum aus. Es wird Ihnen eine Meldung angezeigt, dass Sie ein vergangenes Ereignis erfassen m\u00f6chten. Bitte dies best\u00e4tigen. Damit ist der nachtr\u00e4gliche Eintrag auch als solcher dokumentiert. <br>\n                  <br>Danach m\u00fcssen alle Informationen eingegeben werden. Wenn alle Informationen korrekt sind, ist das Ereignis abzuschlie\u00dfen.<br>\n                <\/p>\n              <\/div>\n            <\/div>\n          <\/div>\n        <\/div>\n      <\/div>\n    <\/section>\n    <section class=\"u-align-center u-clearfix u-container-align-center u-section-4\" id=\"sec-1307\">\n      <div class=\"u-clearfix u-sheet u-sheet-1\">\n        <p class=\"u-align-center u-text u-text-1\"> Bei weiteren Fragen wenden Sie sich bitte an Ihren Verein oder per eMail:contact [at] fishven.com, per Telefon<br>+41 (0) 44 500 78 01\n        <\/p>\n      <\/div>\n    <\/section>\n    <section class=\"u-clearfix u-section-5\" id=\"sec-857f\">\n      <div class=\"u-clearfix u-sheet u-valign-middle-lg u-valign-middle-md u-valign-middle-sm u-valign-middle-xs u-sheet-1\">\n        <div class=\"u-border-1 u-border-grey-dark-1 u-line u-line-horizontal u-line-1\"><\/div>\n        <h1 class=\"u-align-center u-text u-text-default u-text-1\">Kurzvideos<\/h1>\n      <\/div>\n    <\/section>\n    <section class=\"u-align-center u-clearfix u-container-align-center u-section-6\" id=\"block-1\">\n      <div class=\"u-clearfix u-sheet u-valign-middle u-sheet-1\">\n        <h2 class=\"u-align-center u-text u-text-default u-text-1\">Anmeldung bei Fischen in Vorarlberg<\/h2>\n        <div class=\"u-uploaded-video u-video u-video-contain u-video-1\">\n          <div class=\"embed-responsive\">\n            <video class=\"embed-responsive-item\" muted=\"1\" controls=\"\">\n              <source src=\"https:\/\/www.fishven.com\/wp-content\/uploads\/2025\/10\/01Anmelden_FischeninVorarlberg.mp4\" type=\"video\/mp4\">\n              <p>Your browser does not support HTML5 video.<\/p>\n            <\/video>\n            <button class=\"u-video-poster\"><\/button>\n          <\/div>\n        <\/div>\n      <\/div>\n    <\/section>\n    <section class=\"u-align-center u-clearfix u-container-align-center u-section-7\" id=\"sec-2d04\">\n      <div class=\"u-clearfix u-sheet u-valign-middle u-sheet-1\">\n        <h2 class=\"u-align-center u-text u-text-default u-text-1\">Starten eines Fischgangs<\/h2>\n        <div class=\"u-uploaded-video u-video u-video-contain u-video-1\">\n          <div class=\"embed-responsive\">\n            <video class=\"embed-responsive-item\" muted=\"1\" controls=\"\">\n              <source src=\"https:\/\/www.fishven.com\/wp-content\/uploads\/2025\/10\/02StarteneinesFischgangesFischeninVorarlberg.mp4\" type=\"video\/mp4\">\n              <p>Your browser does not support HTML5 video.<\/p>\n            <\/video>\n            <button class=\"u-video-poster\"><\/button>\n          <\/div>\n        <\/div>\n      <\/div>\n    <\/section>\n    <section class=\"u-align-center u-clearfix u-container-align-center u-section-8\" id=\"sec-0d3e\">\n      <div class=\"u-clearfix u-sheet u-valign-middle u-sheet-1\">\n        <h2 class=\"u-align-center u-text u-text-default u-text-1\">Einen Fang hinzuf\u00fcgen<\/h2>\n        <div class=\"u-uploaded-video u-video u-video-contain u-video-1\">\n          <div class=\"embed-responsive\">\n            <video class=\"embed-responsive-item\" muted=\"1\" controls=\"\">\n              <source src=\"https:\/\/www.fishven.com\/wp-content\/uploads\/2025\/10\/03FanghinzufgenFischeninVorarlberg.mp4\" type=\"video\/mp4\">\n              <p>Your browser does not support HTML5 video.<\/p>\n            <\/video>\n            <button class=\"u-video-poster\"><\/button>\n          <\/div>\n        <\/div>\n      <\/div>\n    <\/section>\n    <section class=\"u-align-center u-clearfix u-container-align-center u-section-9\" id=\"sec-feda\">\n      <div class=\"u-clearfix u-sheet u-valign-middle u-sheet-1\">\n        <h2 class=\"u-align-center u-text u-text-default u-text-1\">Aktuellen Fischgang anschauen<\/h2>\n        <div class=\"u-uploaded-video u-video u-video-contain u-video-1\">\n          <div class=\"embed-responsive\">\n            <video class=\"embed-responsive-item\" muted=\"1\" controls=\"\">\n              <source src=\"https:\/\/www.fishven.com\/wp-content\/uploads\/2025\/10\/04AktuellesEreignisanschauenFischeninVorarlberg.mp4\" type=\"video\/mp4\">\n              <p>Your browser does not support HTML5 video.<\/p>\n            <\/video>\n            <button class=\"u-video-poster\"><\/button>\n          <\/div>\n        <\/div>\n      <\/div>\n    <\/section>\n    <section class=\"u-align-center u-clearfix u-container-align-center u-section-10\" id=\"sec-e102\">\n      <div class=\"u-clearfix u-sheet u-valign-middle u-sheet-1\">\n        <h2 class=\"u-align-center u-text u-text-default u-text-1\">Einen Fischgang beenden<\/h2>\n        <div class=\"u-uploaded-video u-video u-video-contain u-video-1\">\n          <div class=\"embed-responsive\">\n            <video class=\"embed-responsive-item\" muted=\"1\" controls=\"\">\n              <source src=\"https:\/\/www.fishven.com\/wp-content\/uploads\/2025\/10\/05EreignisbeendenFischeninVorarlberg.mp4\" type=\"video\/mp4\">\n              <p>Your browser does not support HTML5 video.<\/p>\n            <\/video>\n            <button class=\"u-video-poster\"><\/button>\n          <\/div>\n        <\/div>\n      <\/div>\n    <\/section>\n    <section class=\"u-align-center u-clearfix u-container-align-center u-section-11\" id=\"sec-10ca\">\n      <div class=\"u-clearfix u-sheet u-valign-middle u-sheet-1\">\n        <h2 class=\"u-align-center u-text u-text-default u-text-1\">Kontoinformationen bearbeiten <\/h2>\n        <div class=\"u-uploaded-video u-video u-video-contain u-video-1\">\n          <div class=\"embed-responsive\">\n            <video class=\"embed-responsive-item\" muted=\"1\" controls=\"\">\n              <source src=\"https:\/\/www.fishven.com\/wp-content\/uploads\/2025\/10\/06KontoinformationenanpassenFischeninVorarlberg.mp4\" type=\"video\/mp4\">\n              <p>Your browser does not support HTML5 video.<\/p>\n            <\/video>\n            <button class=\"u-video-poster\"><\/button>\n          <\/div>\n        <\/div>\n      <\/div>\n    <\/section>\n    <section class=\"u-align-center u-clearfix u-container-align-center u-section-12\" id=\"sec-2bad\">\n      <div class=\"u-clearfix u-sheet u-valign-middle u-sheet-1\">\n        <h2 class=\"u-align-center u-text u-text-default u-text-1\">Angelkarten anschauen<\/h2>\n        <div class=\"u-uploaded-video u-video u-video-contain u-video-1\">\n          <div class=\"embed-responsive\">\n            <video class=\"embed-responsive-item\" muted=\"1\" controls=\"\">\n              <source src=\"https:\/\/www.fishven.com\/wp-content\/uploads\/2025\/10\/07AngelkartenanschauenFischeninVorarlberg.mp4\" type=\"video\/mp4\">\n              <p>Your browser does not support HTML5 video.<\/p>\n            <\/video>\n            <button class=\"u-video-poster\"><\/button>\n          <\/div>\n        <\/div>\n      <\/div>\n    <\/section>\n    <section class=\"u-align-center u-clearfix u-container-align-center u-section-13\" id=\"sec-1475\">\n      <div class=\"u-clearfix u-sheet u-valign-middle u-sheet-1\">\n        <h2 class=\"u-align-center u-text u-text-default u-text-1\">Archiv (Fischlogbuch) anschauen<\/h2>\n        <div class=\"u-uploaded-video u-video u-video-contain u-video-1\">\n          <div class=\"embed-responsive\">\n            <video class=\"embed-responsive-item\" muted=\"1\" controls=\"\">\n              <source src=\"https:\/\/www.fishven.com\/wp-content\/uploads\/2025\/10\/08ArchivanschauenFischeninVorarlberg.mp4\" type=\"video\/mp4\">\n              <p>Your browser does not support HTML5 video.<\/p>\n            <\/video>\n            <button class=\"u-video-poster\"><\/button>\n          <\/div>\n        <\/div>\n      <\/div>\n    <\/section>\n    <section class=\"u-align-center u-clearfix u-container-align-center u-section-14\" id=\"sec-94a6\">\n      <div class=\"u-clearfix u-sheet u-valign-middle u-sheet-1\">\n        <h2 class=\"u-align-center u-text u-text-default u-text-1\">Pers\u00f6nliche Statistik anschauen<\/h2>\n        <div class=\"u-uploaded-video u-video u-video-contain u-video-1\">\n          <div class=\"embed-responsive\">\n            <video class=\"embed-responsive-item\" muted=\"1\" controls=\"\">\n              <source src=\"https:\/\/www.fishven.com\/wp-content\/uploads\/2025\/10\/09StatistikanschauenFischeninVorarlberg.mp4\" type=\"video\/mp4\">\n              <p>Your browser does not support HTML5 video.<\/p>\n            <\/video>\n            <button class=\"u-video-poster\"><\/button>\n          <\/div>\n        <\/div>\n      <\/div>\n    <\/section>\n    \n    \n    \n    \n    \n    \n  \n","protected":false},"excerpt":{"rendered":"<p>H\u00e4ufig gestellte Fragen Funktioniert die App auch an Orten, wo keine Internetverbindung besteht? JA &#8211; S\u00e4mtliche eingegebenen Daten werden bis zum Speichern eines Ereignisses auf Ihrem Smartphone zwischengespeichert. Sobald ein Ereignis beendet und gespeichert wurde, wird das gesamte Datenpaket per Internet an die Admin-Anwendung des Bewirtschafters \u00fcbermittelt. Besteht an einem Ort keine Internetverbindung, werden die &hellip; <a href=\"https:\/\/www.fishven.com\/fr\/assistance-vbg\/\" class=\"more-link\">Continuer la lecture<span class=\"screen-reader-text\"> &#8222;Support Vbg&#8220;<\/span><\/a><\/p>","protected":false},"author":1,"featured_media":0,"parent":0,"menu_order":0,"comment_status":"closed","ping_status":"closed","template":"","meta":{"footnotes":""},"class_list":["post-956","page","type-page","status-publish","hentry"],"_links":{"self":[{"href":"https:\/\/www.fishven.com\/fr\/wp-json\/wp\/v2\/pages\/956","targetHints":{"allow":["GET"]}}],"collection":[{"href":"https:\/\/www.fishven.com\/fr\/wp-json\/wp\/v2\/pages"}],"about":[{"href":"https:\/\/www.fishven.com\/fr\/wp-json\/wp\/v2\/types\/page"}],"author":[{"embeddable":true,"href":"https:\/\/www.fishven.com\/fr\/wp-json\/wp\/v2\/users\/1"}],"replies":[{"embeddable":true,"href":"https:\/\/www.fishven.com\/fr\/wp-json\/wp\/v2\/comments?post=956"}],"version-history":[{"count":21,"href":"https:\/\/www.fishven.com\/fr\/wp-json\/wp\/v2\/pages\/956\/revisions"}],"predecessor-version":[{"id":1022,"href":"https:\/\/www.fishven.com\/fr\/wp-json\/wp\/v2\/pages\/956\/revisions\/1022"}],"wp:attachment":[{"href":"https:\/\/www.fishven.com\/fr\/wp-json\/wp\/v2\/media?parent=956"}],"curies":[{"name":"wp","href":"https:\/\/api.w.org\/{rel}","templated":true}]}}