{"id":116,"date":"2022-11-01T13:00:43","date_gmt":"2022-11-01T13:00:43","guid":{"rendered":"https:\/\/demo.fishven.com\/?page_id=116"},"modified":"2024-09-02T13:18:26","modified_gmt":"2024-09-02T13:18:26","slug":"su-fishven","status":"publish","type":"page","link":"https:\/\/www.fishven.com\/it\/su-fishven\/","title":{"rendered":"Chi siamo"},"content":{"rendered":"<section class=\"u-clearfix u-image u-shading u-section-2\" id=\"sec-7979\" data-image-width=\"1280\" data-image-height=\"853\" style=\"background-image: linear-gradient(0deg, rgba(0, 0, 0, 0.4), rgba(0, 0, 0, 0.4)), url(&quot;https:\/\/www.fishven.com\/wp-content\/uploads\/2022\/11\/57e5d6464852ad14f6da8c7dda79367d1d38d6ed5b586c4870287cd0934cc45dbb_1280.jpg&quot;);\">\n      <div class=\"u-clearfix u-sheet u-sheet-1\">\n        <h2 class=\"u-custom-font u-font-playfair-display u-text u-text-body-alt-color u-text-1\">Vogliamo utilizzare un monitoraggio efficace e un'integrazione completa dei dati per riorganizzare la gestione della pesca e delle acque interne.<\/h2>\n      <\/div>\n    <\/section>\n    <section class=\"u-clearfix u-image u-image-tiles u-section-3\" id=\"sec-3457\" data-image-width=\"1024\" data-image-height=\"576\" style=\"background-image: url(&quot;https:\/\/www.fishven.com\/wp-content\/uploads\/2022\/11\/backgroundfishvensmall.png&quot;);\">\n      <div class=\"data-layout-selected u-clearfix u-layout-wrap u-layout-wrap-1\">\n        <div class=\"u-layout\">\n          <div class=\"u-layout-row\">\n            <div class=\"u-container-style u-layout-cell u-palette-1-dark-2 u-size-30 u-layout-cell-1\">\n              <div class=\"u-container-layout u-container-layout-1\">\n                <h2 class=\"u-text u-text-default u-text-1\">I nostri valori<\/h2>\n                <p class=\"u-text u-text-default u-text-2\">\n                  <span style=\"font-size: 1.125rem; font-weight: 700;\">La sostenibilit\u00e0 \u00e8\nVita.&nbsp;<\/span>\n                  <br>Consideriamo la biodiversit\u00e0 attraverso una gestione sostenibile del pesce e dell'acqua come una responsabilit\u00e0 per la societ\u00e0. Diamo un contributo attivo.&nbsp; &nbsp;<br>\n                  <br>\n                  <span style=\"font-weight: 700; font-size: 1.125rem;\">Un \"noi\" autentico.&nbsp;<\/span>\n                  <br>Per noi rendimento e motivazione sono in armonia. Creiamo un ambiente di lavoro in cui dipendenti, clienti e partner si sentano a proprio agio.&nbsp; &nbsp;<br>\n                  <br>\n                  <span style=\"font-size: 1.125rem; font-weight: 700;\">Insieme significa l'uno per l'altro.<\/span>&nbsp;<br> Correttezza, integrit\u00e0, rispetto, compassione e modestia sono il nostro atteggiamento di base. Facciamo ci\u00f2 che \u00e8 importante e giusto.<br>&nbsp; &nbsp;<br>\n                  <span style=\"font-weight: 700; font-size: 1.125rem;\">Dimostriamo l'innovazione.&nbsp;<\/span>\n                  <br> Vediamo le sfide come opportunit\u00e0. Lavoriamo in modo fantasioso e deciso con passione, consapevolezza e coraggio.\n                <\/p>\n              <\/div>\n            <\/div>\n            <div class=\"u-align-right u-container-align-right u-container-style u-layout-cell u-size-30 u-layout-cell-2\">\n              <div class=\"u-container-layout u-container-layout-2\">\n                <div class=\"u-align-right u-border-4 u-border-palette-3-base u-container-align-center-sm u-container-align-center-xs u-container-align-right u-container-style u-group u-shape-rectangle u-group-1\">\n                  <div class=\"u-container-layout u-container-layout-3\">\n                    <h2 class=\"u-align-center-sm u-align-center-xs u-text u-text-default u-text-palette-3-dark-1 u-text-3\">Il nostro cuore<\/h2>\n                    <p class=\"u-align-center-sm u-align-center-xs u-large-text u-text u-text-palette-3-dark-1 u-text-variant u-text-4\"> Le relazioni sono importanti per noi e ci consideriamo imprenditori che hanno una responsabilit\u00e0 sociale ed ecologica per e con gli altri. Abbiamo una mentalit\u00e0 moderna, sostenibile e cosmopolita.  Portiamo nel cuore i nostri valori aziendali <\/p>\n                  <\/div>\n                <\/div>\n              <\/div>\n            <\/div>\n          <\/div>\n        <\/div>\n      <\/div>\n    <\/section>\n    <section class=\"u-clearfix u-custom-typography u-image u-image-tiles u-section-4\" id=\"sec-480d\" data-image-width=\"1024\" data-image-height=\"576\" style=\"background-image: url(&quot;https:\/\/www.fishven.com\/wp-content\/uploads\/2022\/11\/backgroundfishvensmall.png&quot;);\">\n      <div class=\"u-clearfix u-sheet u-sheet-1\">\n        <div class=\"u-border-1 u-border-grey-dark-1 u-line u-line-horizontal u-line-1\" data-animation-name=\"customAnimationIn\" data-animation-duration=\"2000\" data-animation-delay=\"250\" data-animation-out=\"0\"><\/div>\n        <h1 class=\"u-align-left u-text u-text-default u-text-grey-75 u-text-1\" data-animation-out=\"0\">Una squadra per la sostenibilit\u00e0<\/h1>\n        <div class=\"u-expanded-width u-list u-list-1\">\n          <div class=\"u-repeater u-repeater-1\">\n            <div class=\"u-align-center u-container-align-center u-container-style u-list-item u-repeater-item u-list-item-1\" data-animation-out=\"0\">\n              <div class=\"u-container-layout u-similar-container u-valign-top u-container-layout-1\">\n                <div alt=\"\" class=\"u-align-center u-image u-image-circle u-preserve-proportions u-image-1\" src=\"\" data-image-width=\"420\" data-image-height=\"415\" style=\"background-image: url(&quot;https:\/\/www.fishven.com\/wp-content\/uploads\/2022\/11\/mario_baumgartner_420x415.jpg&quot;);\"><\/div>\n                <h5 class=\"u-text u-text-2\">Mario Baumgartner<\/h5>\n                <p class=\"u-text u-text-3\">Direttore generale<\/p>\n              <\/div>\n            <\/div>\n            <div class=\"u-align-center u-container-align-center u-container-style u-list-item u-repeater-item u-list-item-2\" data-animation-out=\"0\">\n              <div class=\"u-container-layout u-similar-container u-valign-top u-container-layout-2\">\n                <div alt=\"\" class=\"u-align-center u-image u-image-circle u-preserve-proportions u-image-2\" src=\"\" data-image-width=\"800\" data-image-height=\"800\" style=\"background-image: url(&quot;https:\/\/www.fishven.com\/wp-content\/uploads\/2022\/11\/christianniedermeier.jpg&quot;);\"><\/div>\n                <h5 class=\"u-text u-text-4\">Christian Niedermeier<\/h5>\n                <p class=\"u-text u-text-5\">Responsabile delle finanze<\/p>\n              <\/div>\n            <\/div>\n            <div class=\"u-align-center u-container-align-center u-container-style u-list-item u-repeater-item u-list-item-3\">\n              <div class=\"u-container-layout u-similar-container u-valign-top u-container-layout-3\">\n                <div alt=\"\" class=\"u-align-center u-image u-image-circle u-preserve-proportions u-image-3\" src=\"\" data-image-width=\"2233\" data-image-height=\"2211\" style=\"background-image: url(&quot;https:\/\/www.fishven.com\/wp-content\/uploads\/2022\/11\/andrey-cekovski-s.jpg&quot;);\"><\/div>\n                <h5 class=\"u-text u-text-6\">Andrey Cekovski<\/h5>\n                <p class=\"u-text u-text-7\">Responsabile IT e infrastrutture<br>\n                <\/p>\n              <\/div>\n            <\/div>\n            <div class=\"u-align-center u-container-align-center u-container-style u-list-item u-repeater-item u-list-item-4\">\n              <div class=\"u-container-layout u-similar-container u-valign-top u-container-layout-4\">\n                <div alt=\"\" class=\"u-align-center u-image u-image-circle u-preserve-proportions u-image-4\" src=\"\" data-image-width=\"1600\" data-image-height=\"1067\" style=\"background-image: url(&quot;https:\/\/www.fishven.com\/wp-content\/uploads\/2024\/09\/PhilippBinaghicoloured1.jpg&quot;);\"><\/div>\n                <h5 class=\"u-text u-text-8\">Philipp Binaghi<br>\n                <\/h5>\n                <p class=\"u-text u-text-9\"> Comunicazione e marketing<br>\n                <\/p>\n              <\/div>\n            <\/div>\n            <div class=\"u-align-center u-container-align-center u-container-style u-list-item u-repeater-item u-list-item-5\" data-animation-out=\"0\">\n              <div class=\"u-container-layout u-similar-container u-valign-top u-container-layout-5\">\n                <div alt=\"\" class=\"u-align-center u-image u-image-circle u-preserve-proportions u-image-5\" src=\"\" data-image-width=\"500\" data-image-height=\"500\" style=\"background-image: url(&quot;data:image\/svg+xml;base64,PHN2ZyB2ZXJzaW9uPSIxLjEiIGlkPSJtYW4iIHhtbG5zPSJodHRwOi8vd3d3LnczLm9yZy8yMDAwL3N2ZyIgeD0iMHB4IiB5PSIwcHgiIHZpZXdCb3g9IjAgMCAyNTYgMjU2IiBzdHlsZT0id2lkdGg6IDI1NnB4OyBoZWlnaHQ6IDI1NnB4OyI+CjxyZWN0IGZpbGw9IiNDNkQ4RTEiIHdpZHRoPSIyNTYiIGhlaWdodD0iMjU2Ii8+CjxwYXRoIGZpbGw9IiM3Rjk2QTYiIGQ9Ik0xNzIuNiw5My40YzExLjYtNDQuNy0xMS4yLTQ4LjYtMTEuNy00OC4xYy0yMi40LTMxLjMtOTAuMy0xNi44LTc3LjQsNDguMWMtMTMuMy0yLjQtMS44LDMxLjYsMy43LDMyLjEKCWMwLDAsMCwwLDAsMGMwLjIsMCwwLjMsMCwwLjUtMC4xYzE0LjQsNDkuNyw2Mi43LDUwLjIsODAuNywwQzE3Mi4zLDEyNy4zLDE4Ni41LDkzLjMsMTcyLjYsOTMuNHoiLz4KPHBhdGggZmlsbD0iIzdGOTZBNiIgZD0iTTIwNS40LDE3Ny45Yy0yNC02LjEtNDMuNS0xOS44LTQzLjUtMTkuOGwtMjAuNiw2NC44bC04LTIyLjhjMTkuNy0yNy41LTMwLjMtMjcuNS0xMC42LDBsLTgsMjIuOEw5NCwxNTguMQoJYzAsMC0xOS41LDEzLjctNDMuNSwxOS44QzMyLjcsMTgyLjUsMzAsMjU2LDMwLDI1NmgxOTZDMjI2LDI1NiwyMjMuMywxODIuNSwyMDUuNCwxNzcuOXoiLz4KPC9zdmc+Cg==&quot;);\"><\/div>\n                <h5 class=\"u-text u-text-10\"> Milen Rabadzhiev<\/h5>\n                <p class=\"u-text u-text-11\">Sviluppatore<\/p>\n              <\/div>\n            <\/div>\n            <div class=\"u-align-center u-container-align-center u-container-style u-list-item u-repeater-item u-list-item-6\">\n              <div class=\"u-container-layout u-similar-container u-valign-top u-container-layout-6\">\n                <div alt=\"\" class=\"u-align-center u-image u-image-circle u-preserve-proportions u-image-6\" src=\"\" data-image-width=\"1500\" data-image-height=\"1745\" style=\"background-image: url(&quot;https:\/\/www.fishven.com\/wp-content\/uploads\/2022\/11\/IvanMomchilov.png&quot;);\"><\/div>\n                <h5 class=\"u-text u-text-12\">Ivan Momchilov<\/h5>\n                <p class=\"u-text u-text-13\">Sviluppatore senior<\/p>\n              <\/div>\n            <\/div>\n            <div class=\"u-align-center u-container-align-center u-container-style u-list-item u-repeater-item u-list-item-7\">\n              <div class=\"u-container-layout u-similar-container u-valign-top u-container-layout-7\">\n                <div alt=\"\" class=\"u-align-center u-image u-image-circle u-preserve-proportions u-image-7\" src=\"\" data-image-width=\"935\" data-image-height=\"930\" style=\"background-image: url(&quot;https:\/\/www.fishven.com\/wp-content\/uploads\/2023\/11\/MG_8619N_carre.jpg&quot;);\"><\/div>\n                <h5 class=\"u-text u-text-14\">Mathais Gerst<br>\n                <\/h5>\n                <p class=\"u-text u-text-15\">Responsabile vendite<br>\n                <\/p>\n              <\/div>\n            <\/div>\n            <div class=\"u-align-center u-container-align-center u-container-style u-list-item u-repeater-item u-list-item-8\">\n              <div class=\"u-container-layout u-similar-container u-valign-top u-container-layout-8\">\n                <div alt=\"\" class=\"u-align-center u-image u-image-circle u-preserve-proportions u-image-8\" src=\"\" data-image-width=\"510\" data-image-height=\"496\" style=\"background-image: url(&quot;https:\/\/www.fishven.com\/wp-content\/uploads\/2023\/11\/Blandine-432_V3_2.jpg&quot;);\"><\/div>\n                <h5 class=\"u-text u-text-16\"> Briciole di blandine<\/h5>\n                <p class=\"u-text u-text-17\"> Responsabile vendite<\/p>\n              <\/div>\n            <\/div>\n            <div class=\"u-align-center u-container-align-center u-container-style u-list-item u-repeater-item u-list-item-9\">\n              <div class=\"u-container-layout u-similar-container u-valign-top u-container-layout-9\">\n                <div alt=\"\" class=\"u-align-center u-image u-image-circle u-preserve-proportions u-image-9\" src=\"\" data-image-width=\"778\" data-image-height=\"800\" style=\"background-image: url(&quot;https:\/\/www.fishven.com\/wp-content\/uploads\/2023\/11\/1549372296-2300-copie.jpg&quot;);\"><\/div>\n                <h5 class=\"u-text u-text-18\">Roman Banz<\/h5>\n                <p class=\"u-text u-text-19\"> Responsabile IT<\/p>\n              <\/div>\n            <\/div>\n          <\/div>\n        <\/div>\n      <\/div>\n    <\/section>\n    <section class=\"u-clearfix u-section-5\" id=\"carousel_d794\">\n      <div class=\"data-layout-selected u-clearfix u-layout-wrap u-layout-wrap-1\">\n        <div class=\"u-layout\">\n          <div class=\"u-layout-row\">\n            <div class=\"u-container-style u-layout-cell u-size-36 u-white u-layout-cell-1\">\n              <div class=\"u-container-layout u-container-layout-1\">\n                <h2 class=\"u-text u-text-default u-text-grey-75 u-text-1\">Creare sostenibilit\u00e0 con i partner<br>\n                <\/h2>\n                <h1 class=\"u-text u-text-palette-3-base u-text-2\"> Le partnership sono comunit\u00e0 basate sugli stessi valori e principi.<\/h1>\n                <p class=\"u-large-text u-text u-text-default u-text-grey-75 u-text-variant u-text-3\">Per questo motivo, da anni collaboriamo con partner di vari settori per ottimizzare i nostri servizi. Ne siamo orgogliosi.<br>\n                <\/p>\n              <\/div>\n            <\/div>\n            <div class=\"u-align-right u-container-align-right u-container-style u-layout-cell u-size-24 u-layout-cell-2\">\n              <div class=\"u-container-layout u-container-layout-2\">\n                <img decoding=\"async\" class=\"u-image u-image-default u-image-1\" src=\"https:\/\/www.fishven.com\/wp-content\/uploads\/2023\/11\/hostpoint-logo2x.png\" alt=\"\" data-image-width=\"731\" data-image-height=\"141\">\n                <img decoding=\"async\" class=\"u-image u-image-contain u-image-default u-image-2\" src=\"https:\/\/www.fishven.com\/wp-content\/uploads\/2023\/11\/1_logo_PST_couleur_noir.png\" alt=\"\" data-image-width=\"2234\" data-image-height=\"1595\" data-href=\"https:\/\/pst-smartcity.ch\/?lang=fr\" data-target=\"_blank\">\n              <\/div>\n            <\/div>\n          <\/div>\n        <\/div>\n      <\/div>\n    <\/section>\n    <section class=\"u-clearfix u-image u-image-tiles u-section-6\" id=\"carousel_cad6\" data-image-width=\"1024\" data-image-height=\"576\" style=\"background-image: url(&quot;https:\/\/www.fishven.com\/wp-content\/uploads\/2022\/11\/backgroundfishvensmall.png&quot;);\">\n      <div class=\"u-clearfix u-sheet u-sheet-1\">\n        <div class=\"u-clearfix u-expanded-width u-layout-wrap u-layout-wrap-1\">\n          <div class=\"u-layout\" style=\"\">\n            <div class=\"u-layout-row\" style=\"\">\n              <div class=\"u-container-style u-layout-cell u-shape-rectangle u-size-24 u-layout-cell-1\">\n                <div class=\"u-container-layout u-container-layout-1\">\n                  <div class=\"u-align-left u-border-1 u-border-grey-dark-1 u-line u-line-horizontal u-line-1\"><\/div>\n                  <h5 class=\"u-custom-font u-font-montserrat u-text u-text-default-lg u-text-default-xl u-text-grey-75 u-text-1\"> Pesca sostenibile e pesca commerciale! Il nostro contributo alla biodiversit\u00e0 si traduce in moderne applicazioni di registrazione, consolidamento di dati eterogenei e moderni metodi di analisi.<\/h5>\n                  <div class=\"u-image u-image-circle u-image-contain u-image-1\" alt=\"\" data-image-width=\"3234\" data-image-height=\"1566\" data-animation-name=\"customAnimationIn\" data-animation-duration=\"1750\" data-animation-delay=\"250\" data-animation-out=\"0\" style=\"background-image: url(&quot;https:\/\/www.fishven.com\/wp-content\/uploads\/2022\/11\/2021-06-10-LogoFishven.png&quot;);\"><\/div>\n                <\/div>\n              <\/div>\n              <div class=\"u-align-justify u-container-style u-layout-cell u-size-36 u-layout-cell-2\">\n                <div class=\"u-container-layout u-container-layout-2\">\n                  <h2 class=\"u-text u-text-grey-75 u-text-2\">Una storia&nbsp;<\/h2>\n                  <p class=\"u-text u-text-default u-text-grey-75 u-text-3\"> L'idea delle statistiche digitali sulle catture \u00e8 nata nel 2016. <br>Antoni, studente dell'Universit\u00e0 di Friburgo (CH), era infastidito dall'inefficiente libretto di statistiche cartaceo. \"Una cosa del genere dovrebbe essere digitalizzata, e tramite un'applicazione mobile\". <br>\n                    <br>Insieme a Mario Baumgartner e all'Istituto iimt, il primo prototipo \u00e8 stato sviluppato in poche settimane e ha gi\u00e0 riscosso l'entusiasmo dei primi cantoni. Il Cantone dei Grigioni ha deciso di condurre una fase di test con il giovane team e la \"app per la pesca\" \u00e8 stata un successo. Durante la fase di test sono state aggiunte ulteriori funzioni e sono stati risolti i soliti problemi minori. \u00c8 stato preparato il roll-out. La prima fase \u00e8 stata raggiunta nel 2018 e l'\"app per la pesca\" \u00e8 diventata ufficialmente la prima statistica digitale delle catture. <br>\n                    <br>Nel corso del tempo si \u00e8 tenuto conto dei feedback dei cantoni e degli utenti e l'applicazione \u00e8 stata costantemente arricchita di nuove funzioni. In questo modo \u00e8 stato possibile sviluppare un'applicazione sempre pi\u00f9 completa, che convince sia i pescatori che le autorit\u00e0. <br>\n                    <br>Nel 2019 e nel 2020 altri cantoni sono stati conquistati e hanno introdotto l'app di pesca. Ora possiamo contare su un'ampia base di clienti e siamo felici di ogni ulteriore amministrazione della pesca che riusciamo a convincere e ispirare. Ci\u00f2 che \u00e8 iniziato in Svizzera sta funzionando anche a livello internazionale e sta per essere introdotto nei primi Paesi europei. <br>\n                    <br>Nel 2022, abbiamo rinominato la \"Fisheries App\" in \"Fishven\", abbreviazione di Fish Venture (movimento\/progetto). Ci\u00f2 \u00e8 dovuto al fatto che ora combiniamo un'ampia gamma di soluzioni digitali relative alla gestione della pesca, in particolare un'app mobile per l'ispezione del pesce, per i pescatori professionisti e una piattaforma amministrativa come elemento integrativo.<br>\n                    <br>Oltre al continuo sviluppo di soluzioni applicative digitali ed efficienti, la nostra visione \u00e8 l'integrazione di diverse fonti di dati relativi al tema della biodiversit\u00e0 acquatica\/pesca. La consideriamo la base per una gestione attiva della situazione. Ci\u00f2 consente alle amministrazioni della pesca di analizzare e valutare tempestivamente la situazione dei corpi idrici e, se necessario, di adottare misure. A medio termine, ci\u00f2 consentir\u00e0 un monitoraggio e una rendicontazione standardizzati. Idealmente, con \"Fishven\" contribuiremo a rendere la biodiversit\u00e0 misurabile, visualizzabile e comparabile in modo standardizzato.<br>\n                  <\/p>\n                <\/div>\n              <\/div>\n            <\/div>\n          <\/div>\n        <\/div>\n      <\/div>\n    <\/section>","protected":false},"excerpt":{"rendered":"<p>Vogliamo utilizzare un monitoraggio efficace e un'integrazione completa dei dati per riorganizzare la gestione della pesca e delle acque interne I nostri valori La sostenibilit\u00e0 \u00e8 vita.  Consideriamo la biodiversit\u00e0 attraverso una gestione sostenibile del pesce e delle acque come una responsabilit\u00e0 per la societ\u00e0. Diamo un contributo attivo.    Un \"noi\" autentico.  Per noi la migliore performance e la motivazione sono in armonia. ... <a href=\"https:\/\/www.fishven.com\/it\/su-fishven\/\" class=\"more-link\">Continua a leggere<span class=\"screen-reader-text\"> \"Chi siamo\"<\/span><\/a><\/p>","protected":false},"author":1,"featured_media":0,"parent":0,"menu_order":0,"comment_status":"closed","ping_status":"closed","template":"","meta":{"footnotes":""},"class_list":["post-116","page","type-page","status-publish","hentry"],"_links":{"self":[{"href":"https:\/\/www.fishven.com\/it\/wp-json\/wp\/v2\/pages\/116","targetHints":{"allow":["GET"]}}],"collection":[{"href":"https:\/\/www.fishven.com\/it\/wp-json\/wp\/v2\/pages"}],"about":[{"href":"https:\/\/www.fishven.com\/it\/wp-json\/wp\/v2\/types\/page"}],"author":[{"embeddable":true,"href":"https:\/\/www.fishven.com\/it\/wp-json\/wp\/v2\/users\/1"}],"replies":[{"embeddable":true,"href":"https:\/\/www.fishven.com\/it\/wp-json\/wp\/v2\/comments?post=116"}],"version-history":[{"count":41,"href":"https:\/\/www.fishven.com\/it\/wp-json\/wp\/v2\/pages\/116\/revisions"}],"predecessor-version":[{"id":903,"href":"https:\/\/www.fishven.com\/it\/wp-json\/wp\/v2\/pages\/116\/revisions\/903"}],"wp:attachment":[{"href":"https:\/\/www.fishven.com\/it\/wp-json\/wp\/v2\/media?parent=116"}],"curies":[{"name":"wp","href":"https:\/\/api.w.org\/{rel}","templated":true}]}}