{"id":273,"date":"2022-11-03T10:47:17","date_gmt":"2022-11-03T10:47:17","guid":{"rendered":"https:\/\/demo.fishven.com\/?page_id=273"},"modified":"2024-01-11T11:08:14","modified_gmt":"2024-01-11T11:08:14","slug":"impronta","status":"publish","type":"page","link":"https:\/\/www.fishven.com\/it\/impronta\/","title":{"rendered":"Impronta"},"content":{"rendered":"<section class=\"u-align-center u-clearfix u-image u-shading u-section-2\" src=\"\" id=\"sec-56a9\" data-image-width=\"18\" data-image-height=\"12\" style=\"background-image: linear-gradient(0deg, rgba(0, 0, 0, 0.15), rgba(0, 0, 0, 0.15)), url(&quot;https:\/\/www.fishven.com\/wp-content\/uploads\/2022\/11\/pexels-photo-247487.jpg&quot;);\">\n      <div class=\"u-clearfix u-sheet u-sheet-1\"><\/div>\n    <\/section>\n    <section class=\"u-align-center u-clearfix u-image u-image-tiles u-section-3\" id=\"sec-1558\" data-image-width=\"1024\" data-image-height=\"576\" style=\"background-image: url(&quot;https:\/\/www.fishven.com\/wp-content\/uploads\/2022\/11\/backgroundfishvensmall.png&quot;);\">\n      <div class=\"u-clearfix u-sheet u-sheet-1\">\n        <h1 class=\"u-align-left u-text u-text-1\">Impronta<\/h1>\n        <p class=\"u-align-left u-text u-text-2\">\n          <span style=\"font-weight: 700; font-size: 1.125rem;\">Indirizzo di contatto <\/span>\n          <br>\n          <br>Nobozo Lab GmbH<br>G\u00f6nhardweg 32 <br>5034 Suhr <br>Svizzera <br>\n          <br>E-mail: <br>contact@nobozolab.com <br>\n          <br>\n          <br>\n          <br>\n          <span style=\"font-weight: 700;\">Rappresentante\/i autorizzato\/i <\/span>\n          <br>Dr. Mario Baumgartner, Amministratore delegato <br>\n          <br>\n          <br>\n          <span style=\"font-weight: 700;\">Iscrizione al registro delle imprese <\/span>\n          <br>Nome della societ\u00e0 registrata: <br>Laboratorio Nobozo <br>\n          <br>Numero di azienda (UID): <br>UID CHE-462.897.815 <br>\n          <br>Numero di partita IVA <br>UID CHE-462.897.815 IVA <br>\n          <br>\n          <br>\n          <br>\n          <span style=\"font-weight: 700;\">Dichiarazione di non responsabilit\u00e0 <\/span>\n          <br>L'autore non si assume alcuna responsabilit\u00e0 in merito alla correttezza, all'accuratezza, all'attualit\u00e0, all'affidabilit\u00e0 e alla completezza delle informazioni. <br>Sono escluse le richieste di responsabilit\u00e0 nei confronti dell'autore per danni di natura materiale o immateriale derivanti dall'accesso, dall'uso o dal mancato uso delle informazioni pubblicate, dall'uso improprio della connessione o da guasti tecnici. <br>\n          <br>Tutte le offerte non sono vincolanti. L'autore si riserva espressamente il diritto di modificare, integrare o cancellare parti delle pagine o l'intera offerta senza preavviso o di interrompere temporaneamente o definitivamente la pubblicazione. Restano salvi gli obblighi di rimozione o di blocco dell'uso delle informazioni in conformit\u00e0 alla legislazione generale. Tuttavia, la responsabilit\u00e0 in questo senso \u00e8 possibile solo a partire dal momento in cui si viene a conoscenza di una specifica violazione. Non appena verremo a conoscenza di tali violazioni, provvederemo a rimuovere immediatamente tali contenuti. <br>\n          <br>\n          <br>\n          <br>\n          <span style=\"font-weight: 700;\">Disclaimer per i link <\/span>\n          <br>Il nostro sito web contiene link a siti esterni di terzi sui cui contenuti non abbiamo alcuna influenza. Pertanto, non ci assumiamo alcuna responsabilit\u00e0 per questi contenuti di terzi. Il rispettivo fornitore o gestore delle pagine \u00e8 sempre responsabile del contenuto delle pagine collegate. Le pagine collegate sono state controllate per verificare la presenza di eventuali violazioni legali al momento del collegamento. Al momento del collegamento non sono stati individuati contenuti illegali. Tuttavia, un controllo permanente del contenuto delle pagine collegate non \u00e8 ragionevole senza prove concrete di una violazione. Nel caso in cui venissimo a conoscenza di violazioni di legge, provvederemo a rimuovere immediatamente tali link. <br>\n          <br>\n          <br>\n          <span style=\"font-weight: 700;\">Copyright <\/span>\n          <br>I contenuti e le opere create dagli operatori del sito su queste pagine sono soggetti alla legge svizzera sul diritto d'autore. La riproduzione, la modifica, la distribuzione e qualsiasi tipo di utilizzo al di fuori dei limiti della legge sul copyright richiedono il consenso scritto del rispettivo autore o creatore. Download e copie di questo sito sono consentiti solo per uso privato e non commerciale. Nella misura in cui i contenuti di questo sito non sono stati creati dall'operatore, vengono rispettati i diritti d'autore di terzi. In particolare, i contenuti di terzi sono contrassegnati come tali. Se tuttavia doveste venire a conoscenza di una violazione del copyright, siete pregati di informarci. Qualora venissimo a conoscenza di violazioni, provvederemo a rimuovere immediatamente tali contenuti. <br>\n          <br>\n        <\/p>\n        <div class=\"u-align-left u-clearfix u-custom-html u-custom-html-1\">\n          <p>Utilizziamo icone piatte provenienti dalle seguenti fonti:&nbsp;<br>\n            <br><i>Gestione sostenibile della pesca per la biodiversit\u00e0<\/i>\n            <br> Immagine di copertina - <a href=\"https:\/\/www.pexels.com\/photo\/rocky-mountains-behind-lake-and-trees-5832871\/\" title=\"Montagne rocciose\">Montagne rocciose<\/a> da lil artsy <br> Monitoraggio end-to-end - \"Le app dei pescatori come fonte di dati sulla pesca sportiva: opportunit\u00e0, sfide e standard proposti\" (<a href=\"https:\/\/doi.org\/10.1111\/faf.12189\"> DOI<\/a>)<br>\n            <br><i>Piattaforma Fishven<\/i>\n            <br> Immagine di copertina - <a href=\"https:\/\/pixabay.com\/photos\/river-fishing-mountains-fisherman-5900547\/\" title=\"fiume-pesca-montagna-pescatore\">Pesca nel fiume, montagna, pescatore<\/a> da Sonyuser <br> Per saperne di pi\u00f9 <a href=\"https:\/\/www.pexels.com\/photo\/snow-covered-mountain-1428277\/\" title=\"montagna innevata\">Montagna innevata<\/a> da eberhard grossgasteiger <br> Funzioni di Fishven - <a href=\"https:\/\/pixabay.com\/photos\/pond-fishing-cherry-blossoms-water-4109750\/\" title=\"laghetto-pesca-ciliegia-fiori-acqua\">Pesca nello stagno fiori di ciliegio acqua<\/a> da yamabon <br>\n            <br><i>Applicazione digitale per le statistiche sulle catture<\/i>\n            <br> Immagine di copertina - <a href=\"https:\/\/pixabay.com\/photos\/sea-fishing-tranquil-calm-ocean-2565573\/\" title=\"Pesca tranquilla\">Pesca tranquilla<\/a> da jplenio <br>\n            <br><i>App per il monitoraggio dei pesci<\/i>\n            <br> Immagine di copertina - <a href=\"https:\/\/www.pexels.com\/photo\/man-fishing-848737\/\" title=\"pesca a uomo\">Uomo che pesca<\/a> di Darcy Lawrey <br>\n            <br><i>Strumento di amministrazione<\/i>\n            <br> Immagine di copertina - <a href=\"https:\/\/pixabay.com\/photos\/fishing-boat-fishing-rod-fishing-5541327\/\" title=\"Canna da pesca\">Canna da pesca<\/a> da K_Malik <br>\n            <br><i>Chi siamo<\/i>\n            <br> Immagine di copertina - <a href=\"https:\/\/pixabay.com\/\" title=\"Canna da pesca\">Foresta nella nebbia<\/a>\n            <br>\n            <br><i>Impronta<\/i>\n            <br> Immagine di copertina - <a href=\"https:\/\/www.pexels.com\/photo\/umbrella-against-sky-247487\/\" title=\"ombrello contro il cielo\">Umbreall contro il cielo<\/a> da Pixabay <br>\n            <br>\n          <\/p>\n        <\/div>\n        <div class=\"u-align-left u-clearfix u-custom-html u-custom-html-2\">\n          <p>Utilizziamo icone piatte provenienti dalle seguenti fonti:&nbsp;<br>\n            <a href=\"https:\/\/www.flaticon.com\/free-icons\/database\" title=\"icone del database\">Icone per database create da Bartama Graphic - Flaticon<\/a>\n            <br>\n            <a href=\"https:\/\/www.flaticon.com\/free-icons\/smartphone\" title=\"icone per smartphone\">Icone per smartphone create da Freepik - Flaticon<\/a>\n            <br>\n            <a href=\"https:\/\/www.flaticon.com\/free-icons\/top\" title=\"icone top\">Le migliori icone create da Yogi Aprelliyanto - Flaticon<\/a>\n            <br>\n            <a href=\"https:\/\/www.flaticon.com\/free-icons\/gauge\" title=\"icone del calibro\">Icone dell'indicatore create da Atif Arshad - Flaticon<\/a>\n            <br>\n            <a href=\"https:\/\/www.flaticon.com\/free-icons\/under-water\" title=\"icone sott&#039;acqua\">Icone sott'acqua create da Freepik - Flaticon<\/a>\n            <br>\n            <a href=\"https:\/\/www.flaticon.com\/free-icons\/files-and-folders\" title=\"icone di file e cartelle\">Icone di file e cartelle create da Made by Made Premium - Flaticon<\/a>\n            <br>\n            <a href=\"https:\/\/www.flaticon.com\/free-icons\/bar-chart\" title=\"icone dei grafici a barre\">Icone di grafici a barre create da Freepik - Flaticon<\/a>\n            <br>\n            <a href=\"https:\/\/www.flaticon.com\/free-icons\/fish\" title=\"icone di pesce\">Icone di pesce create da Those Icons - Flaticon<\/a>\n            <br>\n            <a href=\"https:\/\/www.flaticon.com\/free-icons\/arrows\" title=\"icone delle frecce\">Le icone delle frecce create da th studio - Flaticon<\/a>\n            <br>\n            <a href=\"https:\/\/www.flaticon.com\/free-icons\/risk\" title=\"icone di rischio\">Icone di rischio create da juicy_fish - Flaticon<\/a>\n          <\/p>\n        <\/div>\n      <\/div>\n    <\/section>","protected":false},"excerpt":{"rendered":"<p>Indirizzo di contatto Nobozo Lab GmbHG\u00f6nhardweg 32 5034 Suhr Svizzera E-Mail: contact@nobozolab.com Rappresentante\/i autorizzato\/i Dr Mario Baumgartner, Amministratore delegato Iscrizione al registro delle imprese Nome della societ\u00e0 registrata: Nobozo Lab N. societ\u00e0 (UID): UID CHE-462.897.815 Partita IVA UID CHE-462.897.815 IVA Esclusione di responsabilit\u00e0 L'autore non si assume alcuna responsabilit\u00e0 in merito alla correttezza, all'accuratezza, all'attualit\u00e0, all'affidabilit\u00e0 e alla completezza delle informazioni fornite. Le richieste di responsabilit\u00e0 nei confronti dell'autore a causa di materiale o ... <a href=\"https:\/\/www.fishven.com\/it\/impronta\/\" class=\"more-link\">Continua a leggere<span class=\"screen-reader-text\"> \u201eImpronta\u201c<\/span><\/a><\/p>","protected":false},"author":1,"featured_media":0,"parent":0,"menu_order":0,"comment_status":"closed","ping_status":"closed","template":"","meta":{"footnotes":""},"class_list":["post-273","page","type-page","status-publish","hentry"],"_links":{"self":[{"href":"https:\/\/www.fishven.com\/it\/wp-json\/wp\/v2\/pages\/273","targetHints":{"allow":["GET"]}}],"collection":[{"href":"https:\/\/www.fishven.com\/it\/wp-json\/wp\/v2\/pages"}],"about":[{"href":"https:\/\/www.fishven.com\/it\/wp-json\/wp\/v2\/types\/page"}],"author":[{"embeddable":true,"href":"https:\/\/www.fishven.com\/it\/wp-json\/wp\/v2\/users\/1"}],"replies":[{"embeddable":true,"href":"https:\/\/www.fishven.com\/it\/wp-json\/wp\/v2\/comments?post=273"}],"version-history":[{"count":12,"href":"https:\/\/www.fishven.com\/it\/wp-json\/wp\/v2\/pages\/273\/revisions"}],"predecessor-version":[{"id":885,"href":"https:\/\/www.fishven.com\/it\/wp-json\/wp\/v2\/pages\/273\/revisions\/885"}],"wp:attachment":[{"href":"https:\/\/www.fishven.com\/it\/wp-json\/wp\/v2\/media?parent=273"}],"curies":[{"name":"wp","href":"https:\/\/api.w.org\/{rel}","templated":true}]}}