{"id":92,"date":"2022-11-01T12:48:39","date_gmt":"2022-11-01T12:48:39","guid":{"rendered":"https:\/\/demo.fishven.com\/how-it-works\/"},"modified":"2022-11-28T14:10:59","modified_gmt":"2022-11-28T14:10:59","slug":"piattaforma-fishven","status":"publish","type":"page","link":"https:\/\/www.fishven.com\/it\/piattaforma-fishven\/","title":{"rendered":"Piattaforma Fishven"},"content":{"rendered":"<section class=\"u-clearfix u-image u-shading u-section-2\" id=\"sec-ff23\" data-image-width=\"1280\" data-image-height=\"855\" style=\"background-image: linear-gradient(0deg, rgba(0, 0, 0, 0.4), rgba(0, 0, 0, 0.4)), url(&quot;https:\/\/www.fishven.com\/wp-content\/uploads\/2022\/11\/bdcf33e247fcecee344a8736e03057e012e35dcc0a6a29cc1ddcadf512570a613681b2de4d3b0759b9067c9198586586dff73b74ecd247da67ba85_1280.jpg&quot;);\">\n      <div class=\"u-clearfix u-sheet u-sheet-1\">\n        <h2 class=\"u-custom-font u-font-playfair-display u-text u-text-body-alt-color u-text-1\" data-lang-en=\"Eine Plattform f\u00fcr eine nachhaltige und moderne Fischereiverwaltung.\">Una piattaforma per una gestione sostenibile e moderna della pesca<\/h2>\n      <\/div>\n    <\/section>\n    <section class=\"u-clearfix u-image u-image-tiles u-section-3\" id=\"sec-e625\" data-image-width=\"1024\" data-image-height=\"576\" style=\"background-image: url(&quot;https:\/\/www.fishven.com\/wp-content\/uploads\/2022\/11\/backgroundfishvensmall.png&quot;);\">\n      <div class=\"u-clearfix u-sheet u-sheet-1\">\n        <h1 class=\"u-text u-text-grey-75 u-text-1\" data-animation-name=\"customAnimationIn\" data-animation-duration=\"1750\" data-animation-out=\"0\" data-animation-delay=\"0\" data-lang-en=\"Fishven Plattform&amp;nbsp;\u200bkonsolidiert bisher heterogene Daten in einer zentralen Datenbank.&amp;nbsp;Bietet moderne Erfassungs-Applikationen f\u00fcr die unterschiedlichen Anwendergruppen. Erlaub effizientes Reporting und andere Verwaltungsaufgaben.<br>\">La piattaforma Fishven consolida dati precedentemente eterogenei in un database centrale. Offre moderne applicazioni di registrazione per i vari gruppi di utenti. Consente di realizzare report efficienti e di svolgere altre attivit\u00e0 amministrative.<br>\n        <\/h1>\n        <div class=\"u-clearfix u-expanded-width u-layout-wrap u-layout-wrap-1\">\n          <div class=\"u-layout\">\n            <div class=\"u-layout-row\">\n              <div class=\"u-container-style u-layout-cell u-size-40 u-layout-cell-1\" data-animation-name=\"customAnimationIn\" data-animation-duration=\"1500\" data-animation-delay=\"250\" data-animation-out=\"0\">\n                <div class=\"u-container-layout u-container-layout-1\">\n                  <img decoding=\"async\" class=\"u-expanded-width u-image u-image-contain u-image-default u-preserve-proportions u-image-1\" src=\"https:\/\/www.fishven.com\/wp-content\/uploads\/2022\/11\/platform-overview-fishven-flat-iconsv3.png\" alt=\"\" data-image-width=\"1080\" data-image-height=\"1200\">\n                  <img decoding=\"async\" class=\"u-align-center u-expanded-width u-image u-image-contain u-image-default u-preserve-proportions u-image-2\" src=\"https:\/\/www.fishven.com\/wp-content\/uploads\/2022\/11\/platformoverviewfishvenv2-3.png\" alt=\"\" data-image-width=\"1080\" data-image-height=\"1050\" data-animation-name=\"customAnimationIn\" data-animation-duration=\"2500\" data-animation-delay=\"750\">\n                <\/div>\n              <\/div>\n              <div class=\"u-container-style u-layout-cell u-size-20 u-layout-cell-2\" data-animation-name=\"customAnimationIn\" data-animation-duration=\"1500\" data-animation-delay=\"250\" data-animation-out=\"0\">\n                <div class=\"u-container-layout u-container-layout-2\">\n                  <p class=\"u-large-text u-text u-text-default-xl u-text-variant u-text-2\" data-animation-out=\"0\" data-lang-en=\"\u200bZahlreiche <span style=&quot;font-weight: 700;&quot;>Services <\/span>(Funktionen und Anwendungen) stehen f\u00fcr die t\u00e4glichen Fischereiverwaltungs-Aufgaben zur Verf\u00fcgung.<br><br><br>\u200bDie <span style=&quot;font-weight: 700;&quot;>Analyse <\/span>und <span style=&quot;font-weight: 700;&quot;>Workflow <\/span>Management&amp;nbsp;bietet effizente Prozess und Auswertungen zu den einzelnen Aufgabengebieten, z.B. Fangstatistik oder Schadensvorf\u00e4lle.<br><br><br>\u200bDer <span style=&quot;font-weight: 700;&quot;>Datenpool <\/span>integriert und verbindet verschiedene Daten und Quellen f\u00fcr eine homogene Basis.<br><br><br>\u200b\u200bEinbinden unterschiedlicher <span style=&quot;font-weight: 700;&quot;>Datenquellen&amp;nbsp;<\/span>von Flat Files und externen Datenbanken (u.a. csv, Access) oder von Fishven bereitgestellten Applikationen (z.B. Fangstatistik App)<br>\"> Numerosi <span style=\"font-weight: 700;\">Servizi <\/span>(funzioni e applicazioni) sono disponibili per le attivit\u00e0 quotidiane di gestione della pesca.<br>\n                    <br>\n                    <br> Il&nbsp;<span style=\"font-weight: 700;\">Analisi <\/span>e <span style=\"font-weight: 700;\">Flusso di lavoro <\/span>La gestione offre processi e analisi efficienti per le singole aree di responsabilit\u00e0, ad esempio per le statistiche sulle catture o sugli incidenti.<br>\n                    <br>\n                    <br> Il <span style=\"font-weight: 700;\">Pool di dati <\/span>integra e combina diversi dati e fonti in una base omogenea.<br>\n                    <br>\n                    <br> Integrazione di diversi <span style=\"font-weight: 700;\">Fonti di dati&nbsp;<\/span>da file flat e database esterni (ad es. csv, Access) o da applicazioni fornite da Fishven (ad es. app per le statistiche sulle catture)<br>\n                  <\/p>\n                <\/div>\n              <\/div>\n            <\/div>\n          <\/div>\n        <\/div>\n      <\/div>\n    <\/section>\n    <section class=\"skrollable u-clearfix u-image u-parallax u-section-4\" id=\"sec-9121\" data-image-width=\"1600\" data-image-height=\"1067\" style=\"background-image: url(&quot;https:\/\/www.fishven.com\/wp-content\/uploads\/2022\/11\/pexels-photo-1428277-3.jpeg&quot;);\">\n      <div class=\"u-clearfix u-sheet u-sheet-1\">\n        <h2 class=\"u-align-left u-text u-text-white u-text-1\" data-lang-en=\"Erfahren Sie mehr \u00fcber\">Per saperne di pi\u00f9<\/h2>\n        <div class=\"u-list u-list-1\">\n          <div class=\"u-repeater u-repeater-1\">\n            <div class=\"u-align-left u-container-style u-hover-feature u-list-item u-repeater-item u-shape-rectangle u-border-white u-border-2 u-list-item-1\" data-href=\"https:\/\/www.fishven.com\/digitale-fangstatistik-app\/\" title=\"Applicazione digitale per le statistiche sulle catture\">\n              <div class=\"u-container-layout u-similar-container u-valign-middle u-container-layout-1\">\n                <h4 class=\"u-align-center u-text u-text-white u-text-2\" data-lang-en=\"Fangstatistik App\">Applicazione per le statistiche di cattura<\/h4>\n              <\/div>\n            <\/div>\n            <div class=\"u-align-left u-container-style u-hover-feature u-list-item u-repeater-item u-shape-rectangle u-border-white u-border-2 u-list-item-2\" data-href=\"https:\/\/www.fishven.com\/fischaufsicht-app\/\" title=\"App per il monitoraggio dei pesci\">\n              <div class=\"u-container-layout u-similar-container u-valign-middle u-container-layout-2\">\n                <h4 class=\"u-align-center u-text u-text-white u-text-3\" data-lang-en=\"Fischaufsicht App\">App per il monitoraggio dei pesci<\/h4>\n              <\/div>\n            <\/div>\n            <div class=\"u-align-left u-container-style u-hover-feature u-list-item u-repeater-item u-shape-rectangle u-border-white u-border-2 u-list-item-3\" data-href=\"https:\/\/www.fishven.com\/administrations-tool\/\">\n              <div class=\"u-container-layout u-similar-container u-valign-middle u-container-layout-3\">\n                <h4 class=\"u-align-center u-text u-text-white u-text-4\" data-lang-en=\"Administration Tool\">Strumento di amministrazione<\/h4>\n              <\/div>\n            <\/div>\n          <\/div>\n        <\/div>\n      <\/div>\n      \n      \n      \n    <\/section>\n    <section class=\"u-align-center-lg u-align-center-md u-align-center-xl u-align-left-sm u-align-left-xs u-clearfix u-image u-image-tiles u-section-5\" id=\"sec-3793\" data-image-width=\"1024\" data-image-height=\"576\" style=\"background-image: url(&quot;https:\/\/www.fishven.com\/wp-content\/uploads\/2022\/11\/backgroundfishvensmall.png&quot;);\">\n      <div class=\"u-clearfix u-sheet u-sheet-1\">\n        <h1 class=\"u-align-left u-text u-text-grey-75 u-text-1\" data-lang-en=\"\u200b\u200bDie Fishven Plattform bietet fischereiverwaltungs-spezifische Elemente sowie strategische und operative Funktionalit\u00e4ten.\"> La piattaforma Fishven offre elementi specifici per la gestione della pesca e funzionalit\u00e0 strategiche e operative.<\/h1>\n        <div class=\"u-clearfix u-expanded-width u-gutter-10 u-layout-wrap u-layout-wrap-1\">\n          <div class=\"u-gutter-0 u-layout\">\n            <div class=\"u-layout-row\">\n              <div class=\"u-size-20 u-size-30-md\">\n                <div class=\"u-layout-col\">\n                  <div class=\"u-align-left u-container-style u-layout-cell u-left-cell u-size-20 u-layout-cell-1\">\n                    <div class=\"u-container-layout u-valign-top u-container-layout-1\">\n                      <h3 class=\"u-text u-text-default u-text-grey-75 u-text-2\" data-lang-en=\"Eine Plattform\">Una piattaforma<\/h3>\n                      <p class=\"u-text u-text-grey-75 u-text-3\" data-lang-en=\"\u200bPlattform f\u00fcr \u00dcberwachung, Analyse und Ma\u00dfnahmen zur aktiven Pflege und Verwaltung von Wasserlebewesen. Die Integration verschiedener Datenquellen erm\u00f6glicht eine ganzheitliche Sicht auf moderne Fsichereiverwaltungs-Aufgaben. Au\u00dferdem k\u00f6nnen verschiedene Funktionen genutzt werden, um individuelle Bed\u00fcrfnisse zu erf\u00fcllen.\"> Piattaforma per il monitoraggio, l'analisi e l'adozione di misure per la cura e la gestione attiva della vita acquatica. L'integrazione di diverse fonti di dati consente una visione olistica delle moderne attivit\u00e0 di gestione della pesca. Inoltre, \u00e8 possibile utilizzare diverse funzioni per soddisfare le esigenze individuali.<\/p>\n                    <\/div>\n                  <\/div>\n                  <div class=\"u-align-left u-container-style u-layout-cell u-left-cell u-size-20 u-layout-cell-2\">\n                    <div class=\"u-container-layout u-valign-top u-container-layout-2\">\n                      <h3 class=\"u-text u-text-default u-text-grey-75 u-text-4\" data-lang-en=\"Biodiversit\u00e4t\">Biodiversit\u00e0<\/h3>\n                      <p class=\"u-text u-text-grey-75 u-text-5\" data-lang-en=\"\u200bDer eingebaute Biodiversit\u00e4tsindikator hilft bei der Messung und \u00dcberwachung von Belastungen oder Bedrohungen, des Zustands von Fischen und \u00d6kosystemen und der Erhaltungsma\u00dfnahmen f\u00fcr einzelne und gesamte Gew\u00e4sser, z. B. dem Schutz wichtiger Gebiete.\"> L'indicatore di biodiversit\u00e0 integrato aiuta a misurare e monitorare le pressioni o le minacce, lo stato dei pesci e degli ecosistemi e le misure di conservazione per i singoli corpi idrici e per quelli interi, ad esempio la protezione di aree importanti.<\/p>\n                    <\/div>\n                  <\/div>\n                  <div class=\"u-align-left u-container-style u-layout-cell u-left-cell u-size-20 u-layout-cell-3\">\n                    <div class=\"u-container-layout u-valign-top u-container-layout-3\">\n                      <h3 class=\"u-text u-text-default u-text-grey-75 u-text-6\" data-lang-en=\"Verordnungen\">Regolamenti<\/h3>\n                      <p class=\"u-text u-text-grey-75 u-text-7\" data-lang-en=\"\u200bAbdeckung der gew\u00e4sserbezogene gesetzlichen Regelungen und Fischereiverordnungen. Einbindung in den Prozess bzw. Kommunikation an Fischer*innen (z.B. Einhaltung eines Fangfensters oder Saisonstart)\"> Copertura delle norme giuridiche relative all'acqua e dei regolamenti di pesca. Coinvolgimento nel processo e comunicazione ai pescatori (ad esempio, rispetto di una finestra di pesca o dell'inizio della stagione).<\/p>\n                    <\/div>\n                  <\/div>\n                <\/div>\n              <\/div>\n              <div class=\"u-size-20 u-size-30-md\">\n                <div class=\"u-layout-row\">\n                  <div class=\"u-align-left u-container-style u-image u-layout-cell u-size-60 u-image-1\" src=\"\" data-image-width=\"1280\" data-image-height=\"852\" style=\"background-image: url(&quot;https:\/\/www.fishven.com\/wp-content\/uploads\/2022\/11\/f2f5dc77f154b8d09f7234dfe02f1bf4e4222f9e8cfeb38284633cf7e0f506ab4c57626fc3cf41d2b8c58a4a78910453d1f799ca9e9d17d97394dc_1280.jpg&quot;);\">\n                    <div class=\"u-container-layout u-valign-top u-container-layout-4\" src=\"\"><\/div>\n                  <\/div>\n                <\/div>\n              <\/div>\n              <div class=\"u-size-20 u-size-60-md\">\n                <div class=\"u-layout-col\">\n                  <div class=\"u-align-left u-container-style u-layout-cell u-right-cell u-size-20 u-layout-cell-5\">\n                    <div class=\"u-container-layout u-valign-top u-container-layout-5\">\n                      <h3 class=\"u-text u-text-default u-text-grey-75 u-text-8\" data-lang-en=\"Fischereiverwaltung\">Gestione della pesca<\/h3>\n                      <p class=\"u-text u-text-grey-75 u-text-9\" data-lang-en=\"\u200bUmfassende Funktionen, z. B. Fangstatistiken, Besatz, Schadensvorf\u00e4lle,<br>und Fischbewegungen. Dank der Datenintegration und der verschiedenen Auswertungsm\u00f6glichkeiten k\u00f6nnen sofort Ma\u00dfnahmen eingeleitet und mittelfristige Entwicklungen erkannt werden.&amp;nbsp; Betreiber k\u00f6nnen direkt \u00fcber Push-Nachrichten informieren.\"> Funzioni complete, ad esempio statistiche sulle catture, ripopolamenti, incidenti di danni, <br>e i movimenti dei pesci. Grazie all'integrazione dei dati e alle varie opzioni di valutazione, \u00e8 possibile avviare immediatamente le misure e riconoscere gli sviluppi a medio termine.  Gli operatori possono essere informati direttamente tramite notifiche push.\n                      <\/p>\n                    <\/div>\n                  <\/div>\n                  <div class=\"u-align-left u-container-style u-layout-cell u-right-cell u-size-20 u-layout-cell-6\">\n                    <div class=\"u-container-layout u-valign-top u-container-layout-6\">\n                      <h3 class=\"u-text u-text-default u-text-grey-75 u-text-10\" data-lang-en=\"Modulare Struktur\">Struttura modulare<\/h3>\n                      <p class=\"u-text u-text-grey-75 u-text-11\" data-lang-en=\"\u200bJede Funktion in der Fishven Plattform kann als Modul aktiviert werden. Damit erhalten Sie eine individuell, zugeschnitte L\u00f6sung f\u00fcr die Entscheidungsfindung - wo sie es brauchen.\"> Ogni funzione della piattaforma Fishven pu\u00f2 essere attivata come modulo. In questo modo si ottiene una soluzione personalizzata e su misura per il processo decisionale - dove serve.<\/p>\n                    <\/div>\n                  <\/div>\n                  <div class=\"u-align-left u-container-style u-layout-cell u-right-cell u-size-20 u-layout-cell-7\">\n                    <div class=\"u-container-layout u-container-layout-7\">\n                      <h3 class=\"u-text u-text-default u-text-grey-75 u-text-12\" data-lang-en=\"Qualit\u00e4t\">qualit\u00e0<\/h3>\n                      <p class=\"u-text u-text-grey-75 u-text-13\" data-lang-en=\"\u200bUnser erfahrenes Projekt- und Entwicklerteam ist auf die Anforderungen von Beh\u00f6rden und Organisationen spezialisiert. Die neuesten Sicherheitsstandards und das Datenmanagement nach DSGVO werden eingehalten. Das System bietet eine modulare und standardisierte IT-Infrastruktur und modernste Technologie inklusive API-F\u00e4higkeit.&amp;nbsp;\"> Il nostro team esperto di progetti e sviluppo \u00e8 specializzato nei requisiti delle autorit\u00e0 e delle organizzazioni pubbliche. Vengono rispettati i pi\u00f9 recenti standard di sicurezza e la gestione dei dati in conformit\u00e0 al GDPR. Il sistema offre un'infrastruttura IT modulare e standardizzata e una tecnologia all'avanguardia, compresa la funzionalit\u00e0 API.&nbsp;<\/p>\n                    <\/div>\n                  <\/div>\n                <\/div>\n              <\/div>\n            <\/div>\n          <\/div>\n        <\/div>\n      <\/div>\n    <\/section>","protected":false},"excerpt":{"rendered":"<p>Una piattaforma per una gestione sostenibile e moderna della pesca La piattaforma Fishven consolida dati precedentemente eterogenei in un database centrale. Offre moderne applicazioni di registrazione per i vari gruppi di utenti. Consente di redigere rapporti efficienti e di svolgere altre attivit\u00e0 amministrative. Sono disponibili numerosi servizi (funzioni e applicazioni) per le attivit\u00e0 quotidiane di gestione della pesca. La gestione dell'analisi e del flusso di lavoro offre processi e analisi efficienti per ... <a href=\"https:\/\/www.fishven.com\/it\/piattaforma-fishven\/\" class=\"more-link\">Continua a leggere<span class=\"screen-reader-text\"> \"Piattaforma Fishven\"<\/span><\/a><\/p>","protected":false},"author":1,"featured_media":0,"parent":0,"menu_order":3,"comment_status":"closed","ping_status":"closed","template":"","meta":{"footnotes":""},"class_list":["post-92","page","type-page","status-publish","hentry"],"_links":{"self":[{"href":"https:\/\/www.fishven.com\/it\/wp-json\/wp\/v2\/pages\/92","targetHints":{"allow":["GET"]}}],"collection":[{"href":"https:\/\/www.fishven.com\/it\/wp-json\/wp\/v2\/pages"}],"about":[{"href":"https:\/\/www.fishven.com\/it\/wp-json\/wp\/v2\/types\/page"}],"author":[{"embeddable":true,"href":"https:\/\/www.fishven.com\/it\/wp-json\/wp\/v2\/users\/1"}],"replies":[{"embeddable":true,"href":"https:\/\/www.fishven.com\/it\/wp-json\/wp\/v2\/comments?post=92"}],"version-history":[{"count":87,"href":"https:\/\/www.fishven.com\/it\/wp-json\/wp\/v2\/pages\/92\/revisions"}],"predecessor-version":[{"id":737,"href":"https:\/\/www.fishven.com\/it\/wp-json\/wp\/v2\/pages\/92\/revisions\/737"}],"wp:attachment":[{"href":"https:\/\/www.fishven.com\/it\/wp-json\/wp\/v2\/media?parent=92"}],"curies":[{"name":"wp","href":"https:\/\/api.w.org\/{rel}","templated":true}]}}